{"id":115,"date":"2017-09-05T21:31:32","date_gmt":"2017-09-05T21:31:32","guid":{"rendered":"http:\/\/harspinceszet.hu\/boraszat\/?page_id=115"},"modified":"2021-03-17T20:40:51","modified_gmt":"2021-03-17T20:40:51","slug":"olaszrizling","status":"publish","type":"page","link":"https:\/\/harspinceszet.hu\/boraszat\/olaszrizling\/","title":{"rendered":"Olaszrizling"},"content":{"rendered":"<p><span class=\"sectionwine\"><img decoding=\"async\" class=\"size-medium wp-image-854 alignleft\" src=\"https:\/\/harspinceszet.hu\/boraszat\/wp-content\/uploads\/2017\/09\/or-78x300.png\" alt=\"\" width=\"78\" height=\"300\" srcset=\"https:\/\/harspinceszet.hu\/boraszat\/wp-content\/uploads\/2017\/09\/or-78x300.png 78w, https:\/\/harspinceszet.hu\/boraszat\/wp-content\/uploads\/2017\/09\/or-300x1158.png 300w, https:\/\/harspinceszet.hu\/boraszat\/wp-content\/uploads\/2017\/09\/or-400x1544.png 400w, https:\/\/harspinceszet.hu\/boraszat\/wp-content\/uploads\/2017\/09\/or-265x1024.png 265w, https:\/\/harspinceszet.hu\/boraszat\/wp-content\/uploads\/2017\/09\/or-398x1536.png 398w, https:\/\/harspinceszet.hu\/boraszat\/wp-content\/uploads\/2017\/09\/or.png 456w\" sizes=\"(max-width: 78px) 100vw, 78px\" \/> <\/span><\/p>\n<p style=\"padding-left: 160px;\"><span class=\"sectionwine\">Magyarorsz\u00e1gon a feh\u00e9rbort ad\u00f3 fajt\u00e1k k\u00f6z\u00fcl legelterjedtebb az Olaszrizling. Ma m\u00e1r Magyarorsz\u00e1gon \u0151shonosnak sz\u00e1m\u00edt, \u0151 a magyar polg\u00e1r.<\/span><\/p>\n<p style=\"padding-left: 160px;\">Bora enyh\u00e9n rezedaillat\u00fa, keser\u0171 mandul\u00e1ra eml\u00e9keztet\u0151. \u00dcde, z\u00f6ld-feh\u00e9r sz\u00edne, a t\u00fczes zamata teszi a sz\u00e1raz borok k\u00f6z\u00f6tt az egyik legn\u00e9pszer\u0171bb\u00e9.<\/p>\n<p style=\"padding-left: 160px;\">A mediterr\u00e1n hat\u00e1soknak k\u00f6sz\u00f6nhet\u0151en savai lekerekedettek, kedvez\u0151 \u00e9vj\u00e1ratokban k\u00fcl\u00f6nleges min\u0151s\u00e9get ad.<\/p>\n<p style=\"padding-left: 160px;\">M\u00e1rai S\u00e1ndor \u00edr\u00f3 szerint az &#8222;olaszrizling simas\u00e1g\u00e1n \u00e9rzik m\u00e9g a latinos m\u0171velts\u00e9g \u00e9s sz\u0151l\u0151kult\u00fara, Pann\u00f3nia pall\u00e9rozotts\u00e1ga. Az olasznak nevezett magyar rizlingben van valamilyen otthonos bizalmass\u00e1g: az ember \u00fagy issza, mint mikor rokonokkal besz\u00e9l.&#8221;<\/p>\n<p style=\"padding-left: 160px;\"><img decoding=\"async\" class=\"tropy\" src=\"http:\/\/www.harspinceszet.hu\/uj\/icons\/trophy-27824_640.png\" alt=\"\" width=\"30\" height=\"30\" border=\"0\" \/><a title=\"Szajki Olaszrizling\" href=\"http:\/\/www.pecsiborozo.hu\/blog\/top25_bor_del-pannoniabol\" target=\"_parent\" rel=\"noopener\">Pannon Borr\u00e9gi\u00f3 TOP25 2010 | Olaszrizling 2009 | Legharmonikusabb feh\u00e9rbor<\/a><\/p>\n<p style=\"padding-left: 160px;\"><img decoding=\"async\" class=\"tropy\" src=\"http:\/\/www.harspinceszet.hu\/uj\/icons\/trophy-27824_640.png\" alt=\"\" width=\"30\" height=\"30\" border=\"0\" \/> <a title=\"Szajki Olaszrizling\" href=\"http:\/\/www.wineworld.hu\/hir.php?action=shownews&amp;id=706\" target=\"_parent\" rel=\"noopener\">I. Pusztai Bioborverseny 2007 | Szajki Olaszrizling 2006 | II. hely<\/a><\/p>\n<p style=\"padding-left: 160px;\">\n","protected":false},"excerpt":{"rendered":"<p class=\"excerpt\">Magyarorsz\u00e1gon a feh\u00e9rbort ad\u00f3 fajt\u00e1k k\u00f6z\u00fcl legelterjedtebb az Olaszrizling. Ma m\u00e1r Magyarorsz\u00e1gon \u0151shonosnak sz\u00e1m\u00edt, \u0151 a magyar polg\u00e1r. Bora enyh\u00e9n rezedaillat\u00fa, keser\u0171 mandul\u00e1ra eml\u00e9keztet\u0151. \u00dcde, z\u00f6ld-feh\u00e9r sz\u00edne, a t\u00fczes zamata teszi a sz\u00e1raz borok k\u00f6z\u00f6tt az egyik legn\u00e9pszer\u0171bb\u00e9. A mediterr\u00e1n hat\u00e1soknak k\u00f6sz\u00f6nhet\u0151en savai lekerekedettek, kedvez\u0151 \u00e9vj\u00e1ratokban k\u00fcl\u00f6nleges min\u0151s\u00e9get ad. M\u00e1rai S\u00e1ndor \u00edr\u00f3 szerint az &#8222;olaszrizling [&hellip;]<\/p>\n","protected":false},"author":1,"featured_media":0,"parent":0,"menu_order":0,"comment_status":"closed","ping_status":"closed","template":"","meta":{"_monsterinsights_skip_tracking":false,"_monsterinsights_sitenote_active":false,"_monsterinsights_sitenote_note":"","_monsterinsights_sitenote_category":0,"footnotes":""},"class_list":["post-115","page","type-page","status-publish","hentry"],"_links":{"self":[{"href":"https:\/\/harspinceszet.hu\/boraszat\/wp-json\/wp\/v2\/pages\/115","targetHints":{"allow":["GET"]}}],"collection":[{"href":"https:\/\/harspinceszet.hu\/boraszat\/wp-json\/wp\/v2\/pages"}],"about":[{"href":"https:\/\/harspinceszet.hu\/boraszat\/wp-json\/wp\/v2\/types\/page"}],"author":[{"embeddable":true,"href":"https:\/\/harspinceszet.hu\/boraszat\/wp-json\/wp\/v2\/users\/1"}],"replies":[{"embeddable":true,"href":"https:\/\/harspinceszet.hu\/boraszat\/wp-json\/wp\/v2\/comments?post=115"}],"version-history":[{"count":4,"href":"https:\/\/harspinceszet.hu\/boraszat\/wp-json\/wp\/v2\/pages\/115\/revisions"}],"predecessor-version":[{"id":958,"href":"https:\/\/harspinceszet.hu\/boraszat\/wp-json\/wp\/v2\/pages\/115\/revisions\/958"}],"wp:attachment":[{"href":"https:\/\/harspinceszet.hu\/boraszat\/wp-json\/wp\/v2\/media?parent=115"}],"curies":[{"name":"wp","href":"https:\/\/api.w.org\/{rel}","templated":true}]}}