{"id":122,"date":"2017-09-06T16:00:57","date_gmt":"2017-09-06T16:00:57","guid":{"rendered":"http:\/\/harspinceszet.hu\/boraszat\/?page_id=122"},"modified":"2021-03-17T20:11:54","modified_gmt":"2021-03-17T20:11:54","slug":"chardonnay","status":"publish","type":"page","link":"https:\/\/harspinceszet.hu\/boraszat\/chardonnay\/","title":{"rendered":"Chardonnay"},"content":{"rendered":"<p><img decoding=\"async\" class=\"size-medium wp-image-864 alignleft\" style=\"font-size: 16px;\" src=\"https:\/\/harspinceszet.hu\/boraszat\/wp-content\/uploads\/2017\/09\/ch-78x300.png\" alt=\"\" width=\"78\" height=\"300\" srcset=\"https:\/\/harspinceszet.hu\/boraszat\/wp-content\/uploads\/2017\/09\/ch-78x300.png 78w, https:\/\/harspinceszet.hu\/boraszat\/wp-content\/uploads\/2017\/09\/ch-300x1158.png 300w, https:\/\/harspinceszet.hu\/boraszat\/wp-content\/uploads\/2017\/09\/ch-400x1544.png 400w, https:\/\/harspinceszet.hu\/boraszat\/wp-content\/uploads\/2017\/09\/ch-265x1024.png 265w, https:\/\/harspinceszet.hu\/boraszat\/wp-content\/uploads\/2017\/09\/ch-398x1536.png 398w, https:\/\/harspinceszet.hu\/boraszat\/wp-content\/uploads\/2017\/09\/ch.png 456w\" sizes=\"(max-width: 78px) 100vw, 78px\" \/><\/p>\n<p style=\"padding-left: 160px;\"><span class=\"sectionwine\">Fr<\/span>ancia eredet\u0171, Burgundia nagy feh\u00e9rborainak kiz\u00e1r\u00f3lagos sz\u0151l\u0151fajt\u00e1ja. Ez a sz\u0151l\u0151 adja a h\u00edres francia pezsg\u0151k egyik alapbor\u00e1t is.<\/p>\n<p style=\"padding-left: 160px;\">A kor\u00e1n sz\u00fcretelt Chardonnay bora friss sz\u00e9n\u00e1ra eml\u00e9keztet\u0151, finom, eleg\u00e1ns illattal \u00e9s \u00e9l\u00e9nk, j\u00e1t\u00e9kos savakkal rendelkezik. Teljes \u00e9r\u00e9sben sz\u00fcretelve, megfelel\u0151 klimatikus viszonyok k\u00f6z\u00f6tt gazdag \u00e9s eleg\u00e1ns savk\u00e9pet mutat.<\/p>\n<p style=\"padding-left: 160px;\">Illata z\u00f6ldalma- \u00e9s t\u0171zk\u0151illat, n\u00e9ha f\u00fcstre eml\u00e9keztet. \u00cdzjegyei: \u00e9rett s\u00e1rgadinnye, m\u00e9z, \u00e9rett born\u00e1l a vajass\u00e1g.<\/p>\n<p style=\"padding-left: 160px;\">Rendk\u00edv\u00fcl eleg\u00e1ns bor, sok\u00e1ig \u00e9rlelhet\u0151, fejl\u0151d\u0151k\u00e9pes, egyenletesen felfel\u00e9 \u00edvel\u0151 min\u0151s\u00e9gre k\u00e9pes, ez\u00e9rt v\u00e1lt a vil\u00e1g egyik legkedveltebb bor\u00e1v\u00e1.<\/p>\n<p style=\"padding-left: 80px;\">\n","protected":false},"excerpt":{"rendered":"<p class=\"excerpt\">Francia eredet\u0171, Burgundia nagy feh\u00e9rborainak kiz\u00e1r\u00f3lagos sz\u0151l\u0151fajt\u00e1ja. Ez a sz\u0151l\u0151 adja a h\u00edres francia pezsg\u0151k egyik alapbor\u00e1t is. A kor\u00e1n sz\u00fcretelt Chardonnay bora friss sz\u00e9n\u00e1ra eml\u00e9keztet\u0151, finom, eleg\u00e1ns illattal \u00e9s \u00e9l\u00e9nk, j\u00e1t\u00e9kos savakkal rendelkezik. Teljes \u00e9r\u00e9sben sz\u00fcretelve, megfelel\u0151 klimatikus viszonyok k\u00f6z\u00f6tt gazdag \u00e9s eleg\u00e1ns savk\u00e9pet mutat. Illata z\u00f6ldalma- \u00e9s t\u0171zk\u0151illat, n\u00e9ha f\u00fcstre eml\u00e9keztet. \u00cdzjegyei: \u00e9rett [&hellip;]<\/p>\n","protected":false},"author":1,"featured_media":0,"parent":0,"menu_order":0,"comment_status":"closed","ping_status":"closed","template":"","meta":{"_monsterinsights_skip_tracking":false,"_monsterinsights_sitenote_active":false,"_monsterinsights_sitenote_note":"","_monsterinsights_sitenote_category":0,"footnotes":""},"class_list":["post-122","page","type-page","status-publish","hentry"],"_links":{"self":[{"href":"https:\/\/harspinceszet.hu\/boraszat\/wp-json\/wp\/v2\/pages\/122","targetHints":{"allow":["GET"]}}],"collection":[{"href":"https:\/\/harspinceszet.hu\/boraszat\/wp-json\/wp\/v2\/pages"}],"about":[{"href":"https:\/\/harspinceszet.hu\/boraszat\/wp-json\/wp\/v2\/types\/page"}],"author":[{"embeddable":true,"href":"https:\/\/harspinceszet.hu\/boraszat\/wp-json\/wp\/v2\/users\/1"}],"replies":[{"embeddable":true,"href":"https:\/\/harspinceszet.hu\/boraszat\/wp-json\/wp\/v2\/comments?post=122"}],"version-history":[{"count":4,"href":"https:\/\/harspinceszet.hu\/boraszat\/wp-json\/wp\/v2\/pages\/122\/revisions"}],"predecessor-version":[{"id":935,"href":"https:\/\/harspinceszet.hu\/boraszat\/wp-json\/wp\/v2\/pages\/122\/revisions\/935"}],"wp:attachment":[{"href":"https:\/\/harspinceszet.hu\/boraszat\/wp-json\/wp\/v2\/media?parent=122"}],"curies":[{"name":"wp","href":"https:\/\/api.w.org\/{rel}","templated":true}]}}