{"id":126,"date":"2017-09-06T16:01:55","date_gmt":"2017-09-06T16:01:55","guid":{"rendered":"http:\/\/harspinceszet.hu\/boraszat\/?page_id=126"},"modified":"2021-03-17T20:20:40","modified_gmt":"2021-03-17T20:20:40","slug":"szaraz-cirfandli","status":"publish","type":"page","link":"https:\/\/harspinceszet.hu\/boraszat\/szaraz-cirfandli\/","title":{"rendered":"Cirfandli"},"content":{"rendered":"<p><img decoding=\"async\" class=\"size-medium wp-image-342 alignleft\" src=\"https:\/\/harspinceszet.hu\/boraszat\/wp-content\/uploads\/2017\/09\/cirfandli_fe2-69x300.gif\" alt=\"\" width=\"69\" height=\"300\" \/><\/p>\n<p style=\"padding-left: 160px;\"><span style=\"font-size: 16px;\">Magyarorsz\u00e1gon csak P\u00e9cs k\u00f6rny\u00e9k\u00e9n tal\u00e1lhat\u00f3, a borvid\u00e9k z\u00e1szl\u00f3s bora. Am\u00edg t\u0151k\u00e9n van ny\u0171g\u00f6s \u00e9s mosolytalan, sok t\u00f6r\u0151d\u00e9st ig\u00e9nyel. Neh\u00e9z termeszteni, ez\u00e9rt kev\u00e9s is van bel\u0151le, de kiv\u00e9teles esztend\u0151kben tokajit k\u00f6rny\u00e9kez\u0151 asz\u00fat aj\u00e1nd\u00e9koz.<\/span><\/p>\n<p style=\"padding-left: 160px;\">Jellegzetesen karakteres \u00edz- \u00e9s illatvil\u00e1g\u00fa, semmi m\u00e1ssal \u00f6ssze nem hasonl\u00edthat\u00f3 bor. Jellemz\u0151je a sz\u00e1raz vir\u00e1gcsokorra \u00e9s aszalv\u00e1ny \u00edzekre eml\u00e9keztet\u0151 illat, benne kajszi \u00e9s \u0151szibarack \u00e9s egy \u00e9rint\u00e9snyi doh\u00e1ny is. Sz\u00edne t\u00f6bbnyire aranys\u00e1rga, z\u00f6ld \u00e1rnyalatokkal, \u00edze jellegzetesen f\u0171szeres.<\/p>\n<p style=\"padding-left: 160px;\">\n<p style=\"padding-left: 120px;\">\n","protected":false},"excerpt":{"rendered":"<p class=\"excerpt\">Magyarorsz\u00e1gon csak P\u00e9cs k\u00f6rny\u00e9k\u00e9n tal\u00e1lhat\u00f3, a borvid\u00e9k z\u00e1szl\u00f3s bora. Am\u00edg t\u0151k\u00e9n van ny\u0171g\u00f6s \u00e9s mosolytalan, sok t\u00f6r\u0151d\u00e9st ig\u00e9nyel. Neh\u00e9z termeszteni, ez\u00e9rt kev\u00e9s is van bel\u0151le, de kiv\u00e9teles esztend\u0151kben tokajit k\u00f6rny\u00e9kez\u0151 asz\u00fat aj\u00e1nd\u00e9koz. Jellegzetesen karakteres \u00edz- \u00e9s illatvil\u00e1g\u00fa, semmi m\u00e1ssal \u00f6ssze nem hasonl\u00edthat\u00f3 bor. Jellemz\u0151je a sz\u00e1raz vir\u00e1gcsokorra \u00e9s aszalv\u00e1ny \u00edzekre eml\u00e9keztet\u0151 illat, benne kajszi \u00e9s [&hellip;]<\/p>\n","protected":false},"author":1,"featured_media":0,"parent":0,"menu_order":0,"comment_status":"closed","ping_status":"closed","template":"","meta":{"_monsterinsights_skip_tracking":false,"_monsterinsights_sitenote_active":false,"_monsterinsights_sitenote_note":"","_monsterinsights_sitenote_category":0,"footnotes":""},"class_list":["post-126","page","type-page","status-publish","hentry"],"_links":{"self":[{"href":"https:\/\/harspinceszet.hu\/boraszat\/wp-json\/wp\/v2\/pages\/126","targetHints":{"allow":["GET"]}}],"collection":[{"href":"https:\/\/harspinceszet.hu\/boraszat\/wp-json\/wp\/v2\/pages"}],"about":[{"href":"https:\/\/harspinceszet.hu\/boraszat\/wp-json\/wp\/v2\/types\/page"}],"author":[{"embeddable":true,"href":"https:\/\/harspinceszet.hu\/boraszat\/wp-json\/wp\/v2\/users\/1"}],"replies":[{"embeddable":true,"href":"https:\/\/harspinceszet.hu\/boraszat\/wp-json\/wp\/v2\/comments?post=126"}],"version-history":[{"count":9,"href":"https:\/\/harspinceszet.hu\/boraszat\/wp-json\/wp\/v2\/pages\/126\/revisions"}],"predecessor-version":[{"id":939,"href":"https:\/\/harspinceszet.hu\/boraszat\/wp-json\/wp\/v2\/pages\/126\/revisions\/939"}],"wp:attachment":[{"href":"https:\/\/harspinceszet.hu\/boraszat\/wp-json\/wp\/v2\/media?parent=126"}],"curies":[{"name":"wp","href":"https:\/\/api.w.org\/{rel}","templated":true}]}}