{"id":130,"date":"2017-09-06T16:02:38","date_gmt":"2017-09-06T16:02:38","guid":{"rendered":"http:\/\/harspinceszet.hu\/boraszat\/?page_id=130"},"modified":"2021-03-17T20:49:21","modified_gmt":"2021-03-17T20:49:21","slug":"tunderbor","status":"publish","type":"page","link":"https:\/\/harspinceszet.hu\/boraszat\/tunderbor\/","title":{"rendered":"T\u00fcnd\u00e9rbor"},"content":{"rendered":"<p><span class=\"sectionwine\"><img decoding=\"async\" class=\"size-medium wp-image-967 alignleft\" src=\"https:\/\/harspinceszet.hu\/boraszat\/wp-content\/uploads\/2021\/03\/tb-78x300.png\" alt=\"\" width=\"78\" height=\"300\" srcset=\"https:\/\/harspinceszet.hu\/boraszat\/wp-content\/uploads\/2021\/03\/tb-78x300.png 78w, https:\/\/harspinceszet.hu\/boraszat\/wp-content\/uploads\/2021\/03\/tb-300x1158.png 300w, https:\/\/harspinceszet.hu\/boraszat\/wp-content\/uploads\/2021\/03\/tb-400x1544.png 400w, https:\/\/harspinceszet.hu\/boraszat\/wp-content\/uploads\/2021\/03\/tb-265x1024.png 265w, https:\/\/harspinceszet.hu\/boraszat\/wp-content\/uploads\/2021\/03\/tb-398x1536.png 398w, https:\/\/harspinceszet.hu\/boraszat\/wp-content\/uploads\/2021\/03\/tb.png 456w\" sizes=\"(max-width: 78px) 100vw, 78px\" \/><\/span><\/p>\n<p style=\"padding-left: 160px;\"><span class=\"sectionwine\">A H\u00e1rs Pinc\u00e9szet rezisztens fajt\u00e1kb\u00f3l \u00e1ll\u00f3 t\u00e1jk\u00eds\u00e9rlet\u00e9b\u0151l sz\u00e1rmaz\u00f3 h\u00e1zas\u00edt\u00e1s. Gy\u00f6ngy\u00f6z\u0151bor is k\u00e9sz\u00fcl bel\u0151le.<\/span><\/p>\n<p style=\"padding-left: 160px;\">Parf\u00fcm\u00f6s illat\u00e1t a J\u00e1zmin (8\/1 sz\u00e1m\u00fa fajta), savait a Borsmenta (01\/1\/168 sz\u00e1m\u00fa fajta), testess\u00e9g\u00e9t n\u00e9mi keserny\u00e9vel a Pannonija sz\u0151l\u0151k bora adja.<\/p>\n<p style=\"padding-left: 160px;\">Az abszol\u00fat biobor, hiszen ezen sz\u0151l\u0151ket gyakorlatilag k\u00e9miai n\u00f6v\u00e9nyv\u00e9delem (permetez\u00e9s) n\u00e9lk\u00fcl termesztj\u00fck.<\/p>\n<p style=\"padding-left: 160px;\"><i class=\"fa fa-recycle\"><\/i> A k\u00f6rnyezettudatos fiatalok kedvelt bora!<\/p>\n<p style=\"padding-left: 160px;\">\n","protected":false},"excerpt":{"rendered":"<p class=\"excerpt\">A H\u00e1rs Pinc\u00e9szet rezisztens fajt\u00e1kb\u00f3l \u00e1ll\u00f3 t\u00e1jk\u00eds\u00e9rlet\u00e9b\u0151l sz\u00e1rmaz\u00f3 h\u00e1zas\u00edt\u00e1s. Gy\u00f6ngy\u00f6z\u0151bor is k\u00e9sz\u00fcl bel\u0151le. Parf\u00fcm\u00f6s illat\u00e1t a J\u00e1zmin (8\/1 sz\u00e1m\u00fa fajta), savait a Borsmenta (01\/1\/168 sz\u00e1m\u00fa fajta), testess\u00e9g\u00e9t n\u00e9mi keserny\u00e9vel a Pannonija sz\u0151l\u0151k bora adja. Az abszol\u00fat biobor, hiszen ezen sz\u0151l\u0151ket gyakorlatilag k\u00e9miai n\u00f6v\u00e9nyv\u00e9delem (permetez\u00e9s) n\u00e9lk\u00fcl termesztj\u00fck. A k\u00f6rnyezettudatos fiatalok kedvelt bora!<\/p>\n","protected":false},"author":1,"featured_media":0,"parent":0,"menu_order":0,"comment_status":"closed","ping_status":"closed","template":"","meta":{"_monsterinsights_skip_tracking":false,"_monsterinsights_sitenote_active":false,"_monsterinsights_sitenote_note":"","_monsterinsights_sitenote_category":0,"footnotes":""},"class_list":["post-130","page","type-page","status-publish","hentry"],"_links":{"self":[{"href":"https:\/\/harspinceszet.hu\/boraszat\/wp-json\/wp\/v2\/pages\/130","targetHints":{"allow":["GET"]}}],"collection":[{"href":"https:\/\/harspinceszet.hu\/boraszat\/wp-json\/wp\/v2\/pages"}],"about":[{"href":"https:\/\/harspinceszet.hu\/boraszat\/wp-json\/wp\/v2\/types\/page"}],"author":[{"embeddable":true,"href":"https:\/\/harspinceszet.hu\/boraszat\/wp-json\/wp\/v2\/users\/1"}],"replies":[{"embeddable":true,"href":"https:\/\/harspinceszet.hu\/boraszat\/wp-json\/wp\/v2\/comments?post=130"}],"version-history":[{"count":5,"href":"https:\/\/harspinceszet.hu\/boraszat\/wp-json\/wp\/v2\/pages\/130\/revisions"}],"predecessor-version":[{"id":968,"href":"https:\/\/harspinceszet.hu\/boraszat\/wp-json\/wp\/v2\/pages\/130\/revisions\/968"}],"wp:attachment":[{"href":"https:\/\/harspinceszet.hu\/boraszat\/wp-json\/wp\/v2\/media?parent=130"}],"curies":[{"name":"wp","href":"https:\/\/api.w.org\/{rel}","templated":true}]}}