{"id":132,"date":"2017-09-06T16:03:04","date_gmt":"2017-09-06T16:03:04","guid":{"rendered":"http:\/\/harspinceszet.hu\/boraszat\/?page_id=132"},"modified":"2021-03-17T20:08:52","modified_gmt":"2021-03-17T20:08:52","slug":"castellum","status":"publish","type":"page","link":"https:\/\/harspinceszet.hu\/boraszat\/castellum\/","title":{"rendered":"Castellum"},"content":{"rendered":"<p><img decoding=\"async\" class=\"alignleft wp-image-836 size-medium\" src=\"https:\/\/harspinceszet.hu\/boraszat\/wp-content\/uploads\/2020\/02\/cast20-1-74x300.png\" alt=\"\" width=\"74\" height=\"300\" \/><\/p>\n<p style=\"padding-left: 120px;\"><span class=\"sectionwine\">A P\u00e9csi Tudom\u00e1nyegyetem Sz\u0151l\u00e9szeti \u00e9s Bor\u00e1szati Kutat\u00f3int\u00e9zet\u00e9vel k\u00f6z\u00f6s program keret\u00e9ben ker\u00fclt telep\u00edt\u00e9sre ez a Novi Sadb\u00f3l sz\u00e1rmaz\u00f3 rezisztens sz\u0151l\u0151fajta.<\/span><\/p>\n<p style=\"padding-left: 120px;\">A Castellum (r\u00e9gi nev\u00e9n Pannonija) a betegs\u00e9geknek magas fokon ellen\u00e1ll, \u00edgy semmilyen k\u00e9miai kezel\u00e9st nem ig\u00e9nyel a termeszt\u00e9s sor\u00e1n.<\/p>\n<p style=\"padding-left: 120px;\">Bora igazi Innowine!<\/p>\n","protected":false},"excerpt":{"rendered":"<p class=\"excerpt\">A P\u00e9csi Tudom\u00e1nyegyetem Sz\u0151l\u00e9szeti \u00e9s Bor\u00e1szati Kutat\u00f3int\u00e9zet\u00e9vel k\u00f6z\u00f6s program keret\u00e9ben ker\u00fclt telep\u00edt\u00e9sre ez a Novi Sadb\u00f3l sz\u00e1rmaz\u00f3 rezisztens sz\u0151l\u0151fajta. A Castellum (r\u00e9gi nev\u00e9n Pannonija) a betegs\u00e9geknek magas fokon ellen\u00e1ll, \u00edgy semmilyen k\u00e9miai kezel\u00e9st nem ig\u00e9nyel a termeszt\u00e9s sor\u00e1n. Bora igazi Innowine!<\/p>\n","protected":false},"author":1,"featured_media":0,"parent":0,"menu_order":0,"comment_status":"closed","ping_status":"closed","template":"","meta":{"_monsterinsights_skip_tracking":false,"_monsterinsights_sitenote_active":false,"_monsterinsights_sitenote_note":"","_monsterinsights_sitenote_category":0,"footnotes":""},"class_list":["post-132","page","type-page","status-publish","hentry"],"_links":{"self":[{"href":"https:\/\/harspinceszet.hu\/boraszat\/wp-json\/wp\/v2\/pages\/132","targetHints":{"allow":["GET"]}}],"collection":[{"href":"https:\/\/harspinceszet.hu\/boraszat\/wp-json\/wp\/v2\/pages"}],"about":[{"href":"https:\/\/harspinceszet.hu\/boraszat\/wp-json\/wp\/v2\/types\/page"}],"author":[{"embeddable":true,"href":"https:\/\/harspinceszet.hu\/boraszat\/wp-json\/wp\/v2\/users\/1"}],"replies":[{"embeddable":true,"href":"https:\/\/harspinceszet.hu\/boraszat\/wp-json\/wp\/v2\/comments?post=132"}],"version-history":[{"count":6,"href":"https:\/\/harspinceszet.hu\/boraszat\/wp-json\/wp\/v2\/pages\/132\/revisions"}],"predecessor-version":[{"id":932,"href":"https:\/\/harspinceszet.hu\/boraszat\/wp-json\/wp\/v2\/pages\/132\/revisions\/932"}],"wp:attachment":[{"href":"https:\/\/harspinceszet.hu\/boraszat\/wp-json\/wp\/v2\/media?parent=132"}],"curies":[{"name":"wp","href":"https:\/\/api.w.org\/{rel}","templated":true}]}}