{"id":136,"date":"2017-09-06T16:03:41","date_gmt":"2017-09-06T16:03:41","guid":{"rendered":"http:\/\/harspinceszet.hu\/boraszat\/?page_id=136"},"modified":"2021-03-17T20:45:15","modified_gmt":"2021-03-17T20:45:15","slug":"tramini","status":"publish","type":"page","link":"https:\/\/harspinceszet.hu\/boraszat\/tramini\/","title":{"rendered":"Tramini"},"content":{"rendered":"<p><span class=\"sectionwine\"><img decoding=\"async\" class=\"size-medium wp-image-860 alignleft\" src=\"https:\/\/harspinceszet.hu\/boraszat\/wp-content\/uploads\/2020\/02\/jf-78x300.png\" alt=\"\" width=\"78\" height=\"300\" srcset=\"https:\/\/harspinceszet.hu\/boraszat\/wp-content\/uploads\/2020\/02\/jf-78x300.png 78w, https:\/\/harspinceszet.hu\/boraszat\/wp-content\/uploads\/2020\/02\/jf-300x1158.png 300w, https:\/\/harspinceszet.hu\/boraszat\/wp-content\/uploads\/2020\/02\/jf-400x1544.png 400w, https:\/\/harspinceszet.hu\/boraszat\/wp-content\/uploads\/2020\/02\/jf-265x1024.png 265w, https:\/\/harspinceszet.hu\/boraszat\/wp-content\/uploads\/2020\/02\/jf-398x1536.png 398w, https:\/\/harspinceszet.hu\/boraszat\/wp-content\/uploads\/2020\/02\/jf.png 456w\" sizes=\"(max-width: 78px) 100vw, 78px\" \/><\/span><\/p>\n<p style=\"padding-left: 160px;\"><span class=\"sectionwine\">Finom, l\u00e1gy savakkal rendelkez\u0151, aranys\u00e1rga, r\u00f3zsa \u00e9s licsi illat\u00fa, kiss\u00e9 muskot\u00e1lyos, gy\u00fcm\u00f6lcs- \u00e9s f\u0171szer\u00edz\u0171, magas extrakttal rendelkez\u0151 harmonikus bor. <\/span><\/p>\n","protected":false},"excerpt":{"rendered":"<p class=\"excerpt\">Finom, l\u00e1gy savakkal rendelkez\u0151, aranys\u00e1rga, r\u00f3zsa \u00e9s licsi illat\u00fa, kiss\u00e9 muskot\u00e1lyos, gy\u00fcm\u00f6lcs- \u00e9s f\u0171szer\u00edz\u0171, magas extrakttal rendelkez\u0151 harmonikus bor.<\/p>\n","protected":false},"author":1,"featured_media":0,"parent":0,"menu_order":0,"comment_status":"closed","ping_status":"closed","template":"","meta":{"_monsterinsights_skip_tracking":false,"_monsterinsights_sitenote_active":false,"_monsterinsights_sitenote_note":"","_monsterinsights_sitenote_category":0,"footnotes":""},"class_list":["post-136","page","type-page","status-publish","hentry"],"_links":{"self":[{"href":"https:\/\/harspinceszet.hu\/boraszat\/wp-json\/wp\/v2\/pages\/136","targetHints":{"allow":["GET"]}}],"collection":[{"href":"https:\/\/harspinceszet.hu\/boraszat\/wp-json\/wp\/v2\/pages"}],"about":[{"href":"https:\/\/harspinceszet.hu\/boraszat\/wp-json\/wp\/v2\/types\/page"}],"author":[{"embeddable":true,"href":"https:\/\/harspinceszet.hu\/boraszat\/wp-json\/wp\/v2\/users\/1"}],"replies":[{"embeddable":true,"href":"https:\/\/harspinceszet.hu\/boraszat\/wp-json\/wp\/v2\/comments?post=136"}],"version-history":[{"count":3,"href":"https:\/\/harspinceszet.hu\/boraszat\/wp-json\/wp\/v2\/pages\/136\/revisions"}],"predecessor-version":[{"id":965,"href":"https:\/\/harspinceszet.hu\/boraszat\/wp-json\/wp\/v2\/pages\/136\/revisions\/965"}],"wp:attachment":[{"href":"https:\/\/harspinceszet.hu\/boraszat\/wp-json\/wp\/v2\/media?parent=136"}],"curies":[{"name":"wp","href":"https:\/\/api.w.org\/{rel}","templated":true}]}}