{"id":138,"date":"2017-09-06T16:04:05","date_gmt":"2017-09-06T16:04:05","guid":{"rendered":"http:\/\/harspinceszet.hu\/boraszat\/?page_id=138"},"modified":"2021-03-17T20:36:53","modified_gmt":"2021-03-17T20:36:53","slug":"muscat-ottonel","status":"publish","type":"page","link":"https:\/\/harspinceszet.hu\/boraszat\/muscat-ottonel\/","title":{"rendered":"Muscat Ottonel"},"content":{"rendered":"<p><span class=\"sectionwine\">Illata intenz\u00edv, \u00e9s a k\u00f6zhiedelemmel ellent\u00e9tben kiv\u00e1l\u00f3 &#8211; b\u00e1r nem \u00e9vekig tart\u00f3 &#8211; savakkal b\u00edr. T\u00fal\u00e9r\u00e9sben sz\u00e9p desszertbort ad. Az ut\u00f3bbi sz\u00e1z \u00e9vben az Ottonel lett az Elz\u00e1szi borvid\u00e9k vezet\u0151 muskot\u00e1lya, de Ausztri\u00e1ban is ez a legelterjedtebb muskot\u00e1ly fajta.<\/span><\/p>\n","protected":false},"excerpt":{"rendered":"<p class=\"excerpt\">Illata intenz\u00edv, \u00e9s a k\u00f6zhiedelemmel ellent\u00e9tben kiv\u00e1l\u00f3 &#8211; b\u00e1r nem \u00e9vekig tart\u00f3 &#8211; savakkal b\u00edr. T\u00fal\u00e9r\u00e9sben sz\u00e9p desszertbort ad. Az ut\u00f3bbi sz\u00e1z \u00e9vben az Ottonel lett az Elz\u00e1szi borvid\u00e9k vezet\u0151 muskot\u00e1lya, de Ausztri\u00e1ban is ez a legelterjedtebb muskot\u00e1ly fajta.<\/p>\n","protected":false},"author":1,"featured_media":0,"parent":0,"menu_order":0,"comment_status":"closed","ping_status":"closed","template":"","meta":{"_monsterinsights_skip_tracking":false,"_monsterinsights_sitenote_active":false,"_monsterinsights_sitenote_note":"","_monsterinsights_sitenote_category":0,"footnotes":""},"class_list":["post-138","page","type-page","status-publish","hentry"],"_links":{"self":[{"href":"https:\/\/harspinceszet.hu\/boraszat\/wp-json\/wp\/v2\/pages\/138","targetHints":{"allow":["GET"]}}],"collection":[{"href":"https:\/\/harspinceszet.hu\/boraszat\/wp-json\/wp\/v2\/pages"}],"about":[{"href":"https:\/\/harspinceszet.hu\/boraszat\/wp-json\/wp\/v2\/types\/page"}],"author":[{"embeddable":true,"href":"https:\/\/harspinceszet.hu\/boraszat\/wp-json\/wp\/v2\/users\/1"}],"replies":[{"embeddable":true,"href":"https:\/\/harspinceszet.hu\/boraszat\/wp-json\/wp\/v2\/comments?post=138"}],"version-history":[{"count":3,"href":"https:\/\/harspinceszet.hu\/boraszat\/wp-json\/wp\/v2\/pages\/138\/revisions"}],"predecessor-version":[{"id":952,"href":"https:\/\/harspinceszet.hu\/boraszat\/wp-json\/wp\/v2\/pages\/138\/revisions\/952"}],"wp:attachment":[{"href":"https:\/\/harspinceszet.hu\/boraszat\/wp-json\/wp\/v2\/media?parent=138"}],"curies":[{"name":"wp","href":"https:\/\/api.w.org\/{rel}","templated":true}]}}