{"id":142,"date":"2017-09-06T16:04:47","date_gmt":"2017-09-06T16:04:47","guid":{"rendered":"http:\/\/harspinceszet.hu\/boraszat\/?page_id=142"},"modified":"2021-03-17T20:32:47","modified_gmt":"2021-03-17T20:32:47","slug":"kiralyleanyka","status":"publish","type":"page","link":"https:\/\/harspinceszet.hu\/boraszat\/kiralyleanyka\/","title":{"rendered":"Kir\u00e1lyle\u00e1nyka"},"content":{"rendered":"<p><span class=\"sectionwine\">Erd\u00e9lyi sz\u00e1rmaz\u00e1s\u00fa fajta.<\/span><\/p>\n<p>Bora igen kellemes, harmonikus, testes, enyh\u00e9n a muskot\u00e1lyborokra eml\u00e9keztet\u0151 finom, illat- \u00e9s zamatanyagokkal rendelkezik.<\/p>\n<p>Jellemz\u0151je a kiss\u00e9 parf\u00fcm\u00f6s, kellemes illat. \u00c9l\u00e9nk, \u00fcde sav\u00e9rzetet ad.<\/p>\n<p>Eleg\u00e1ns bor, \u00e9rlel\u00e9sre alkalmas.<\/p>\n<p>A Kir\u00e1lyle\u00e1nyka kiv\u00e1l\u00f3an \u00e9rv\u00e9nyes\u00fcl k\u00f6nny\u0171, friss, nyers z\u00f6ldsal\u00e1t\u00e1val, vagy csirkesal\u00e1t\u00e1val, s el\u0151\u00e9telekhez is ide\u00e1lis.<\/p>\n<p>&nbsp;<\/p>\n","protected":false},"excerpt":{"rendered":"<p class=\"excerpt\">Erd\u00e9lyi sz\u00e1rmaz\u00e1s\u00fa fajta. Bora igen kellemes, harmonikus, testes, enyh\u00e9n a muskot\u00e1lyborokra eml\u00e9keztet\u0151 finom, illat- \u00e9s zamatanyagokkal rendelkezik. Jellemz\u0151je a kiss\u00e9 parf\u00fcm\u00f6s, kellemes illat. \u00c9l\u00e9nk, \u00fcde sav\u00e9rzetet ad. Eleg\u00e1ns bor, \u00e9rlel\u00e9sre alkalmas. A Kir\u00e1lyle\u00e1nyka kiv\u00e1l\u00f3an \u00e9rv\u00e9nyes\u00fcl k\u00f6nny\u0171, friss, nyers z\u00f6ldsal\u00e1t\u00e1val, vagy csirkesal\u00e1t\u00e1val, s el\u0151\u00e9telekhez is ide\u00e1lis. &nbsp;<\/p>\n","protected":false},"author":1,"featured_media":0,"parent":0,"menu_order":0,"comment_status":"closed","ping_status":"closed","template":"","meta":{"_monsterinsights_skip_tracking":false,"_monsterinsights_sitenote_active":false,"_monsterinsights_sitenote_note":"","_monsterinsights_sitenote_category":0,"footnotes":""},"class_list":["post-142","page","type-page","status-publish","hentry"],"_links":{"self":[{"href":"https:\/\/harspinceszet.hu\/boraszat\/wp-json\/wp\/v2\/pages\/142","targetHints":{"allow":["GET"]}}],"collection":[{"href":"https:\/\/harspinceszet.hu\/boraszat\/wp-json\/wp\/v2\/pages"}],"about":[{"href":"https:\/\/harspinceszet.hu\/boraszat\/wp-json\/wp\/v2\/types\/page"}],"author":[{"embeddable":true,"href":"https:\/\/harspinceszet.hu\/boraszat\/wp-json\/wp\/v2\/users\/1"}],"replies":[{"embeddable":true,"href":"https:\/\/harspinceszet.hu\/boraszat\/wp-json\/wp\/v2\/comments?post=142"}],"version-history":[{"count":3,"href":"https:\/\/harspinceszet.hu\/boraszat\/wp-json\/wp\/v2\/pages\/142\/revisions"}],"predecessor-version":[{"id":949,"href":"https:\/\/harspinceszet.hu\/boraszat\/wp-json\/wp\/v2\/pages\/142\/revisions\/949"}],"wp:attachment":[{"href":"https:\/\/harspinceszet.hu\/boraszat\/wp-json\/wp\/v2\/media?parent=142"}],"curies":[{"name":"wp","href":"https:\/\/api.w.org\/{rel}","templated":true}]}}