{"id":148,"date":"2017-09-06T16:05:58","date_gmt":"2017-09-06T16:05:58","guid":{"rendered":"http:\/\/harspinceszet.hu\/boraszat\/?page_id=148"},"modified":"2021-03-17T20:13:47","modified_gmt":"2021-03-17T20:13:47","slug":"cirfandli-edes","status":"publish","type":"page","link":"https:\/\/harspinceszet.hu\/boraszat\/cirfandli-edes\/","title":{"rendered":"Cirfandli (\u00e9des)"},"content":{"rendered":"<p>&nbsp;<\/p>\n<p><img decoding=\"async\" class=\"size-medium wp-image-208 alignleft\" src=\"http:\/\/harspinceszet.hu\/boraszat\/wp-content\/uploads\/2017\/09\/068CFmini-53x300.gif\" alt=\"\" width=\"53\" height=\"300\" \/><\/p>\n<p style=\"padding-left: 160px;\"><span class=\"sectionwine\">Magyarorsz\u00e1gon csak P\u00e9cs k\u00f6rny\u00e9k\u00e9n tal\u00e1lhat\u00f3, a borvid\u00e9k z\u00e1szl\u00f3s bora. Am\u00edg t\u0151k\u00e9n van ny\u0171g\u00f6s \u00e9s mosolytalan, sok t\u00f6r\u0151d\u00e9st ig\u00e9nyel. Neh\u00e9z termeszteni, ez\u00e9rt kev\u00e9s is van bel\u0151le, de kiv\u00e9teles esztend\u0151kben tokajit k\u00f6rny\u00e9kez\u0151 asz\u00fat aj\u00e1nd\u00e9koz.<\/span><\/p>\n<p style=\"padding-left: 160px;\">Jellegzetesen karakteres \u00edz- \u00e9s illatvil\u00e1g\u00fa, semmi m\u00e1ssal \u00f6ssze nem hasonl\u00edthat\u00f3 bor. Jellemz\u0151je a sz\u00e1raz vir\u00e1gcsokorra \u00e9s aszalv\u00e1ny<\/p>\n<p style=\"padding-left: 160px;\">\u00edzekre eml\u00e9keztet\u0151 illat, benne kajszi \u00e9s \u0151szibarack \u00e9s egy \u00e9rint\u00e9snyi doh\u00e1ny is. Sz\u00edne t\u00f6bbnyire aranys\u00e1rga, z\u00f6ld \u00e1rnyalatokkal, \u00edze jellegzetesen f\u0171szeres.<\/p>\n<p style=\"padding-left: 160px;\"><img decoding=\"async\" class=\"tropy\" src=\"http:\/\/www.harspinceszet.hu\/uj\/icons\/trophy-27824_640.png\" alt=\"\" width=\"30\" height=\"30\" \/><a title=\"Cirfandli\" href=\"http:\/\/www.pecsma.hu\/abszolut-pecs\/harsek-adjak-pecs-borat\/\" target=\"_parent\" rel=\"noopener\">P\u00e9cs V\u00e1ros Bora 2014 | Cirfandli 2007<\/a><\/p>\n<p style=\"padding-left: 160px;\"><img decoding=\"async\" class=\"tropy\" src=\"http:\/\/www.harspinceszet.hu\/uj\/icons\/trophy-27824_640.png\" alt=\"\" width=\"30\" height=\"30\" \/><a title=\"Cirfandli\" href=\"http:\/\/www.zskn.hu\/borverseny_nevezes\" target=\"_parent\" rel=\"noopener\">Zsolnay Kultur\u00e1lis Negyed Bora 2012 | Cirfandli 2008\u00a0<\/a><\/p>\n<p style=\"padding-left: 160px;\"><img decoding=\"async\" class=\"tropy\" src=\"http:\/\/www.harspinceszet.hu\/uj\/icons\/trophy-27824_640.png\" alt=\"\" width=\"30\" height=\"30\" \/><a title=\"Cirfandli\" href=\"http:\/\/www.pecsiborozo.hu\/blog\/a_regio_borvalogatottja\" target=\"_parent\" rel=\"noopener\">Pannon Borr\u00e9gi\u00f3 TOP25 2012 | Cirfandli 2011<\/a><\/p>\n<p style=\"padding-left: 160px;\"><img decoding=\"async\" class=\"tropy\" src=\"http:\/\/www.harspinceszet.hu\/uj\/icons\/trophy-27824_640.png\" alt=\"\" width=\"30\" height=\"30\" \/><a title=\"Cirfandli\" href=\"http:\/\/www.harspinceszet.hu\/uj\/images\/2014%20pusztai%20cirfandli.jpg\" target=\"_parent\" rel=\"noopener\">VII. Pusztai Bioborverseny 2011 | Cirfandli 2011 | Arany \u00e9rem<\/a><\/p>\n<p style=\"padding-left: 160px;\"><img decoding=\"async\" class=\"tropy\" src=\"http:\/\/www.harspinceszet.hu\/uj\/icons\/trophy-27824_640.png\" alt=\"\" width=\"30\" height=\"30\" \/><a title=\"Cirfandli\" href=\"http:\/\/www.pecsiborozo.hu\/blog\/hat_bora_van_baranyanak\" target=\"_parent\" rel=\"noopener\">&#8222;Baranya Megye Feh\u00e9rbora&#8221; 2009 | Cirfandli 2007<\/a><\/p>\n<p style=\"padding-left: 160px;\"><img decoding=\"async\" class=\"tropy\" src=\"http:\/\/www.harspinceszet.hu\/uj\/icons\/trophy-27824_640.png\" alt=\"\" width=\"30\" height=\"30\" \/><a title=\"Cirfandli\" href=\"http:\/\/www.harspinceszet.hu\/uj\/images\/2009III_PusztaiBio_Arany_Cirfandli2008.jpg?option=com_content&amp;view=article&amp;id=240%3Abioborok-pusztai-versenye&amp;catid=430%3Aez-tortent-hirek&amp;Itemid=127&amp;lang=hu\" target=\"_parent\" rel=\"noopener\">III. Pusztai Bioborverseny 2009 | Cirfandli 2008 | Arany \u00e9rem<\/a><\/p>\n<p style=\"padding-left: 160px;\"><img decoding=\"async\" class=\"tropy\" src=\"http:\/\/www.harspinceszet.hu\/uj\/icons\/trophy-27824_640.png\" alt=\"\" width=\"30\" height=\"30\" \/><a title=\"Cirfandli\" href=\"http:\/\/www.pecsiborozo.hu\/blog\/a_regio_borvalogatottja\" target=\"_parent\" rel=\"noopener\">Pannon Borr\u00e9gi\u00f3 TOP25 2008 | Cirfandli 2007<\/a><\/p>\n<p style=\"padding-left: 160px;\"><img decoding=\"async\" class=\"tropy\" src=\"http:\/\/www.harspinceszet.hu\/uj\/icons\/trophy-27824_640.png\" alt=\"\" width=\"30\" height=\"30\" \/><a title=\"Cirfandli\" href=\"http:\/\/www.biokontroll.hu\/cms\/index.php?option=com_content&amp;view=article&amp;id=240%3Abioborok-pusztai-versenye&amp;catid=430%3Aez-tortent-hirek&amp;Itemid=127&amp;lang=hu\" target=\"_parent\" rel=\"noopener\">II. Pusztai Bioborverseny 2008 | Cirfandli 2007 | Gy\u0151ztes Bor , Cs\u00facs Bor<\/a><\/p>\n<p style=\"padding-left: 160px;\"><img decoding=\"async\" class=\"tropy\" src=\"http:\/\/www.harspinceszet.hu\/uj\/icons\/trophy-27824_640.png\" alt=\"\" width=\"30\" height=\"30\" \/>VINFOOD borverseny 2007 | P\u00e9cs EXPO Arany Pelik\u00e1n d\u00edj<\/p>\n<p>&nbsp;<\/p>\n","protected":false},"excerpt":{"rendered":"<p class=\"excerpt\">&nbsp; Magyarorsz\u00e1gon csak P\u00e9cs k\u00f6rny\u00e9k\u00e9n tal\u00e1lhat\u00f3, a borvid\u00e9k z\u00e1szl\u00f3s bora. Am\u00edg t\u0151k\u00e9n van ny\u0171g\u00f6s \u00e9s mosolytalan, sok t\u00f6r\u0151d\u00e9st ig\u00e9nyel. Neh\u00e9z termeszteni, ez\u00e9rt kev\u00e9s is van bel\u0151le, de kiv\u00e9teles esztend\u0151kben tokajit k\u00f6rny\u00e9kez\u0151 asz\u00fat aj\u00e1nd\u00e9koz. Jellegzetesen karakteres \u00edz- \u00e9s illatvil\u00e1g\u00fa, semmi m\u00e1ssal \u00f6ssze nem hasonl\u00edthat\u00f3 bor. Jellemz\u0151je a sz\u00e1raz vir\u00e1gcsokorra \u00e9s aszalv\u00e1ny \u00edzekre eml\u00e9keztet\u0151 illat, benne kajszi [&hellip;]<\/p>\n","protected":false},"author":1,"featured_media":0,"parent":0,"menu_order":0,"comment_status":"closed","ping_status":"closed","template":"","meta":{"_monsterinsights_skip_tracking":false,"_monsterinsights_sitenote_active":false,"_monsterinsights_sitenote_note":"","_monsterinsights_sitenote_category":0,"footnotes":""},"class_list":["post-148","page","type-page","status-publish","hentry"],"_links":{"self":[{"href":"https:\/\/harspinceszet.hu\/boraszat\/wp-json\/wp\/v2\/pages\/148","targetHints":{"allow":["GET"]}}],"collection":[{"href":"https:\/\/harspinceszet.hu\/boraszat\/wp-json\/wp\/v2\/pages"}],"about":[{"href":"https:\/\/harspinceszet.hu\/boraszat\/wp-json\/wp\/v2\/types\/page"}],"author":[{"embeddable":true,"href":"https:\/\/harspinceszet.hu\/boraszat\/wp-json\/wp\/v2\/users\/1"}],"replies":[{"embeddable":true,"href":"https:\/\/harspinceszet.hu\/boraszat\/wp-json\/wp\/v2\/comments?post=148"}],"version-history":[{"count":5,"href":"https:\/\/harspinceszet.hu\/boraszat\/wp-json\/wp\/v2\/pages\/148\/revisions"}],"predecessor-version":[{"id":938,"href":"https:\/\/harspinceszet.hu\/boraszat\/wp-json\/wp\/v2\/pages\/148\/revisions\/938"}],"wp:attachment":[{"href":"https:\/\/harspinceszet.hu\/boraszat\/wp-json\/wp\/v2\/media?parent=148"}],"curies":[{"name":"wp","href":"https:\/\/api.w.org\/{rel}","templated":true}]}}