{"id":152,"date":"2017-09-06T16:06:49","date_gmt":"2017-09-06T16:06:49","guid":{"rendered":"http:\/\/harspinceszet.hu\/boraszat\/?page_id=152"},"modified":"2021-03-17T20:43:13","modified_gmt":"2021-03-17T20:43:13","slug":"rose-cuvee","status":"publish","type":"page","link":"https:\/\/harspinceszet.hu\/boraszat\/rose-cuvee\/","title":{"rendered":"Rose Cuv\u00e9e"},"content":{"rendered":"<p><img decoding=\"async\" class=\"alignleft wp-image-846\" src=\"https:\/\/harspinceszet.hu\/boraszat\/wp-content\/uploads\/2017\/09\/rose-2.png\" alt=\"\" width=\"75\" height=\"289\" srcset=\"https:\/\/harspinceszet.hu\/boraszat\/wp-content\/uploads\/2017\/09\/rose-2.png 456w, https:\/\/harspinceszet.hu\/boraszat\/wp-content\/uploads\/2017\/09\/rose-2-300x1158.png 300w, https:\/\/harspinceszet.hu\/boraszat\/wp-content\/uploads\/2017\/09\/rose-2-400x1544.png 400w\" sizes=\"(max-width: 75px) 100vw, 75px\" \/>\u00a0Igen gazdag illat \u00e9s zamatvil\u00e1g\u00fa roz\u00e9 bor.<\/p>\n<p>A komoly test mellett \u00e9l\u00e9nk savakkal, gy\u00fcm\u00f6lcs\u00f6ss\u00e9ggel (f\u0151k\u00e9nt eper \u00e9s d\u00e9li gy\u00fcm\u00f6lcs\u00f6k), valamint szomjolt\u00f3 \u00fcdes\u00e9ggel \u00e9s frissess\u00e9ggel b\u00edr.<\/p>\n<p><img decoding=\"async\" class=\"tropy\" src=\"http:\/\/www.harspinceszet.hu\/uj\/icons\/trophy-27824_640.png\" alt=\"\" width=\"30\" height=\"30\" \/><a href=\"http:\/\/www.harspinceszet.hu\/uj\/images\/2014%20pusztai%20ros%C3%A9%202013.jpg\">VIII. Pusztai Bioborverseny 2014 | Ros\u00e9 2013 | Ez\u00fcst \u00e9rem<\/a><\/p>\n<p><img decoding=\"async\" class=\"tropy\" src=\"http:\/\/www.harspinceszet.hu\/uj\/icons\/trophy-27824_640.png\" alt=\"\" width=\"30\" height=\"30\" \/><a title=\"Pusztai Bioborverseny\" href=\"http:\/\/www.biokontroll.hu\/cms\/index.php?option=com_content&amp;view=article&amp;id=240%3Abioborok-pusztai-versenye&amp;catid=430%3Aez-tortent-hirek&amp;Itemid=127&amp;lang=hu\" target=\"_self\" rel=\"noopener\">II. Pusztai Bioborverseny 2008| Merlot Ros\u00e9 2007 | Gy\u0151ztes Bor<\/a><\/p>\n<p>&nbsp;<\/p>\n","protected":false},"excerpt":{"rendered":"<p class=\"excerpt\">\u00a0Igen gazdag illat \u00e9s zamatvil\u00e1g\u00fa roz\u00e9 bor. A komoly test mellett \u00e9l\u00e9nk savakkal, gy\u00fcm\u00f6lcs\u00f6ss\u00e9ggel (f\u0151k\u00e9nt eper \u00e9s d\u00e9li gy\u00fcm\u00f6lcs\u00f6k), valamint szomjolt\u00f3 \u00fcdes\u00e9ggel \u00e9s frissess\u00e9ggel b\u00edr. VIII. Pusztai Bioborverseny 2014 | Ros\u00e9 2013 | Ez\u00fcst \u00e9rem II. Pusztai Bioborverseny 2008| Merlot Ros\u00e9 2007 | Gy\u0151ztes Bor &nbsp;<\/p>\n","protected":false},"author":1,"featured_media":0,"parent":0,"menu_order":0,"comment_status":"closed","ping_status":"closed","template":"","meta":{"_monsterinsights_skip_tracking":false,"_monsterinsights_sitenote_active":false,"_monsterinsights_sitenote_note":"","_monsterinsights_sitenote_category":0,"footnotes":""},"class_list":["post-152","page","type-page","status-publish","hentry"],"_links":{"self":[{"href":"https:\/\/harspinceszet.hu\/boraszat\/wp-json\/wp\/v2\/pages\/152","targetHints":{"allow":["GET"]}}],"collection":[{"href":"https:\/\/harspinceszet.hu\/boraszat\/wp-json\/wp\/v2\/pages"}],"about":[{"href":"https:\/\/harspinceszet.hu\/boraszat\/wp-json\/wp\/v2\/types\/page"}],"author":[{"embeddable":true,"href":"https:\/\/harspinceszet.hu\/boraszat\/wp-json\/wp\/v2\/users\/1"}],"replies":[{"embeddable":true,"href":"https:\/\/harspinceszet.hu\/boraszat\/wp-json\/wp\/v2\/comments?post=152"}],"version-history":[{"count":4,"href":"https:\/\/harspinceszet.hu\/boraszat\/wp-json\/wp\/v2\/pages\/152\/revisions"}],"predecessor-version":[{"id":961,"href":"https:\/\/harspinceszet.hu\/boraszat\/wp-json\/wp\/v2\/pages\/152\/revisions\/961"}],"wp:attachment":[{"href":"https:\/\/harspinceszet.hu\/boraszat\/wp-json\/wp\/v2\/media?parent=152"}],"curies":[{"name":"wp","href":"https:\/\/api.w.org\/{rel}","templated":true}]}}