{"id":154,"date":"2017-09-06T16:07:11","date_gmt":"2017-09-06T16:07:11","guid":{"rendered":"http:\/\/harspinceszet.hu\/boraszat\/?page_id=154"},"modified":"2021-03-17T20:36:27","modified_gmt":"2021-03-17T20:36:27","slug":"merlot","status":"publish","type":"page","link":"https:\/\/harspinceszet.hu\/boraszat\/merlot\/","title":{"rendered":"Merlot"},"content":{"rendered":"<p><img decoding=\"async\" class=\"size-medium wp-image-863 alignleft\" src=\"https:\/\/harspinceszet.hu\/boraszat\/wp-content\/uploads\/2017\/09\/me-78x300.png\" alt=\"\" width=\"78\" height=\"300\" srcset=\"https:\/\/harspinceszet.hu\/boraszat\/wp-content\/uploads\/2017\/09\/me-78x300.png 78w, https:\/\/harspinceszet.hu\/boraszat\/wp-content\/uploads\/2017\/09\/me-300x1158.png 300w, https:\/\/harspinceszet.hu\/boraszat\/wp-content\/uploads\/2017\/09\/me-400x1544.png 400w, https:\/\/harspinceszet.hu\/boraszat\/wp-content\/uploads\/2017\/09\/me-265x1024.png 265w, https:\/\/harspinceszet.hu\/boraszat\/wp-content\/uploads\/2017\/09\/me-398x1536.png 398w, https:\/\/harspinceszet.hu\/boraszat\/wp-content\/uploads\/2017\/09\/me.png 456w\" sizes=\"(max-width: 78px) 100vw, 78px\" \/><\/p>\n<p style=\"padding-left: 160px;\"><span class=\"sectionwine\">A s\u00f6t\u00e9t rubin sz\u00edn\u0171, \u00e9rett gy\u00fcm\u00f6lcs\u00f6ket \u2013 \u00e1fonya, fekete ribizli, szilvalekv\u00e1r &#8211; , f\u0171szeress\u00e9get, \u0151szi avart id\u00e9z\u0151 illatvil\u00e1g\u00fa, gazdag <\/span>\u00edzeket, nagy testet, b\u00e1rsonyosan simogat\u00f3 tannint \u00e9s sz\u00e9pen harmoniz\u00e1l\u00f3 alkoholt mutat\u00f3 bor, kerek, harmonikus \u00e9s nagyon hossz\u00fa, tartalmas lecseng\u00e9ssel b\u00facs\u00fazik a k\u00f3stol\u00f3j\u00e1t\u00f3l.<\/p>\n<p style=\"padding-left: 160px;\">\n<img decoding=\"async\" class=\"tropy\" src=\"http:\/\/www.harspinceszet.hu\/uj\/icons\/trophy-27824_640.png\" alt=\"\" width=\"30\" height=\"30\" \/><a title=\"Merlot\" href=\"http:\/\/www.harspinceszet.hu\/uj\/images\/2014%20pusztai%20merlot.jpg\" target=\"_parent\" rel=\"noopener\">VII. Pusztai Bioborverseny 2013 | Merlot 2011 | Arany\u00e9rmes<\/a><\/p>\n<p style=\"padding-left: 160px;\"><img decoding=\"async\" class=\"tropy\" src=\"http:\/\/www.harspinceszet.hu\/uj\/icons\/trophy-27824_640.png\" alt=\"\" width=\"30\" height=\"30\" \/>II. Pusztai Bioborverseny 2008 | Merlot 2007 |\u00a0Gy\u0151ztes Bor<\/p>\n<p style=\"padding-left: 160px;\"><img decoding=\"async\" class=\"tropy\" src=\"http:\/\/www.harspinceszet.hu\/uj\/icons\/trophy-27824_640.png\" alt=\"\" width=\"30\" height=\"30\" \/><a title=\"Merlot\" href=\"http:\/\/www.wineworld.hu\/hir.php?action=shownews&amp;id=706\" target=\"_parent\" rel=\"noopener\">I. Pusztai Bioborverseny 2007 | Merlot 2002 | Cs\u00facs Bora<\/a><\/p>\n<p style=\"padding-left: 120px;\">\n","protected":false},"excerpt":{"rendered":"<p class=\"excerpt\">A s\u00f6t\u00e9t rubin sz\u00edn\u0171, \u00e9rett gy\u00fcm\u00f6lcs\u00f6ket \u2013 \u00e1fonya, fekete ribizli, szilvalekv\u00e1r &#8211; , f\u0171szeress\u00e9get, \u0151szi avart id\u00e9z\u0151 illatvil\u00e1g\u00fa, gazdag \u00edzeket, nagy testet, b\u00e1rsonyosan simogat\u00f3 tannint \u00e9s sz\u00e9pen harmoniz\u00e1l\u00f3 alkoholt mutat\u00f3 bor, kerek, harmonikus \u00e9s nagyon hossz\u00fa, tartalmas lecseng\u00e9ssel b\u00facs\u00fazik a k\u00f3stol\u00f3j\u00e1t\u00f3l. VII. Pusztai Bioborverseny 2013 | Merlot 2011 | Arany\u00e9rmes II. Pusztai Bioborverseny 2008 | [&hellip;]<\/p>\n","protected":false},"author":1,"featured_media":0,"parent":0,"menu_order":0,"comment_status":"closed","ping_status":"closed","template":"","meta":{"_monsterinsights_skip_tracking":false,"_monsterinsights_sitenote_active":false,"_monsterinsights_sitenote_note":"","_monsterinsights_sitenote_category":0,"footnotes":""},"class_list":["post-154","page","type-page","status-publish","hentry"],"_links":{"self":[{"href":"https:\/\/harspinceszet.hu\/boraszat\/wp-json\/wp\/v2\/pages\/154","targetHints":{"allow":["GET"]}}],"collection":[{"href":"https:\/\/harspinceszet.hu\/boraszat\/wp-json\/wp\/v2\/pages"}],"about":[{"href":"https:\/\/harspinceszet.hu\/boraszat\/wp-json\/wp\/v2\/types\/page"}],"author":[{"embeddable":true,"href":"https:\/\/harspinceszet.hu\/boraszat\/wp-json\/wp\/v2\/users\/1"}],"replies":[{"embeddable":true,"href":"https:\/\/harspinceszet.hu\/boraszat\/wp-json\/wp\/v2\/comments?post=154"}],"version-history":[{"count":4,"href":"https:\/\/harspinceszet.hu\/boraszat\/wp-json\/wp\/v2\/pages\/154\/revisions"}],"predecessor-version":[{"id":951,"href":"https:\/\/harspinceszet.hu\/boraszat\/wp-json\/wp\/v2\/pages\/154\/revisions\/951"}],"wp:attachment":[{"href":"https:\/\/harspinceszet.hu\/boraszat\/wp-json\/wp\/v2\/media?parent=154"}],"curies":[{"name":"wp","href":"https:\/\/api.w.org\/{rel}","templated":true}]}}