{"id":156,"date":"2017-09-06T16:07:34","date_gmt":"2017-09-06T16:07:34","guid":{"rendered":"http:\/\/harspinceszet.hu\/boraszat\/?page_id=156"},"modified":"2021-03-17T20:02:20","modified_gmt":"2021-03-17T20:02:20","slug":"cabernet-franc","status":"publish","type":"page","link":"https:\/\/harspinceszet.hu\/boraszat\/cabernet-franc\/","title":{"rendered":"Cabernet Franc"},"content":{"rendered":"<p><img decoding=\"async\" class=\"alignleft wp-image-862 size-medium\" src=\"https:\/\/harspinceszet.hu\/boraszat\/wp-content\/uploads\/2017\/09\/cabfr-78x300.png\" alt=\"\" width=\"78\" height=\"300\" srcset=\"https:\/\/harspinceszet.hu\/boraszat\/wp-content\/uploads\/2017\/09\/cabfr-78x300.png 78w, https:\/\/harspinceszet.hu\/boraszat\/wp-content\/uploads\/2017\/09\/cabfr-300x1158.png 300w, https:\/\/harspinceszet.hu\/boraszat\/wp-content\/uploads\/2017\/09\/cabfr-400x1544.png 400w, https:\/\/harspinceszet.hu\/boraszat\/wp-content\/uploads\/2017\/09\/cabfr-265x1024.png 265w, https:\/\/harspinceszet.hu\/boraszat\/wp-content\/uploads\/2017\/09\/cabfr-398x1536.png 398w, https:\/\/harspinceszet.hu\/boraszat\/wp-content\/uploads\/2017\/09\/cabfr.png 456w\" sizes=\"(max-width: 78px) 100vw, 78px\" \/><\/p>\n<p style=\"text-align: left; padding-left: 160px;\"><span class=\"sectionwine\">A nagy k\u00e9ksz\u0151l\u0151-fajt\u00e1k egyike, amely a vil\u00e1g bor\u00e1szat\u00e1ban legink\u00e1bb h\u00e1zas\u00edt\u00e1sokban jelenik meg. \u00d6n\u00e1ll\u00f3 fajtabork\u00e9nt ritk\u00e1n tal\u00e1lkozhatunk vele, pedig j\u00f3 fekv\u00e9s \u00e9s j\u00f3 \u00e9vj\u00e1rat eset\u00e9n b\u00e1rsonyos, nagy extrakt tartalm\u00fa bora k\u00fcl\u00f6nleges \u00e9lm\u00e9ny.<\/span><\/p>\n<p style=\"text-align: left; padding-left: 160px;\">Illata k\u00f6zepesen intenz\u00edv, gazdagon f\u0171szeres, meggyes, kicsit f\u00f6ldes, melyben megtal\u00e1lhat\u00f3 egy paprik\u00e1s-borsos karakter is. \u00cdze telt, gazdagon textur\u00e1lt, \u00e9rett \u00e9s magas tannintartalm\u00fa. Hord\u00f3s \u00e9rlel\u00e9sb\u0151l sz\u00e1rmaz\u00f3 p\u00f6rk\u00f6l\u00e9si jegyeket is mag\u00e1n visel\u0151 \u00edzgazdag bor, k\u00f6zepes savval.<br \/>\nF\u0171szeres vad\u00e9telek p\u00e1ratlan k\u00eds\u00e9r\u0151je!<\/p>\n<p style=\"text-align: left; padding-left: 160px;\"><img decoding=\"async\" class=\"tropy\" src=\"http:\/\/www.harspinceszet.hu\/uj\/icons\/trophy-27824_640.png\" width=\"30\" height=\"30\" \/><a title=\"P\u00e9cs v\u00e1ros bora\" href=\"http:\/\/www.pecsma.hu\/abszolut-pecs\/harsek-adjak-pecs-borat\/\" target=\"_parent\" rel=\"noopener\">P\u00e9cs V\u00e1ros Bora 2014 | Cabernet Franc 2012<\/a><\/p>\n<p style=\"text-align: left; padding-left: 160px;\"><img decoding=\"async\" class=\"tropy\" src=\"http:\/\/www.harspinceszet.hu\/uj\/icons\/trophy-27824_640.png\" width=\"30\" height=\"30\" \/><a title=\"Borkiv\u00e1l\u00f3s\u00e1g\" href=\"http:\/\/www.harspinceszet.hu\/uj\/images\/oklev%C3%A9l.jpg\" target=\"_parent\" rel=\"noopener\">V\u00f6r\u00f6s- \u00e9s Roz\u00e9 borok Orsz\u00e1gk\u00f3stol\u00f3j\u00e1n <i class=\"fa fa-star\"><\/i><i class=\"fa fa-star\"><\/i><i class=\"fa fa-star\"><\/i>-os Borkiv\u00e1l\u00f3s\u00e1g 2014 | Cabernet Franc 2011<\/a><\/p>\n<p style=\"text-align: left; padding-left: 160px;\"><img decoding=\"async\" class=\"tropy\" src=\"http:\/\/www.harspinceszet.hu\/uj\/icons\/trophy-27824_640.png\" alt=\"\" width=\"30\" height=\"30\" \/> <a title=\"Pusztai BioBorverseny\" href=\"http:\/\/www.harspinceszet.hu\/uj\/images\/2014%20pusztai%20cabernet%20franc.jpg\" target=\"_parent\" rel=\"noopener\">VII. Pusztai BioBorverseny 2013 | Cabernet Franc 2012 | Arany \u00e9rem<\/a><\/p>\n<p>&nbsp;<\/p>\n","protected":false},"excerpt":{"rendered":"<p class=\"excerpt\">A nagy k\u00e9ksz\u0151l\u0151-fajt\u00e1k egyike, amely a vil\u00e1g bor\u00e1szat\u00e1ban legink\u00e1bb h\u00e1zas\u00edt\u00e1sokban jelenik meg. \u00d6n\u00e1ll\u00f3 fajtabork\u00e9nt ritk\u00e1n tal\u00e1lkozhatunk vele, pedig j\u00f3 fekv\u00e9s \u00e9s j\u00f3 \u00e9vj\u00e1rat eset\u00e9n b\u00e1rsonyos, nagy extrakt tartalm\u00fa bora k\u00fcl\u00f6nleges \u00e9lm\u00e9ny. Illata k\u00f6zepesen intenz\u00edv, gazdagon f\u0171szeres, meggyes, kicsit f\u00f6ldes, melyben megtal\u00e1lhat\u00f3 egy paprik\u00e1s-borsos karakter is. \u00cdze telt, gazdagon textur\u00e1lt, \u00e9rett \u00e9s magas tannintartalm\u00fa. Hord\u00f3s \u00e9rlel\u00e9sb\u0151l [&hellip;]<\/p>\n","protected":false},"author":1,"featured_media":0,"parent":0,"menu_order":0,"comment_status":"closed","ping_status":"closed","template":"","meta":{"_monsterinsights_skip_tracking":false,"_monsterinsights_sitenote_active":false,"_monsterinsights_sitenote_note":"","_monsterinsights_sitenote_category":0,"footnotes":""},"class_list":["post-156","page","type-page","status-publish","hentry"],"_links":{"self":[{"href":"https:\/\/harspinceszet.hu\/boraszat\/wp-json\/wp\/v2\/pages\/156","targetHints":{"allow":["GET"]}}],"collection":[{"href":"https:\/\/harspinceszet.hu\/boraszat\/wp-json\/wp\/v2\/pages"}],"about":[{"href":"https:\/\/harspinceszet.hu\/boraszat\/wp-json\/wp\/v2\/types\/page"}],"author":[{"embeddable":true,"href":"https:\/\/harspinceszet.hu\/boraszat\/wp-json\/wp\/v2\/users\/1"}],"replies":[{"embeddable":true,"href":"https:\/\/harspinceszet.hu\/boraszat\/wp-json\/wp\/v2\/comments?post=156"}],"version-history":[{"count":8,"href":"https:\/\/harspinceszet.hu\/boraszat\/wp-json\/wp\/v2\/pages\/156\/revisions"}],"predecessor-version":[{"id":927,"href":"https:\/\/harspinceszet.hu\/boraszat\/wp-json\/wp\/v2\/pages\/156\/revisions\/927"}],"wp:attachment":[{"href":"https:\/\/harspinceszet.hu\/boraszat\/wp-json\/wp\/v2\/media?parent=156"}],"curies":[{"name":"wp","href":"https:\/\/api.w.org\/{rel}","templated":true}]}}