{"id":158,"date":"2017-09-06T16:07:55","date_gmt":"2017-09-06T16:07:55","guid":{"rendered":"http:\/\/harspinceszet.hu\/boraszat\/?page_id=158"},"modified":"2021-03-17T20:50:39","modified_gmt":"2021-03-17T20:50:39","slug":"voros-hazasitas","status":"publish","type":"page","link":"https:\/\/harspinceszet.hu\/boraszat\/voros-hazasitas\/","title":{"rendered":"Tilia Cuv\u00e9e"},"content":{"rendered":"<p><span class=\"sectionwine\"><img decoding=\"async\" class=\"size-medium wp-image-857 alignleft\" src=\"https:\/\/harspinceszet.hu\/boraszat\/wp-content\/uploads\/2019\/11\/tilia-78x300.png\" alt=\"\" width=\"78\" height=\"300\" srcset=\"https:\/\/harspinceszet.hu\/boraszat\/wp-content\/uploads\/2019\/11\/tilia-78x300.png 78w, https:\/\/harspinceszet.hu\/boraszat\/wp-content\/uploads\/2019\/11\/tilia-300x1158.png 300w, https:\/\/harspinceszet.hu\/boraszat\/wp-content\/uploads\/2019\/11\/tilia-400x1544.png 400w, https:\/\/harspinceszet.hu\/boraszat\/wp-content\/uploads\/2019\/11\/tilia-265x1024.png 265w, https:\/\/harspinceszet.hu\/boraszat\/wp-content\/uploads\/2019\/11\/tilia-398x1536.png 398w, https:\/\/harspinceszet.hu\/boraszat\/wp-content\/uploads\/2019\/11\/tilia.png 456w\" sizes=\"(max-width: 78px) 100vw, 78px\" \/><\/span><\/p>\n<p style=\"padding-left: 160px;\"><span class=\"sectionwine\">Gy\u00fcm\u00f6lcs\u00f6s, de m\u00e9gis karakteres v\u00f6r\u00f6sbor h\u00e1zas\u00edt\u00e1s Cabernet Sauvignon-b\u00f3l, Cabernet Franc-b\u00f3l \u00e9s Merlot-b\u00f3l.<\/span><\/p>\n<p style=\"padding-left: 160px;\">S\u00f6t\u00e9t v\u00f6r\u00f6s sz\u00edn, sokr\u00e9t\u0171 gy\u00fcm\u00f6lcs\u00f6s, f\u00e1s illatvil\u00e1ggal, sz\u00e1jban izgalmas, kerek, szofisztik\u00e1lt \u00e9s buja, lecseng\u00e9se nagyon hossz\u00fa.<\/p>\n<p style=\"padding-left: 160px;\"><img decoding=\"async\" class=\"tropy\" src=\"http:\/\/www.harspinceszet.hu\/uj\/icons\/trophy-27824_640.png\" width=\"30\" height=\"30\" \/><a title=\"Pusztai Bioborverseny\" href=\"http:\/\/hunorgfarm.hu\/2012\/10\/08\/6-pusztai-bioborverseny\/\" target=\"_self\" rel=\"noopener\">VI. Pusztai Bioborverseny 2012 | V\u00f6r\u00f6s H\u00e1zas\u00edt\u00e1s 2009 | Cs\u00facs Bor<\/a><\/p>\n<p style=\"padding-left: 160px;\">\n","protected":false},"excerpt":{"rendered":"<p class=\"excerpt\">Gy\u00fcm\u00f6lcs\u00f6s, de m\u00e9gis karakteres v\u00f6r\u00f6sbor h\u00e1zas\u00edt\u00e1s Cabernet Sauvignon-b\u00f3l, Cabernet Franc-b\u00f3l \u00e9s Merlot-b\u00f3l. S\u00f6t\u00e9t v\u00f6r\u00f6s sz\u00edn, sokr\u00e9t\u0171 gy\u00fcm\u00f6lcs\u00f6s, f\u00e1s illatvil\u00e1ggal, sz\u00e1jban izgalmas, kerek, szofisztik\u00e1lt \u00e9s buja, lecseng\u00e9se nagyon hossz\u00fa. VI. Pusztai Bioborverseny 2012 | V\u00f6r\u00f6s H\u00e1zas\u00edt\u00e1s 2009 | Cs\u00facs Bor<\/p>\n","protected":false},"author":1,"featured_media":0,"parent":0,"menu_order":0,"comment_status":"closed","ping_status":"closed","template":"","meta":{"_monsterinsights_skip_tracking":false,"_monsterinsights_sitenote_active":false,"_monsterinsights_sitenote_note":"","_monsterinsights_sitenote_category":0,"footnotes":""},"class_list":["post-158","page","type-page","status-publish","hentry"],"_links":{"self":[{"href":"https:\/\/harspinceszet.hu\/boraszat\/wp-json\/wp\/v2\/pages\/158","targetHints":{"allow":["GET"]}}],"collection":[{"href":"https:\/\/harspinceszet.hu\/boraszat\/wp-json\/wp\/v2\/pages"}],"about":[{"href":"https:\/\/harspinceszet.hu\/boraszat\/wp-json\/wp\/v2\/types\/page"}],"author":[{"embeddable":true,"href":"https:\/\/harspinceszet.hu\/boraszat\/wp-json\/wp\/v2\/users\/1"}],"replies":[{"embeddable":true,"href":"https:\/\/harspinceszet.hu\/boraszat\/wp-json\/wp\/v2\/comments?post=158"}],"version-history":[{"count":4,"href":"https:\/\/harspinceszet.hu\/boraszat\/wp-json\/wp\/v2\/pages\/158\/revisions"}],"predecessor-version":[{"id":970,"href":"https:\/\/harspinceszet.hu\/boraszat\/wp-json\/wp\/v2\/pages\/158\/revisions\/970"}],"wp:attachment":[{"href":"https:\/\/harspinceszet.hu\/boraszat\/wp-json\/wp\/v2\/media?parent=158"}],"curies":[{"name":"wp","href":"https:\/\/api.w.org\/{rel}","templated":true}]}}