{"id":160,"date":"2017-09-06T16:08:17","date_gmt":"2017-09-06T16:08:17","guid":{"rendered":"http:\/\/harspinceszet.hu\/boraszat\/?page_id=160"},"modified":"2021-03-17T20:02:59","modified_gmt":"2021-03-17T20:02:59","slug":"cabernet-sauvignon","status":"publish","type":"page","link":"https:\/\/harspinceszet.hu\/boraszat\/cabernet-sauvignon\/","title":{"rendered":"Cabernet Sauvignon"},"content":{"rendered":"<p><img decoding=\"async\" class=\"size-medium wp-image-861 alignleft\" src=\"https:\/\/harspinceszet.hu\/boraszat\/wp-content\/uploads\/2017\/09\/cabsav-78x300.png\" alt=\"\" width=\"78\" height=\"300\" srcset=\"https:\/\/harspinceszet.hu\/boraszat\/wp-content\/uploads\/2017\/09\/cabsav-78x300.png 78w, https:\/\/harspinceszet.hu\/boraszat\/wp-content\/uploads\/2017\/09\/cabsav-300x1158.png 300w, https:\/\/harspinceszet.hu\/boraszat\/wp-content\/uploads\/2017\/09\/cabsav-400x1544.png 400w, https:\/\/harspinceszet.hu\/boraszat\/wp-content\/uploads\/2017\/09\/cabsav-265x1024.png 265w, https:\/\/harspinceszet.hu\/boraszat\/wp-content\/uploads\/2017\/09\/cabsav-398x1536.png 398w, https:\/\/harspinceszet.hu\/boraszat\/wp-content\/uploads\/2017\/09\/cabsav.png 456w\" sizes=\"(max-width: 78px) 100vw, 78px\" \/><\/p>\n<p style=\"padding-left: 160px;\"><span class=\"sectionwine\">Illat\u00e1ban a fekete ribizli, menta \u00e9s p\u00f6rk\u00f6l\u00e9si jegyek t\u00f6rnek el\u0151. \u00cdz\u00e9ben meg\u0151rzi gy\u00fcm\u00f6lcs\u00f6ss\u00e9g\u00e9t, fekete ribizli, \u00e9rett cseresznye, meggy, f\u0171szerpaprika,\u00a0<\/span><span class=\"sectionwine\">\u00e9des f\u0171szerek, c\u00e9drusfa \u00e9s p\u00f6rk\u00f6l\u00e9si arom\u00e1k \u00e9rezhet\u0151ek.<\/span><\/p>\n<p style=\"padding-left: 160px;\">Hat\u00e1rozott strukt\u00far\u00e1j\u00fa, rusztikus st\u00edlus\u00fa, \u00e9l\u00e9nk sav\u00fa bor, s\u00falyos, robosztus testtel, er\u0151teljes tanninokkal \u00e9s magas alkohollal.<\/p>\n<p style=\"padding-left: 160px;\">Gazdag tanninja miatt intenz\u00edv \u00edzek, f\u00fcst\u00f6lt arom\u00e1k, em\u00e9szt\u00e9st k\u00f6nny\u00edt\u0151 hat\u00e1sa miatt f\u0171szeres grill \u00e9telek, gazdag v\u00f6r\u00f6s h\u00fasok p\u00e1rja.<\/p>\n<p style=\"padding-left: 160px;\"><img decoding=\"async\" class=\"tropy\" src=\"http:\/\/www.harspinceszet.hu\/uj\/icons\/trophy-27824_640.png\" alt=\"\" width=\"30\" height=\"30\" \/><a title=\"Pusztai Bioborverseny\" href=\"http:\/\/www.harspinceszet.hu\/uj\/images\/2014%20pusztai%20cab%20sav.jpg?id=156\" target=\"_parent\" rel=\"noopener\">VII. Pusztai Bioborverseny 2013 | Cabernet Sauvignon 2012 | Arany\u00e9rmes<\/a><\/p>\n<p style=\"padding-left: 160px;\"><img decoding=\"async\" class=\"tropy\" src=\"http:\/\/www.harspinceszet.hu\/uj\/icons\/trophy-27824_640.png\" alt=\"\" width=\"30\" height=\"30\" \/><a href=\"http:\/\/www.harspinceszet.hu\/uj\/images\/2014%20borkiv%20cab%20s.jpg\" target=\"_parent\" rel=\"noopener\">\u00a0V\u00f6r\u00f6s- \u00e9s Roz\u00e9 borok Orsz\u00e1gk\u00f3stol\u00f3j\u00e1n <i class=\"fa fa-star\"><\/i><i class=\"fa fa-star\"><\/i><i class=\"fa fa-star\"><\/i>-os Borkiv\u00e1l\u00f3s\u00e1g 2014 | Cabernet Sauvignon 2011<\/a><\/p>\n<p style=\"padding-left: 160px;\"><img decoding=\"async\" class=\"tropy\" src=\"http:\/\/www.harspinceszet.hu\/uj\/icons\/trophy-27824_640.png\" alt=\"\" width=\"30\" height=\"30\" \/> <a title=\"Baranya Megye V\u00f6r\u00f6sbora 2010\" href=\"http:\/\/www.pecsiborozo.hu\/blog\/borok_a_megyebol\" target=\"_parent\" rel=\"noopener\">Baranya Megye V\u00f6r\u00f6sbora 2010 | Cabernet Sauvignon 2008<\/a><\/p>\n<p style=\"padding-left: 160px;\"><img decoding=\"async\" class=\"tropy\" src=\"http:\/\/www.harspinceszet.hu\/uj\/icons\/trophy-27824_640.png\" alt=\"\" width=\"30\" height=\"30\" \/><a title=\"Pusztai Bioborverseny\" href=\"http:\/\/www.holborozzunk.hu\/hir.php?id=156\" target=\"_parent\" rel=\"noopener\">IV. Pusztai Bioborverseny 2010 | Cabernet Sauvignon 2008 | Cs\u00facs Bor<\/a><\/p>\n<p style=\"padding-left: 160px;\"><img decoding=\"async\" class=\"tropy\" src=\"http:\/\/www.harspinceszet.hu\/uj\/icons\/trophy-27824_640.png\" alt=\"\" width=\"30\" height=\"30\" \/><a title=\"Pusztai Bioborverseny\" href=\"http:\/\/www.harspinceszet.hu\/uj\/images\/2009III_PusztaiBio_CsucsBora_CabernetSauvignon2007.jpg\" target=\"_parent\" rel=\"noopener\">III. Pusztai Bioborverseny 2009 | Szajki Cabernet Sauvignon 2007 | Cs\u00facs Bor<\/a><\/p>\n<p style=\"padding-left: 40px;\">\n","protected":false},"excerpt":{"rendered":"<p class=\"excerpt\">Illat\u00e1ban a fekete ribizli, menta \u00e9s p\u00f6rk\u00f6l\u00e9si jegyek t\u00f6rnek el\u0151. \u00cdz\u00e9ben meg\u0151rzi gy\u00fcm\u00f6lcs\u00f6ss\u00e9g\u00e9t, fekete ribizli, \u00e9rett cseresznye, meggy, f\u0171szerpaprika,\u00a0\u00e9des f\u0171szerek, c\u00e9drusfa \u00e9s p\u00f6rk\u00f6l\u00e9si arom\u00e1k \u00e9rezhet\u0151ek. Hat\u00e1rozott strukt\u00far\u00e1j\u00fa, rusztikus st\u00edlus\u00fa, \u00e9l\u00e9nk sav\u00fa bor, s\u00falyos, robosztus testtel, er\u0151teljes tanninokkal \u00e9s magas alkohollal. Gazdag tanninja miatt intenz\u00edv \u00edzek, f\u00fcst\u00f6lt arom\u00e1k, em\u00e9szt\u00e9st k\u00f6nny\u00edt\u0151 hat\u00e1sa miatt f\u0171szeres grill \u00e9telek, gazdag [&hellip;]<\/p>\n","protected":false},"author":1,"featured_media":0,"parent":0,"menu_order":0,"comment_status":"closed","ping_status":"closed","template":"","meta":{"_monsterinsights_skip_tracking":false,"_monsterinsights_sitenote_active":false,"_monsterinsights_sitenote_note":"","_monsterinsights_sitenote_category":0,"footnotes":""},"class_list":["post-160","page","type-page","status-publish","hentry"],"_links":{"self":[{"href":"https:\/\/harspinceszet.hu\/boraszat\/wp-json\/wp\/v2\/pages\/160","targetHints":{"allow":["GET"]}}],"collection":[{"href":"https:\/\/harspinceszet.hu\/boraszat\/wp-json\/wp\/v2\/pages"}],"about":[{"href":"https:\/\/harspinceszet.hu\/boraszat\/wp-json\/wp\/v2\/types\/page"}],"author":[{"embeddable":true,"href":"https:\/\/harspinceszet.hu\/boraszat\/wp-json\/wp\/v2\/users\/1"}],"replies":[{"embeddable":true,"href":"https:\/\/harspinceszet.hu\/boraszat\/wp-json\/wp\/v2\/comments?post=160"}],"version-history":[{"count":8,"href":"https:\/\/harspinceszet.hu\/boraszat\/wp-json\/wp\/v2\/pages\/160\/revisions"}],"predecessor-version":[{"id":930,"href":"https:\/\/harspinceszet.hu\/boraszat\/wp-json\/wp\/v2\/pages\/160\/revisions\/930"}],"wp:attachment":[{"href":"https:\/\/harspinceszet.hu\/boraszat\/wp-json\/wp\/v2\/media?parent=160"}],"curies":[{"name":"wp","href":"https:\/\/api.w.org\/{rel}","templated":true}]}}