{"id":17,"date":"2017-09-05T16:25:12","date_gmt":"2017-09-05T16:25:12","guid":{"rendered":"http:\/\/harspinceszet.hu\/boraszat\/?page_id=17"},"modified":"2024-06-13T13:19:04","modified_gmt":"2024-06-13T13:19:04","slug":"borkostolo","status":"publish","type":"page","link":"https:\/\/harspinceszet.hu\/boraszat\/borkostolo\/","title":{"rendered":"Bork\u00f3stol\u00f3"},"content":{"rendered":"<div id=\"section\">\n<p>Bork\u00f3stol\u00f3k, borvacsor\u00e1k, csal\u00e1di esem\u00e9nyek, esk\u00fcv\u0151k, szakmai el\u0151ad\u00e1sok helysz\u00edn\u00e9\u00fcl szolg\u00e1l az ak\u00e1r 65 f\u0151 vend\u00e9gl\u00e1t\u00e1sra berendezett f\u00f6ldh\u00e1z t\u00edpus\u00fa bork\u00f3stol\u00f3 pinc\u00e9nk, kiszolg\u00e1lva a kisebb rendezv\u00e9nyek lebonyol\u00edt\u00e1s\u00e1t \u00e9s a nagyobb csoportok fogad\u00e1s\u00e1t is.<\/p>\n<p>Igaz\u00e1n p\u00e1ratlan hangulat\u00fa, a term\u00e9szettel harmoniz\u00e1l\u00f3 k\u00f6rnyezetben fogadjuk vend\u00e9geinket, amely j\u00f3 id\u0151ben egy \u00e1rnyas borterasszal b\u0151v\u00fcl.<\/p>\n<p>Az al\u00e1bbi szolg\u00e1ltat\u00e1sokat k\u00edn\u00e1ljuk:<\/p>\n<ul>\n<li><strong>Bork\u00f3stol\u00e1s<\/strong><\/li>\n<\/ul>\n<p>A bork\u00f3stol\u00f3kat az egyedi ig\u00e9nyeknek megfelel\u0151en \u00e1ll\u00edtjuk \u00f6ssze, tipikusan 6-10 fajta bor k\u00f3stol\u00e1s\u00e1t javasoljuk egy alkalommal, melyhez borkorcsoly\u00e1t biztos\u00edtunk.<\/p>\n<p>Az egyedi \u00e9p\u00fclet az eleg\u00e1ns bels\u0151 t\u00e9rrel p\u00e1rosulva k\u00fcl\u00f6nleges hangulatot biztos\u00edt a k\u00f3stol\u00e1shoz, a remek hangulatr\u00f3l \u00e9s \u00e9lm\u00e9nyr\u0151l pedig mi gondoskodunk.<\/p>\n<ul>\n<li><strong>Teremb\u00e9rl\u00e9s<\/strong><\/li>\n<\/ul>\n<p>Bork\u00f3stol\u00f3k, borvacsor\u00e1k, csal\u00e1di esem\u00e9nyek, esk\u00fcv\u0151k, szakmai el\u0151ad\u00e1sok, egy\u00e9b rendezv\u00e9nyek ig\u00e9nyeire szabva.<\/p>\n<p>A bels\u0151 t\u00e9r k\u00fcl\u00f6nf\u00e9lek\u00e9ppen vari\u00e1lhat\u00f3 elrendez\u00e9s\u00e9nek \u00e9s megvil\u00e1g\u00edt\u00e1s\u00e1nak var\u00e1zsa, hogy kreat\u00edv m\u00f3don k\u00e9nyelmes, t\u00e1gas teret teremt ak\u00e1r 65 f\u0151 sz\u00e1m\u00e1ra is, ugyanakkor n\u00e9h\u00e1ny v\u00e1ltoztat\u00e1ssal kisebb csoportok is otthonosan \u00e9rzik magukat.<\/p>\n<ul>\n<li><strong>Tematikus k\u00f3stol\u00f3estek<\/strong><\/li>\n<\/ul>\n<p>A nyitott pinc\u00e9k st\u00edlus\u00e1ban k\u00f6tetlen hangulat\u00fa, tematikus bork\u00f3stol\u00f3t szervez\u00fcnk a k\u00f3stol\u00f3pinc\u00e9nk \u00e1rnyas terasz\u00e1n, ahol a di\u00f3fa lombj\u00e1n cs\u00fcng\u0151 \u00e9s k\u00f6nny\u0171 dallamokkal v\u00e1runk.<\/p>\n<p>Az esem\u00e9nyr\u0151l tov\u00e1bbi inform\u00e1ci\u00f3 a <a href=\"https:\/\/www.facebook.com\/Harspinceszet\">facebook<\/a> oldalunkon tal\u00e1lhat\u00f3.<\/p>\n<p>Keress minket al\u00e1bbi el\u00e9rhet\u0151s\u00e9geinken:<\/p>\n<p><a href=\"mailto:kapcsolat@harspinceszet.hu\"><strong>kapcsolat @ harspinceszet . hu<\/strong><\/a><\/p>\n<p><strong>+36704080466<\/strong><\/p>\n<p>V\u00e1runk szeretettel!<\/p>\n<div data-carousel-extra='{\"blog_id\":1,\"permalink\":\"https:\\\/\\\/harspinceszet.hu\\\/boraszat\\\/borkostolo\\\/\"}' class=\"tiled-gallery type-square\" data-original-width=\"1080\"><div class=\"tiled-gallery-item\"><a border=\"0\" href=\"https:\/\/harspinceszet.hu\/boraszat\/foldhaz1\/\"><img decoding=\"async\" data-attachment-id=\"54\" data-orig-file=\"https:\/\/harspinceszet.hu\/boraszat\/wp-content\/uploads\/2017\/09\/foldhaz1.jpg\" data-orig-size=\"1024,683\" data-comments-opened=\"0\" data-image-meta=\"{&quot;aperture&quot;:&quot;3&quot;,&quot;credit&quot;:&quot;&quot;,&quot;camera&quot;:&quot;COOLPIX P520&quot;,&quot;caption&quot;:&quot;&quot;,&quot;created_timestamp&quot;:&quot;1410534994&quot;,&quot;copyright&quot;:&quot;&quot;,&quot;focal_length&quot;:&quot;4.3&quot;,&quot;iso&quot;:&quot;80&quot;,&quot;shutter_speed&quot;:&quot;0.001&quot;,&quot;title&quot;:&quot;&quot;,&quot;orientation&quot;:&quot;1&quot;}\" data-image-title=\"foldhaz1\" data-image-description=\"\" data-medium-file=\"https:\/\/harspinceszet.hu\/boraszat\/wp-content\/uploads\/2017\/09\/foldhaz1-300x200.jpg\" data-large-file=\"https:\/\/harspinceszet.hu\/boraszat\/wp-content\/uploads\/2017\/09\/foldhaz1-1024x683.jpg\" style=\"margin: 2px\" src=\"https:\/\/harspinceszet.hu\/boraszat\/wp-content\/uploads\/2017\/09\/foldhaz1-535x535.jpg\" width=535 height=535 title=\"foldhaz1\" \/><\/a><\/div><div class=\"tiled-gallery-item\"><a border=\"0\" href=\"https:\/\/harspinceszet.hu\/boraszat\/borkostolo\/107044562_10157458002869109_7535679290985974209_o\/\"><img decoding=\"async\" data-attachment-id=\"973\" data-orig-file=\"https:\/\/harspinceszet.hu\/boraszat\/wp-content\/uploads\/2021\/03\/107044562_10157458002869109_7535679290985974209_o.jpg\" data-orig-size=\"2048,1536\" data-comments-opened=\"0\" data-image-meta=\"{&quot;aperture&quot;:&quot;0&quot;,&quot;credit&quot;:&quot;&quot;,&quot;camera&quot;:&quot;&quot;,&quot;caption&quot;:&quot;&quot;,&quot;created_timestamp&quot;:&quot;0&quot;,&quot;copyright&quot;:&quot;&quot;,&quot;focal_length&quot;:&quot;0&quot;,&quot;iso&quot;:&quot;0&quot;,&quot;shutter_speed&quot;:&quot;0&quot;,&quot;title&quot;:&quot;&quot;,&quot;orientation&quot;:&quot;0&quot;}\" data-image-title=\"107044562_10157458002869109_7535679290985974209_o\" data-image-description=\"\" data-medium-file=\"https:\/\/harspinceszet.hu\/boraszat\/wp-content\/uploads\/2021\/03\/107044562_10157458002869109_7535679290985974209_o-300x225.jpg\" data-large-file=\"https:\/\/harspinceszet.hu\/boraszat\/wp-content\/uploads\/2021\/03\/107044562_10157458002869109_7535679290985974209_o-1024x768.jpg\" style=\"margin: 2px\" src=\"https:\/\/harspinceszet.hu\/boraszat\/wp-content\/uploads\/2021\/03\/107044562_10157458002869109_7535679290985974209_o-535x535.jpg\" width=535 height=535 title=\"107044562_10157458002869109_7535679290985974209_o\" \/><\/a><\/div><div class=\"tiled-gallery-item\"><a border=\"0\" href=\"https:\/\/harspinceszet.hu\/boraszat\/pinceures1\/\"><img decoding=\"async\" data-attachment-id=\"70\" data-orig-file=\"https:\/\/harspinceszet.hu\/boraszat\/wp-content\/uploads\/2017\/09\/Pinceures1.jpg\" data-orig-size=\"600,400\" data-comments-opened=\"0\" data-image-meta=\"{&quot;aperture&quot;:&quot;3&quot;,&quot;credit&quot;:&quot;&quot;,&quot;camera&quot;:&quot;COOLPIX P520&quot;,&quot;caption&quot;:&quot;&quot;,&quot;created_timestamp&quot;:&quot;1410534146&quot;,&quot;copyright&quot;:&quot;&quot;,&quot;focal_length&quot;:&quot;4.3&quot;,&quot;iso&quot;:&quot;110&quot;,&quot;shutter_speed&quot;:&quot;0.033333333333333&quot;,&quot;title&quot;:&quot;&quot;,&quot;orientation&quot;:&quot;1&quot;}\" data-image-title=\"Pinceures1\" data-image-description=\"\" data-medium-file=\"https:\/\/harspinceszet.hu\/boraszat\/wp-content\/uploads\/2017\/09\/Pinceures1-300x200.jpg\" data-large-file=\"https:\/\/harspinceszet.hu\/boraszat\/wp-content\/uploads\/2017\/09\/Pinceures1.jpg\" style=\"margin: 2px\" src=\"https:\/\/harspinceszet.hu\/boraszat\/wp-content\/uploads\/2017\/09\/Pinceures1-356x356.jpg\" width=356 height=356 title=\"Pinceures1\" \/><\/a><\/div><div class=\"tiled-gallery-item\"><a border=\"0\" href=\"https:\/\/harspinceszet.hu\/boraszat\/borkostolo\/0u0a6129\/\"><img decoding=\"async\" data-attachment-id=\"974\" data-orig-file=\"https:\/\/harspinceszet.hu\/boraszat\/wp-content\/uploads\/2021\/03\/0U0A6129-scaled.jpg\" data-orig-size=\"2560,1707\" data-comments-opened=\"0\" data-image-meta=\"{&quot;aperture&quot;:&quot;4&quot;,&quot;credit&quot;:&quot;juditszele&quot;,&quot;camera&quot;:&quot;Canon EOS 5D Mark III&quot;,&quot;caption&quot;:&quot;&quot;,&quot;created_timestamp&quot;:&quot;1593890190&quot;,&quot;copyright&quot;:&quot;JUDIT*SZELE&quot;,&quot;focal_length&quot;:&quot;24&quot;,&quot;iso&quot;:&quot;400&quot;,&quot;shutter_speed&quot;:&quot;0.005&quot;,&quot;title&quot;:&quot;&quot;,&quot;orientation&quot;:&quot;0&quot;}\" data-image-title=\"0U0A6129\" data-image-description=\"\" data-medium-file=\"https:\/\/harspinceszet.hu\/boraszat\/wp-content\/uploads\/2021\/03\/0U0A6129-300x200.jpg\" data-large-file=\"https:\/\/harspinceszet.hu\/boraszat\/wp-content\/uploads\/2021\/03\/0U0A6129-1024x683.jpg\" style=\"margin: 2px\" src=\"https:\/\/harspinceszet.hu\/boraszat\/wp-content\/uploads\/2021\/03\/0U0A6129-scaled-356x356.jpg\" width=356 height=356 title=\"0U0A6129\" \/><\/a><\/div><div class=\"tiled-gallery-item\"><a border=\"0\" href=\"https:\/\/harspinceszet.hu\/boraszat\/p1090270\/\"><img decoding=\"async\" data-attachment-id=\"61\" data-orig-file=\"https:\/\/harspinceszet.hu\/boraszat\/wp-content\/uploads\/2017\/09\/P1090270.jpg\" data-orig-size=\"439,585\" data-comments-opened=\"0\" data-image-meta=\"{&quot;aperture&quot;:&quot;0&quot;,&quot;credit&quot;:&quot;Picasa&quot;,&quot;camera&quot;:&quot;&quot;,&quot;caption&quot;:&quot;&quot;,&quot;created_timestamp&quot;:&quot;0&quot;,&quot;copyright&quot;:&quot;&quot;,&quot;focal_length&quot;:&quot;0&quot;,&quot;iso&quot;:&quot;0&quot;,&quot;shutter_speed&quot;:&quot;0&quot;,&quot;title&quot;:&quot;&quot;,&quot;orientation&quot;:&quot;0&quot;}\" data-image-title=\"P1090270\" data-image-description=\"\" data-medium-file=\"https:\/\/harspinceszet.hu\/boraszat\/wp-content\/uploads\/2017\/09\/P1090270-225x300.jpg\" data-large-file=\"https:\/\/harspinceszet.hu\/boraszat\/wp-content\/uploads\/2017\/09\/P1090270.jpg\" style=\"margin: 2px\" src=\"https:\/\/harspinceszet.hu\/boraszat\/wp-content\/uploads\/2017\/09\/P1090270-356x356.jpg\" width=356 height=356 title=\"P1090270\" \/><\/a><\/div><\/div>\n<\/div>\n","protected":false},"excerpt":{"rendered":"<p class=\"excerpt\">Bork\u00f3stol\u00f3k, borvacsor\u00e1k, csal\u00e1di esem\u00e9nyek, esk\u00fcv\u0151k, szakmai el\u0151ad\u00e1sok helysz\u00edn\u00e9\u00fcl szolg\u00e1l az ak\u00e1r 65 f\u0151 vend\u00e9gl\u00e1t\u00e1sra berendezett f\u00f6ldh\u00e1z t\u00edpus\u00fa bork\u00f3stol\u00f3 pinc\u00e9nk, kiszolg\u00e1lva a kisebb rendezv\u00e9nyek lebonyol\u00edt\u00e1s\u00e1t \u00e9s a nagyobb csoportok fogad\u00e1s\u00e1t is. Igaz\u00e1n p\u00e1ratlan hangulat\u00fa, a term\u00e9szettel harmoniz\u00e1l\u00f3 k\u00f6rnyezetben fogadjuk vend\u00e9geinket, amely j\u00f3 id\u0151ben egy \u00e1rnyas borterasszal b\u0151v\u00fcl. Az al\u00e1bbi szolg\u00e1ltat\u00e1sokat k\u00edn\u00e1ljuk: Bork\u00f3stol\u00e1s A bork\u00f3stol\u00f3kat az egyedi [&hellip;]<\/p>\n","protected":false},"author":1,"featured_media":0,"parent":0,"menu_order":0,"comment_status":"closed","ping_status":"closed","template":"","meta":{"_monsterinsights_skip_tracking":false,"_monsterinsights_sitenote_active":false,"_monsterinsights_sitenote_note":"","_monsterinsights_sitenote_category":0,"footnotes":""},"class_list":["post-17","page","type-page","status-publish","hentry"],"_links":{"self":[{"href":"https:\/\/harspinceszet.hu\/boraszat\/wp-json\/wp\/v2\/pages\/17","targetHints":{"allow":["GET"]}}],"collection":[{"href":"https:\/\/harspinceszet.hu\/boraszat\/wp-json\/wp\/v2\/pages"}],"about":[{"href":"https:\/\/harspinceszet.hu\/boraszat\/wp-json\/wp\/v2\/types\/page"}],"author":[{"embeddable":true,"href":"https:\/\/harspinceszet.hu\/boraszat\/wp-json\/wp\/v2\/users\/1"}],"replies":[{"embeddable":true,"href":"https:\/\/harspinceszet.hu\/boraszat\/wp-json\/wp\/v2\/comments?post=17"}],"version-history":[{"count":6,"href":"https:\/\/harspinceszet.hu\/boraszat\/wp-json\/wp\/v2\/pages\/17\/revisions"}],"predecessor-version":[{"id":1251,"href":"https:\/\/harspinceszet.hu\/boraszat\/wp-json\/wp\/v2\/pages\/17\/revisions\/1251"}],"wp:attachment":[{"href":"https:\/\/harspinceszet.hu\/boraszat\/wp-json\/wp\/v2\/media?parent=17"}],"curies":[{"name":"wp","href":"https:\/\/api.w.org\/{rel}","templated":true}]}}