{"id":19,"date":"2017-09-05T16:26:53","date_gmt":"2017-09-05T16:26:53","guid":{"rendered":"http:\/\/harspinceszet.hu\/boraszat\/?page_id=19"},"modified":"2017-09-05T21:20:28","modified_gmt":"2017-09-05T21:20:28","slug":"partnereink","status":"publish","type":"page","link":"https:\/\/harspinceszet.hu\/boraszat\/partnereink\/","title":{"rendered":"Partnereink"},"content":{"rendered":"<div class=\"displaypartner\">\n<p><a href=\"http:\/\/www.myspirit.hu\/index.php\/hu\/shop\/organic\/wine\" target=\"new\">Spirit Hotel Thermal Spa *****Superior <\/a><\/p>\n<p>S\u00e1rv\u00e1r, Vadkert krt. 5.<\/p>\n<\/div>\n<div class=\"displaypartner\">\n<div class=\"logopartner\"><a href=\"http:\/\/www.carbona.hu\/\" target=\"_blank\" rel=\"noopener\"><img decoding=\"async\" class=\"logopartner\" src=\"http:\/\/www.harspinceszet.hu\/uj\/icons\/carbona.jpg\" alt=\"Carbona Hotel\" width=\"150\" height=\"64\" \/><\/a><\/div>\n<p><a href=\"http:\/\/www.carbona.hu\/\" target=\"new\">Naturmed Hotel Carbona ****Superior<\/a><\/p>\n<p>H\u00e9v\u00edz, Attila utca 1.<\/p>\n<\/div>\n<div class=\"displaypartner\">\n<div class=\"logopartner\"><a href=\"https:\/\/www.facebook.com\/nappali.bar\" target=\"_blank\" rel=\"noopener\"> <img decoding=\"async\" class=\"logopartner\" src=\"http:\/\/www.harspinceszet.hu\/uj\/icons\/nappali.jpg\" alt=\"Nappali P\u00e9cs\" width=\"110\" height=\"110\" \/><\/a><\/div>\n<p><a href=\"https:\/\/www.facebook.com\/nappali.bar\" target=\"new\">Kir\u00e1ly Nappali B\u00e1r<\/a><\/p>\n<p>P\u00e9cs, Kir\u00e1ly utca 23-25.<\/p>\n<\/div>\n<div class=\"displaypartner\">\n<div class=\"logopartner\"><a href=\"http:\/\/www.szentgyorgyfogado.hu\/\" target=\"_blank\" rel=\"noopener\"><img decoding=\"async\" class=\"logopartner\" src=\"http:\/\/www.harspinceszet.hu\/uj\/icons\/logo%20%281%29.png\" width=\"94\" height=\"110\" \/><\/a><\/div>\n<p><a href=\"http:\/\/www.szentgyorgyfogado.hu\/\" target=\"new\">Szent Gy\u00f6rgy Fogad\u00f3<\/a><\/p>\n<p>P\u00e9cs, Nagyv\u00e1rad u. 23.<\/p>\n<\/div>\n<div class=\"displaypartner\">\n<div class=\"logopartner\"><a href=\"http:\/\/www.pandeck.hu\/\" target=\"_blank\" rel=\"noopener\"><img loading=\"lazy\" decoding=\"async\" class=\"logopartner\" src=\"http:\/\/www.harspinceszet.hu\/uj\/icons\/pandeck.png\" width=\"113\" height=\"110\" \/><\/a><\/div>\n<p><a href=\"http:\/\/www.pandeck.hu\/\" target=\"new\">Panorama Deck Rendezv\u00e9nyhaj\u00f3<\/a><\/p>\n<p>Budapest, Radn\u00f3ti Mikl\u00f3s u. 40. III. 16.<\/p>\n<\/div>\n<div class=\"displaypartner\">\n<div class=\"logopartner\"><a href=\"https:\/\/www.facebook.com\/borlopo\/info?tab=overview\"><img loading=\"lazy\" decoding=\"async\" class=\"logopartner\" src=\"http:\/\/www.harspinceszet.hu\/uj\/icons\/10731062_1508702296046262_2324946447913987491_n.jpg\" width=\"150\" height=\"161\" \/><\/a><\/div>\n<p><a href=\"https:\/\/www.facebook.com\/borlopo\/info?tab=overview\" target=\"new\">Lop\u00f3 S\u00f6r- \u00e9s Borszak\u00fczlet<\/a><\/p>\n<p>Budapest, L\u00e1gym\u00e1nyosi u. 21\/A.<\/p>\n<\/div>\n<div class=\"displaypartner\">\n<div class=\"logopartner\"><a href=\"http:\/\/pampetrics.hu\/\"><img loading=\"lazy\" decoding=\"async\" class=\"logopartner\" src=\"http:\/\/www.harspinceszet.hu\/uj\/icons\/pamp.png\" width=\"150\" height=\"38\" \/><\/a><\/div>\n<p><a href=\"http:\/\/pampetrics.hu\/\" target=\"new\">Pampetrics Borkeresked\u00e9s<\/a><\/p>\n<p>Keszthely, Rezi u.,<\/p>\n<\/div>\n<div class=\"displaypartner\">\n<div class=\"logopartner\"><a href=\"http:\/\/www.pannonborbolt.hu\/borok_140\/pecsi-borvidek\/hars-csaladi-pinceszet\"><img loading=\"lazy\" decoding=\"async\" class=\"logopartner\" src=\"http:\/\/www.harspinceszet.hu\/uj\/icons\/pannon-borbolt-logo.jpg\" width=\"150\" height=\"44\" \/><\/a><\/div>\n<p><a href=\"http:\/\/www.pannonborbolt.hu\/borok_140\/pecsi-borvidek\/hars-csaladi-pinceszet\" target=\"new\">Pannon Borbolt<\/a><\/p>\n<p>P\u00e9cs, Ny\u00edrfa u. 18.<\/p>\n<\/div>\n<div class=\"displaypartner\">\n<div class=\"logopartner\"><a href=\"https:\/\/www.facebook.com\/BikePubFutar\"><img loading=\"lazy\" decoding=\"async\" class=\"logopartner\" src=\"http:\/\/www.harspinceszet.hu\/uj\/icons\/bikepub.jpg\" width=\"110\" height=\"112\" \/><\/a><\/div>\n<p><a href=\"https:\/\/www.facebook.com\/BikePubFutar\" target=\"new\">Bike Pub Italfut\u00e1r<\/a><\/p>\n<p>P\u00e9cs, J\u00f3kai t\u00e9r 6.<\/p>\n<\/div>\n<div class=\"displaypartner\">\n<div class=\"logopartner\"><a title=\"Meet and Greet\" href=\"http:\/\/www.meetandgreet.cz\/madarska-vina\/kategorie\/bio-vina.html\" target=\"new\"><img loading=\"lazy\" decoding=\"async\" class=\"logopartner\" src=\"http:\/\/www.harspinceszet.hu\/uj\/icons\/meet.jpg\" width=\"118\" height=\"110\" \/><\/a><\/div>\n<p><a href=\"http:\/\/www.meetandgreet.cz\/madarska-vina\/kategorie\/bio-vina.html\" target=\"new\">Meet and Greet &#8211; Csehorsz\u00e1g<\/a><\/p>\n<p>Aloise Havla 371\/14<br \/>\n621 00 Brno &#8211; Jehnice<\/p>\n<\/div>\n<div class=\"displaypartner\">\n<div class=\"logopartner\"><\/div>\n<p><a href=\"http:\/\/www.heerhugowijn.nl\/\" target=\"new\">HeerHugoWijn &#8211; Hollandia<\/a><\/p>\n<\/div>\n","protected":false},"excerpt":{"rendered":"<p class=\"excerpt\">Spirit Hotel Thermal Spa *****Superior S\u00e1rv\u00e1r, Vadkert krt. 5. Naturmed Hotel Carbona ****Superior H\u00e9v\u00edz, Attila utca 1. Kir\u00e1ly Nappali B\u00e1r P\u00e9cs, Kir\u00e1ly utca 23-25. Szent Gy\u00f6rgy Fogad\u00f3 P\u00e9cs, Nagyv\u00e1rad u. 23. Panorama Deck Rendezv\u00e9nyhaj\u00f3 Budapest, Radn\u00f3ti Mikl\u00f3s u. 40. III. 16. Lop\u00f3 S\u00f6r- \u00e9s Borszak\u00fczlet Budapest, L\u00e1gym\u00e1nyosi u. 21\/A. Pampetrics Borkeresked\u00e9s Keszthely, Rezi u., Pannon [&hellip;]<\/p>\n","protected":false},"author":1,"featured_media":0,"parent":0,"menu_order":0,"comment_status":"closed","ping_status":"closed","template":"","meta":{"_monsterinsights_skip_tracking":false,"_monsterinsights_sitenote_active":false,"_monsterinsights_sitenote_note":"","_monsterinsights_sitenote_category":0,"footnotes":""},"class_list":["post-19","page","type-page","status-publish","hentry"],"_links":{"self":[{"href":"https:\/\/harspinceszet.hu\/boraszat\/wp-json\/wp\/v2\/pages\/19","targetHints":{"allow":["GET"]}}],"collection":[{"href":"https:\/\/harspinceszet.hu\/boraszat\/wp-json\/wp\/v2\/pages"}],"about":[{"href":"https:\/\/harspinceszet.hu\/boraszat\/wp-json\/wp\/v2\/types\/page"}],"author":[{"embeddable":true,"href":"https:\/\/harspinceszet.hu\/boraszat\/wp-json\/wp\/v2\/users\/1"}],"replies":[{"embeddable":true,"href":"https:\/\/harspinceszet.hu\/boraszat\/wp-json\/wp\/v2\/comments?post=19"}],"version-history":[{"count":2,"href":"https:\/\/harspinceszet.hu\/boraszat\/wp-json\/wp\/v2\/pages\/19\/revisions"}],"predecessor-version":[{"id":108,"href":"https:\/\/harspinceszet.hu\/boraszat\/wp-json\/wp\/v2\/pages\/19\/revisions\/108"}],"wp:attachment":[{"href":"https:\/\/harspinceszet.hu\/boraszat\/wp-json\/wp\/v2\/media?parent=19"}],"curies":[{"name":"wp","href":"https:\/\/api.w.org\/{rel}","templated":true}]}}