{"id":305,"date":"2017-09-06T21:04:26","date_gmt":"2017-09-06T21:04:26","guid":{"rendered":"http:\/\/harspinceszet.hu\/boraszat\/?page_id=305"},"modified":"2022-11-23T20:04:01","modified_gmt":"2022-11-23T20:04:01","slug":"szallitasi-feltetelek","status":"publish","type":"page","link":"https:\/\/harspinceszet.hu\/boraszat\/szallitasi-feltetelek\/","title":{"rendered":"Sz\u00e1ll\u00edt\u00e1si felt\u00e9telek"},"content":{"rendered":"<h1 title=\"Bor\u00e1ruh\u00e1zi rendel\u00e9sek sz\u00e1ll\u00edt\u00e1sa\">SZ\u00c1LL\u00cdT\u00c1SI \u00c9S FIZET\u00c9SI FELT\u00c9TELEK<br \/>\n(kiz\u00e1r\u00f3lag web\u00e1ruh\u00e1zi rendel\u00e9sek eset\u00e9ben)<\/h1>\n<p>&nbsp;<\/p>\n<p>A borainkat, mustjainkat \u00e9s egy\u00e9b term\u00e9keinket fut\u00e1rral k\u00fcldj\u00fck, az al\u00e1bbi d\u00edjak felsz\u00e1m\u00edt\u00e1s\u00e1val:<br \/>\n* 3 palackig: 2.700.-Ft<br \/>\n* 6 palackig: 3.100.-Ft<br \/>\n* 9 palackig: 3.700.-Ft<br \/>\n* 12 palackig: 4.100.-Ft<br \/>\n* 15 palackig: 6.400.-Ft<br \/>\n* 18 palackig: 6.800.-Ft<br \/>\n* 21 palackig: 7.400.-Ft<br \/>\n* 24 palackig: 8.200.-Ft<br \/>\n* 24 palack felett ingyenes kisz\u00e1ll\u00edt\u00e1s<br \/>\n* 40.000 Ft feletti rendel\u00e9s eset\u00e9n ingyenes kisz\u00e1ll\u00edt\u00e1s<\/p>\n<p>A fenti k\u00f6lts\u00e9geket akkor is egyszer kell megfizetni, ha egy rendel\u00e9st csak t\u00f6bb csomagban vagy nem egy id\u0151ben tudjuk kisz\u00e1ll\u00edtani.<\/p>\n<p>Web\u00e1ruh\u00e1zunk megrendel\u00e9seit fut\u00e1rszolg\u00e1lat teljes\u00edti (egyedi esetben c\u00e9g\u00fcnk szem\u00e9lyesen el\u0151re egyeztetett id\u0151pontban). A csomagok k\u00e9zbes\u00edt\u00e9se munkanapokon t\u00f6rt\u00e9nik 8-17 \u00f3ra k\u00f6z\u00f6tti id\u0151szakban. Amennyiben ebben id\u0151szakban nem tart\u00f3zkodik otthon, sz\u00e1ll\u00edt\u00e1si c\u00edmk\u00e9nt c\u00e9lszer\u0171 (amennyiben van r\u00e1 lehet\u0151s\u00e9ge) munkahelyi c\u00edmet megadni. A fut\u00e1rszolg\u00e1lat k\u00e9tszeri k\u00e9zbes\u00edt\u00e9st k\u00eds\u00e9rel meg, az \u00e1t nem vett csomagok sz\u00e1ll\u00edt\u00e1si k\u00f6lts\u00e9g\u00e9t a megrendel\u0151re terhelj\u00fck! A fut\u00e1rszolg\u00e1lat el\u0151zetesen \u00e9rtes\u00edti \u00d6nt csomagj\u00e1nak felad\u00e1s\u00e1r\u00f3l.<\/p>\n<p><u>Lehet\u0151s\u00e9g van szem\u00e9lyes \u00e1tv\u00e9telre is<\/u>, melyet a web\u00e1ruh\u00e1zban a rendel\u00e9s elk\u00fcld\u00e9se el\u0151tti k\u00f6zvetlen lapon van lehet\u0151s\u00e9g jelezni. Ez esetben sz\u00e1ll\u00edt\u00e1si k\u00f6lts\u00e9g nincs, melyet a visszaigazol\u00f3 lev\u00e9lben m\u00e1r felt\u00fcntet\u00fcnk. A szem\u00e9lyes \u00e1tv\u00e9tel id\u0151pontj\u00e1nak egyeztet\u00e9se \u00fcgy\u00e9ben keressen fel valamely el\u00e9rhet\u0151s\u00e9g\u00fcnk\u00f6n.<\/p>\n<p>A rendel\u00e9ssel \u00e9s sz\u00e1ll\u00edt\u00e1ssal kapcsolatos k\u00e9rd\u00e9sben keressen minket email-en a kapcsolat@harspinceszet.hu-n, illetve a +36-70-408-0466 vagy a+36-20-992-02-88-as sz\u00e1mon.<\/p>\n<p>Probl\u00e9m\u00e1inak megold\u00e1s\u00e1ra teljes munkaid\u0151ben (H-P.: 08.00-16.00) sz\u00edvesen \u00e1llunk rendelkez\u00e9s\u00e9re.<\/p>\n<p>Megrendel\u00e9s\u00e9vel v\u00e1s\u00e1rl\u00f3nk automatikusan elfogadja az <a href=\"http:\/\/www.harspinceszet.hu\/boraszat\/aszf\"><u>\u00e1ltal\u00e1nos szerz\u0151d\u00e9si \u00e9s felhaszn\u00e1l\u00e1si felt\u00e9teleinket<\/u><\/a>.<\/p>\n<p>Sz\u00e1ll\u00edt\u00e1si k\u00f6lts\u00e9geink Magyarorsz\u00e1g ter\u00fclet\u00e9re vonatkoznak, k\u00fclf\u00f6ldi sz\u00e1ll\u00edt\u00e1si ig\u00e9ny eset\u00e9n vegye fel vel\u00fcnk a kapcsolatot valamely el\u00e9rhet\u0151s\u00e9g\u00fcnk\u00f6n!<\/p>\n<h2 class=\"aszf\">100% EL\u00c9GEDETTS\u00c9GI GARANCIA!<\/h2>\n<p>N\u00e1lunk kock\u00e1zatmentesen v\u00e1s\u00e1rolhat! Ha nem tartja megfelel\u0151 min\u0151s\u00e9g\u0171nek borainkat vagy mustjainkat, akkor visszav\u00e1s\u00e1roljuk \u00d6nt\u0151l, forduljon hozz\u00e1nk bizalommal!<\/p>\n<p>&nbsp;<\/p>\n<p>A v\u00e1ltoztat\u00e1s jog\u00e1t fenntartjuk!<\/p>\n<p class=\"kozepre\">Megtisztel\u0151 \u00e9rdekl\u0151d\u00e9s\u00e9t el\u0151re is k\u00f6sz\u00f6nj\u00fck!<\/p>\n<p class=\"jobbra\">A H\u00e1rs Pinc\u00e9szet Kft. nev\u00e9ben<br \/>\nH\u00e1rs Tibor \u00e9s H\u00e1rs J\u00f3zsef<\/p>\n","protected":false},"excerpt":{"rendered":"<p class=\"excerpt\">SZ\u00c1LL\u00cdT\u00c1SI \u00c9S FIZET\u00c9SI FELT\u00c9TELEK (kiz\u00e1r\u00f3lag web\u00e1ruh\u00e1zi rendel\u00e9sek eset\u00e9ben) &nbsp; A borainkat, mustjainkat \u00e9s egy\u00e9b term\u00e9keinket fut\u00e1rral k\u00fcldj\u00fck, az al\u00e1bbi d\u00edjak felsz\u00e1m\u00edt\u00e1s\u00e1val: * 3 palackig: 2.700.-Ft * 6 palackig: 3.100.-Ft * 9 palackig: 3.700.-Ft * 12 palackig: 4.100.-Ft * 15 palackig: 6.400.-Ft * 18 palackig: 6.800.-Ft * 21 palackig: 7.400.-Ft * 24 palackig: 8.200.-Ft * 24 [&hellip;]<\/p>\n","protected":false},"author":1,"featured_media":0,"parent":0,"menu_order":0,"comment_status":"closed","ping_status":"closed","template":"","meta":{"_monsterinsights_skip_tracking":false,"_monsterinsights_sitenote_active":false,"_monsterinsights_sitenote_note":"","_monsterinsights_sitenote_category":0,"footnotes":""},"class_list":["post-305","page","type-page","status-publish","hentry"],"_links":{"self":[{"href":"https:\/\/harspinceszet.hu\/boraszat\/wp-json\/wp\/v2\/pages\/305","targetHints":{"allow":["GET"]}}],"collection":[{"href":"https:\/\/harspinceszet.hu\/boraszat\/wp-json\/wp\/v2\/pages"}],"about":[{"href":"https:\/\/harspinceszet.hu\/boraszat\/wp-json\/wp\/v2\/types\/page"}],"author":[{"embeddable":true,"href":"https:\/\/harspinceszet.hu\/boraszat\/wp-json\/wp\/v2\/users\/1"}],"replies":[{"embeddable":true,"href":"https:\/\/harspinceszet.hu\/boraszat\/wp-json\/wp\/v2\/comments?post=305"}],"version-history":[{"count":7,"href":"https:\/\/harspinceszet.hu\/boraszat\/wp-json\/wp\/v2\/pages\/305\/revisions"}],"predecessor-version":[{"id":1137,"href":"https:\/\/harspinceszet.hu\/boraszat\/wp-json\/wp\/v2\/pages\/305\/revisions\/1137"}],"wp:attachment":[{"href":"https:\/\/harspinceszet.hu\/boraszat\/wp-json\/wp\/v2\/media?parent=305"}],"curies":[{"name":"wp","href":"https:\/\/api.w.org\/{rel}","templated":true}]}}