{"id":31,"date":"2017-09-05T16:45:12","date_gmt":"2017-09-05T16:45:12","guid":{"rendered":"http:\/\/harspinceszet.hu\/boraszat\/home-page\/"},"modified":"2026-03-22T14:15:44","modified_gmt":"2026-03-22T14:15:44","slug":"home-page","status":"publish","type":"page","link":"https:\/\/harspinceszet.hu\/boraszat\/","title":{"rendered":"Kezd\u0151lap"},"content":{"rendered":"<p>Bioborok a P\u00e9csi Borvid\u00e9kr\u0151l\t\t\t\t\t\t\t\t<\/p>\n<p><a href=\"https:\/\/harspinceszet.hu\/boraszat\/boraink\" target=\"_blank\"><br \/>\n\t\t\t\t\t\t\t\t\t\t\t\t\t\t\t\t\t\t\t\t\t\t\t\t\t<img fetchpriority=\"high\" decoding=\"async\" width=\"480\" height=\"480\" src=\"https:\/\/harspinceszet.hu\/boraszat\/wp-content\/uploads\/2017\/09\/cirfandli_leveleslink-480x480.jpg\" \/>\t\t\t\t\t\t\t\t\t\t\t\t\t\t\t\t\t\t\t\t\t\t\t\t\t<\/a><\/p>\n<p><a href=\"https:\/\/harspinceszet.hu\/boraszat\/boraink\" target=\"_blank\"><br \/>\n\t\t\t\t\t\t\t\t\t\t\t\t\t\tBioborok\t\t\t\t\t\t\t\t\t\t\t\t\t<\/a><\/p>\n<p><a href=\"https:\/\/harspinceszet.hu\/boraszat\/uzlet\/\" target=\"_blank\"><br \/>\n\t\t\t\t\t\t\t\t\t\t\t\t\t\t\t\t\t\t\t\t\t\t\t\t\t<img decoding=\"async\" width=\"480\" height=\"480\" src=\"https:\/\/harspinceszet.hu\/boraszat\/wp-content\/uploads\/2021\/03\/olaszrizling_pohar-480x480.jpg\" \/>\t\t\t\t\t\t\t\t\t\t\t\t\t\t\t\t\t\t\t\t\t\t\t\t\t<\/a><\/p>\n<p><a href=\"https:\/\/harspinceszet.hu\/boraszat\/uzlet\/\" target=\"_blank\"><br \/>\n\t\t\t\t\t\t\t\t\t\t\t\t\t\tWebshop\t\t\t\t\t\t\t\t\t\t\t\t\t<\/a><\/p>\n<p><a href=\"https:\/\/harspinceszet.hu\/boraszat\/borkostolo\"><br \/>\n\t\t\t\t\t\t\t\t\t\t\t\t\t\t\t\t\t\t\t\t\t\t\t\t\t<img decoding=\"async\" width=\"480\" height=\"480\" src=\"https:\/\/harspinceszet.hu\/boraszat\/wp-content\/uploads\/2017\/09\/foldhaz1-480x480.jpg\" \/>\t\t\t\t\t\t\t\t\t\t\t\t\t\t\t\t\t\t\t\t\t\t\t\t\t<\/a><\/p>\n<p><a href=\"https:\/\/harspinceszet.hu\/boraszat\/borkostolo\"><br \/>\n\t\t\t\t\t\t\t\t\t\t\t\t\t\tBork\u00f3stol\u00f3\t\t\t\t\t\t\t\t\t\t\t\t\t<\/a><\/p>\n<p><!-- \/row --><\/p>\n<p><!-- \/row --><\/p>\n","protected":false},"excerpt":{"rendered":"<p class=\"excerpt\">Bioborok a P\u00e9csi Borvid\u00e9kr\u0151l Bioborok Webshop Bork\u00f3stol\u00f3<\/p>\n","protected":false},"author":1,"featured_media":0,"parent":0,"menu_order":0,"comment_status":"closed","ping_status":"closed","template":"builder.php","meta":{"_monsterinsights_skip_tracking":false,"_monsterinsights_sitenote_active":false,"_monsterinsights_sitenote_note":"","_monsterinsights_sitenote_category":0,"footnotes":""},"class_list":["post-31","page","type-page","status-publish","hentry"],"_links":{"self":[{"href":"https:\/\/harspinceszet.hu\/boraszat\/wp-json\/wp\/v2\/pages\/31","targetHints":{"allow":["GET"]}}],"collection":[{"href":"https:\/\/harspinceszet.hu\/boraszat\/wp-json\/wp\/v2\/pages"}],"about":[{"href":"https:\/\/harspinceszet.hu\/boraszat\/wp-json\/wp\/v2\/types\/page"}],"author":[{"embeddable":true,"href":"https:\/\/harspinceszet.hu\/boraszat\/wp-json\/wp\/v2\/users\/1"}],"replies":[{"embeddable":true,"href":"https:\/\/harspinceszet.hu\/boraszat\/wp-json\/wp\/v2\/comments?post=31"}],"version-history":[{"count":17,"href":"https:\/\/harspinceszet.hu\/boraszat\/wp-json\/wp\/v2\/pages\/31\/revisions"}],"predecessor-version":[{"id":1462,"href":"https:\/\/harspinceszet.hu\/boraszat\/wp-json\/wp\/v2\/pages\/31\/revisions\/1462"}],"wp:attachment":[{"href":"https:\/\/harspinceszet.hu\/boraszat\/wp-json\/wp\/v2\/media?parent=31"}],"curies":[{"name":"wp","href":"https:\/\/api.w.org\/{rel}","templated":true}]}}