{"id":365,"date":"2018-01-01T08:08:13","date_gmt":"2018-01-01T08:08:13","guid":{"rendered":"http:\/\/harspinceszet.hu\/boraszat\/?page_id=365"},"modified":"2018-11-26T21:50:15","modified_gmt":"2018-11-26T21:50:15","slug":"hirlevel","status":"publish","type":"page","link":"https:\/\/harspinceszet.hu\/boraszat\/hirlevel\/","title":{"rendered":"H\u00edrlev\u00e9l"},"content":{"rendered":"<p><span class=\"kiemelbig\">Iratkozzon fel, ha<\/span><\/p>\n<div class=\"felsorolas\">\n<ul>\n<li>Tudni szeretn\u00e9 mikor juthat egy <u>palack bor<\/u>hoz <u>ingyen<\/u>&#8230;<\/li>\n<li>\u00c9rtes\u00fclni k\u00edv\u00e1n <u>kedvezm\u00e9nyes aj\u00e1nlat<\/u>ainkr\u00f3l, <u>akci\u00f3<\/u>inkr\u00f3l&#8230;<\/li>\n<li>Meg szeretne ismerkedni <u>k\u00fcl\u00f6nleges esem\u00e9nyek<\/u>kel&#8230;<\/li>\n<li><u>Javaslataival \u00e9s \u00f6tleteivel<\/u> el k\u00edv\u00e1n <u>nyerni<\/u> n\u00e9h\u00e1ny palack k\u00fcl\u00f6nleges min\u0151s\u00e9g\u0171 biobort&#8230;<\/li>\n<li>\u00c9rtes\u00edt\u00e9st szeretne <u>exkluz\u00edv h\u00edreink<\/u>r\u0151l, <u>szolg\u00e1ltat\u00e1saink<\/u>r\u00f3l&#8230;<\/li>\n<\/ul>\n<\/div>\n<p class=\"kozepre\">Mi sem szeretj\u00fck a spam-et! H\u00edrlevelet <span class=\"kiemel\">maximum \u00e9vi 6 alkalommal<\/span> k\u00fcld\u00fcnk ki.<br \/>\nA megadott adatokat bizalmasan kezelj\u00fck (<a href=\"http:\/\/harspinceszet.hu\/boraszat\/aszf\/\">ld. Web\u00e1ruh\u00e1z &gt; \u00c1SZF \u00e9s Adatkezel\u00e9s<\/a>), leiratkoz\u00e1s lehet\u0151s\u00e9ge minden kik\u00fcld\u00f6tt h\u00edrlev\u00e9l alj\u00e1n (\u00e9s egy\u00e9b el\u00e9rhet\u0151s\u00e9geinken) biztos\u00edtott.<\/p>\n  \n  \n  <div class=\"\n    mailpoet_form_popup_overlay\n      \"><\/div>\n  <div\n    id=\"mailpoet_form_1\"\n    class=\"\n      mailpoet_form\n      mailpoet_form_shortcode\n      mailpoet_form_position_\n      mailpoet_form_animation_\n    \"\n      >\n\n    <style type=\"text\/css\">\n     #mailpoet_form_1 .mailpoet_form {  }\n#mailpoet_form_1 .mailpoet_paragraph { line-height: 20px; }\n#mailpoet_form_1 .mailpoet_segment_label, #mailpoet_form_1 .mailpoet_text_label, #mailpoet_form_1 .mailpoet_textarea_label, #mailpoet_form_1 .mailpoet_select_label, #mailpoet_form_1 .mailpoet_radio_label, #mailpoet_form_1 .mailpoet_checkbox_label, #mailpoet_form_1 .mailpoet_list_label, #mailpoet_form_1 .mailpoet_date_label { display: block; font-weight: bold; }\n#mailpoet_form_1 .mailpoet_text, #mailpoet_form_1 .mailpoet_textarea, #mailpoet_form_1 .mailpoet_select, #mailpoet_form_1 .mailpoet_date_month, #mailpoet_form_1 .mailpoet_date_day, #mailpoet_form_1 .mailpoet_date_year, #mailpoet_form_1 .mailpoet_date { display: block; }\n#mailpoet_form_1 .mailpoet_text, #mailpoet_form_1 .mailpoet_textarea { width: 200px; }\n#mailpoet_form_1 .mailpoet_checkbox {  }\n#mailpoet_form_1 .mailpoet_submit input {  }\n#mailpoet_form_1 .mailpoet_divider {  }\n#mailpoet_form_1 .mailpoet_message {  }\n#mailpoet_form_1 .mailpoet_validate_success { color: #468847; }\n#mailpoet_form_1 .mailpoet_validate_error { color: #b94a48; }#mailpoet_form_1{;}#mailpoet_form_1 .mailpoet_message {margin: 0; padding: 0 20px;}#mailpoet_form_1 .mailpoet_paragraph.last {margin-bottom: 0} @media (max-width: 500px) {#mailpoet_form_1 {background-image: none;}} @media (min-width: 500px) {#mailpoet_form_1 .last .mailpoet_paragraph:last-child {margin-bottom: 0}}  @media (max-width: 500px) {#mailpoet_form_1 .mailpoet_form_column:last-child .mailpoet_paragraph:last-child {margin-bottom: 0}} \n    <\/style>\n\n    <form\n      target=\"_self\"\n      method=\"post\"\n      action=\"https:\/\/harspinceszet.hu\/boraszat\/wp-admin\/admin-post.php?action=mailpoet_subscription_form\"\n      class=\"mailpoet_form mailpoet_form_form mailpoet_form_shortcode\"\n      novalidate\n      data-delay=\"\"\n      data-exit-intent-enabled=\"\"\n      data-font-family=\"\"\n      data-cookie-expiration-time=\"\"\n    >\n      <input type=\"hidden\" name=\"data[form_id]\" value=\"1\" \/>\n      <input type=\"hidden\" name=\"token\" value=\"9a5cd42613\" \/>\n      <input type=\"hidden\" name=\"api_version\" value=\"v1\" \/>\n      <input type=\"hidden\" name=\"endpoint\" value=\"subscribers\" \/>\n      <input type=\"hidden\" name=\"mailpoet_method\" value=\"subscribe\" \/>\n\n      <label class=\"mailpoet_hp_email_label\" style=\"display: none !important;\">Please leave this field empty<input type=\"email\" name=\"data[email]\"\/><\/label><div class=\"mailpoet_paragraph\"><label for=\"form_first_name_1\" class=\"mailpoet_text_label\"  data-automation-id=\"form_first_name_label\" >Keresztn\u00e9v <span class=\"mailpoet_required\" aria-hidden=\"true\">*<\/span><\/label><input type=\"text\" autocomplete=\"given-name\" class=\"mailpoet_text\" id=\"form_first_name_1\" name=\"data[form_field_MWY5N2M4NDYzM2FhX2ZpcnN0X25hbWU=]\" title=\"Keresztn\u00e9v\" value=\"\" data-automation-id=\"form_first_name\" data-parsley-errors-container=\".mailpoet_error_wdody\" data-parsley-names='[&quot;Please specify a valid name.&quot;,&quot;Addresses in names are not permitted, please add your name instead.&quot;]' data-parsley-required=\"true\" required aria-required=\"true\" data-parsley-required-message=\"This field is required.\"\/><span class=\"mailpoet_error_wdody\"><\/span><\/div>\n<div class=\"mailpoet_paragraph\"><label for=\"form_email_1\" class=\"mailpoet_text_label\"  data-automation-id=\"form_email_label\" >Email <span class=\"mailpoet_required\" aria-hidden=\"true\">*<\/span><\/label><input type=\"email\" autocomplete=\"email\" class=\"mailpoet_text\" id=\"form_email_1\" name=\"data[form_field_NWZjMmY2YjE4MGU2X2VtYWls]\" title=\"Email\" value=\"\" data-automation-id=\"form_email\" data-parsley-errors-container=\".mailpoet_error_1dncz\" data-parsley-required=\"true\" required aria-required=\"true\" data-parsley-minlength=\"6\" data-parsley-maxlength=\"150\" data-parsley-type-message=\"This value should be a valid email.\" data-parsley-required-message=\"This field is required.\"\/><span class=\"mailpoet_error_1dncz\"><\/span><\/div>\n<div class=\"mailpoet_paragraph\"><fieldset><legend class=\"mailpoet_checkbox_label\" >Elfogadom <span class=\"mailpoet_required\" aria-hidden=\"true\">*<\/span><\/legend><input type=\"hidden\" value=\"1\"  name=\"data[cf_1]\" \/><label class=\"mailpoet_checkbox_label\" for=\"mailpoet_checkbox_1\" ><input type=\"checkbox\" class=\"mailpoet_checkbox\" id=\"mailpoet_checkbox_1\" name=\"data[cf_1]\" value=\"1\" data-parsley-errors-container=\".mailpoet_error_17ryn\" data-parsley-required=\"true\" required aria-required=\"true\" data-parsley-required-message=\"This field is required.\" data-parsley-group=\"custom_field_1\" \/> az adatv\u00e9delmi nyilatkozatot, \u00e9s feliratkozom a h\u00edrlev\u00e9lre<\/label><\/fieldset><span class=\"mailpoet_error_17ryn\"><\/span><\/div>\n<div class=\"mailpoet_paragraph\"><input type=\"submit\" class=\"mailpoet_submit\" value=\"Feliratkozom\" data-automation-id=\"subscribe-submit-button\" style=\"border-color:transparent;\" \/><span class=\"mailpoet_form_loading\"><span class=\"mailpoet_bounce1\"><\/span><span class=\"mailpoet_bounce2\"><\/span><span class=\"mailpoet_bounce3\"><\/span><\/span><\/div>\n\n      <div class=\"mailpoet_message\">\n        <p class=\"mailpoet_validate_success\"\n                style=\"display:none;\"\n                >Keresd a bej\u00f6v\u0151 levelek (vagy spam levelek) k\u00f6z\u00f6tt a Meger\u0151s\u00edt\u0151 linket az aktiv\u00e1l\u00e1shoz.\n        <\/p>\n        <p class=\"mailpoet_validate_error\"\n                style=\"display:none;\"\n                >        <\/p>\n      <\/div>\n    <\/form>\n\n      <\/div>\n\n  \n","protected":false},"excerpt":{"rendered":"<p class=\"excerpt\">Iratkozzon fel, ha Tudni szeretn\u00e9 mikor juthat egy palack borhoz ingyen&#8230; \u00c9rtes\u00fclni k\u00edv\u00e1n kedvezm\u00e9nyes aj\u00e1nlatainkr\u00f3l, akci\u00f3inkr\u00f3l&#8230; Meg szeretne ismerkedni k\u00fcl\u00f6nleges esem\u00e9nyekkel&#8230; Javaslataival \u00e9s \u00f6tleteivel el k\u00edv\u00e1n nyerni n\u00e9h\u00e1ny palack k\u00fcl\u00f6nleges min\u0151s\u00e9g\u0171 biobort&#8230; \u00c9rtes\u00edt\u00e9st szeretne exkluz\u00edv h\u00edreinkr\u0151l, szolg\u00e1ltat\u00e1sainkr\u00f3l&#8230; Mi sem szeretj\u00fck a spam-et! H\u00edrlevelet maximum \u00e9vi 6 alkalommal k\u00fcld\u00fcnk ki. A megadott adatokat bizalmasan kezelj\u00fck (ld. [&hellip;]<\/p>\n","protected":false},"author":1,"featured_media":0,"parent":0,"menu_order":0,"comment_status":"closed","ping_status":"closed","template":"","meta":{"_monsterinsights_skip_tracking":false,"_monsterinsights_sitenote_active":false,"_monsterinsights_sitenote_note":"","_monsterinsights_sitenote_category":0,"footnotes":""},"class_list":["post-365","page","type-page","status-publish","hentry"],"_links":{"self":[{"href":"https:\/\/harspinceszet.hu\/boraszat\/wp-json\/wp\/v2\/pages\/365","targetHints":{"allow":["GET"]}}],"collection":[{"href":"https:\/\/harspinceszet.hu\/boraszat\/wp-json\/wp\/v2\/pages"}],"about":[{"href":"https:\/\/harspinceszet.hu\/boraszat\/wp-json\/wp\/v2\/types\/page"}],"author":[{"embeddable":true,"href":"https:\/\/harspinceszet.hu\/boraszat\/wp-json\/wp\/v2\/users\/1"}],"replies":[{"embeddable":true,"href":"https:\/\/harspinceszet.hu\/boraszat\/wp-json\/wp\/v2\/comments?post=365"}],"version-history":[{"count":5,"href":"https:\/\/harspinceszet.hu\/boraszat\/wp-json\/wp\/v2\/pages\/365\/revisions"}],"predecessor-version":[{"id":426,"href":"https:\/\/harspinceszet.hu\/boraszat\/wp-json\/wp\/v2\/pages\/365\/revisions\/426"}],"wp:attachment":[{"href":"https:\/\/harspinceszet.hu\/boraszat\/wp-json\/wp\/v2\/media?parent=365"}],"curies":[{"name":"wp","href":"https:\/\/api.w.org\/{rel}","templated":true}]}}