{"id":874,"date":"2021-03-31T22:15:00","date_gmt":"2021-03-31T22:15:00","guid":{"rendered":"https:\/\/harspinceszet.hu\/boraszat\/?page_id=874"},"modified":"2021-04-15T12:13:10","modified_gmt":"2021-04-15T12:13:10","slug":"biotermesztes","status":"publish","type":"page","link":"https:\/\/harspinceszet.hu\/boraszat\/biotermesztes\/","title":{"rendered":"Biotermeszt\u00e9s"},"content":{"rendered":"\r\n<h3 class=\"wp-block-heading\">Mit jelent?<\/h3>\r\n\r\n\r\n\r\n<p>A bio- vagy \u00f6kotermel\u00e9s egyfajta tudatos gazd\u00e1lkod\u00e1s. L\u00e9nyege, hogy a term\u00e9szet t\u00f6rv\u00e9nyeivel mindig harmoniz\u00e1l\u00f3 m\u00f3dszereket alkalmazunk \u00e9s elutas\u00edtunk minden, a term\u00e9szetet puszt\u00edt\u00f3 elj\u00e1r\u00e1st. A hagyom\u00e1nyos sz\u0151l\u0151termeszt\u00e9s kifejezetten k\u00f6rnyezetrombol\u00f3, vegyszerig\u00e9nyes \u00e1ga a mez\u0151gazdas\u00e1gnak, de a trad\u00edci\u00f3kat k\u00f6vetve, k\u00f6rnyezeti \u00e9rt\u00e9keink rombol\u00e1sa n\u00e9lk\u00fcl, er\u0151szakmentesen is m\u0171velhet\u0151.<\/p>\r\n\r\n\r\n\r\n<p>Emellett a &#8222;bio&#8221; garancia a min\u0151s\u00e9gre, \u00e9s arra, hogy a bor nem tartalmaz semmilyen az emberi szervezetre k\u00e1ros anyagot.<\/p>\r\n\r\n\r\n\r\n<h3 class=\"wp-block-heading\">Hogyan?<\/h3>\r\n\r\n\r\n\r\n<p>Szerencs\u00e9re a szajki sz\u0151l\u0151hegy szubmediterr\u00e1n kl\u00edm\u00e1j\u00e1nak \u00e9s rendk\u00edv\u00fcl kedvez\u0151 felt\u00e9telekkel telep\u00edthet\u0151 \u00e9s m\u0171velhet\u0151 sz\u0151l\u0151ter\u00fclet\u00e9nek k\u00f6sz\u00f6nhet\u0151en kiv\u00e1l\u00f3 hely a biotermeszt\u00e9sre.<\/p>\r\n\r\n\r\n\r\n<p>Sem m\u0171tr\u00e1gy\u00e1t, sem gyomirt\u00f3szert, sem b\u00e1rmilyen a n\u00f6v\u00e9nyben felsz\u00edv\u00f3d\u00f3 vegyszert nem haszn\u00e1lunk.<br \/>A sz\u0151l\u0151 n\u00f6v\u00e9ny term\u00e9szetes v\u00e9dekez\u00e9s\u00e9t intenz\u00edv, gondos z\u00f6ldmunk\u00e1val, korl\u00e1tozott mennyis\u00e9gben lemos\u00f3d\u00f3 kontaktszerekkel (r\u00e9z \u00e9s k\u00e9n), valamint term\u00e9szetes kond\u00edcion\u00e1l\u00f3kkal, immuner\u0151s\u00edt\u0151kkel (erjesztett csal\u00e1nl\u00e9, fekete nad\u00e1lyt\u0151, stb.) t\u00e1mogatjuk. Az \u00f6kol\u00f3giai egyens\u00faly fenntart\u00e1s\u00e1t a k\u00e1rtev\u0151k term\u00e9szetes ellens\u00e9geinek \u00e9l\u0151helyeinek meg\u00f3v\u00e1s\u00e1val, az \u00f6kosziszt\u00e9ma t\u00f6k\u00e9letes \u00f6nszab\u00e1lyoz\u00f3 m\u0171k\u00f6d\u00e9s\u00e9re b\u00edzzuk.<\/p>\r\n\r\n\r\n\r\n<p>A term\u00e9smennyis\u00e9g korl\u00e1tozott, \u00e1m messzir\u0151l l\u00e1tni, hogy a mi t\u00e1bl\u00e1nk z\u00f6ldebb, mint a vegyszerrel kezeltek.<\/p>\r\n\r\n\r\n\r\n<p>Az \u00edgy termesztett biosz\u0151l\u0151t k\u00e9zzel sz\u00fcretelj\u00fck \u00e9s v\u00e1logatjuk, mely kiv\u00e1l\u00f3 alapanyagot szolg\u00e1ltat a biobor \u00e9s biomust el\u0151\u00e1ll\u00edt\u00e1shoz. A borkezel\u00e9si technol\u00f3gi\u00e1k kiz\u00e1rj\u00e1k a szintetikus adal\u00e9kok haszn\u00e1lat\u00e1t, kiz\u00e1r\u00f3lag term\u00e9szetes alap\u00fa szerekkel kezelj\u00fck a bort \u00e9s nem haszn\u00e1lunk \u00e1llati eredet\u0171 term\u00e9keket sem.\u00a0<\/p>\r\n\r\n\r\n\r\n<p>A teljes term\u00e9kp\u00e1lya a termel\u00e9st\u0151l a feldolgoz\u00e1sig egy akkredit\u00e1lt szervezet, a Biokontroll Hung\u00e1ria KHT. \u00e1ltal folyamatosan ellen\u0151rz\u00f6tt \u00e9s min\u0151s\u00edtett, melynek k\u00f6sz\u00f6nhet\u0151en a bioterm\u00e9kek kimagasl\u00f3 min\u0151s\u00e9g\u0171ek. Munk\u00e1jukat \u00e9s bizonylataikat az IFOAM (Nemzetk\u00f6zi Biomozgalmak Sz\u00f6vets\u00e9ge) is elfogadja, mely a felt\u00e9teleket az EU-val \u00f6sszhangban l\u00e9v\u0151 ir\u00e1nyelvekben foglalj\u00e1k \u00f6ssze.<\/p>\r\n\r\n\r\n\r\n<p>A tov\u00e1bbi r\u00e9szleteket itt keresd:<\/p>\r\n\r\n\r\n\r\n<p><a href=\"http:\/\/www.biokontroll.hu\/cms\/\" data-type=\"URL\" data-id=\"http:\/\/www.biokontroll.hu\/cms\/\">BioKontroll Hung\u00e1ria Nonprofit Kft.<\/a><\/p>\r\n\r\n\r\n\r\n<p><a href=\"https:\/\/hu-oko-01.hu\/ACM\/faces\/form\/portal\/login\/home_portallogin.xhtml\">\u00a0Tan\u00fas\u00edtv\u00e1ny online ellen\u0151rz\u00e9se \u00e9s let\u00f6lt\u00e9se<\/a><\/p>\r\n","protected":false},"excerpt":{"rendered":"<p class=\"excerpt\">Mit jelent? A bio- vagy \u00f6kotermel\u00e9s egyfajta tudatos gazd\u00e1lkod\u00e1s. L\u00e9nyege, hogy a term\u00e9szet t\u00f6rv\u00e9nyeivel mindig harmoniz\u00e1l\u00f3 m\u00f3dszereket alkalmazunk \u00e9s elutas\u00edtunk minden, a term\u00e9szetet puszt\u00edt\u00f3 elj\u00e1r\u00e1st. A hagyom\u00e1nyos sz\u0151l\u0151termeszt\u00e9s kifejezetten k\u00f6rnyezetrombol\u00f3, vegyszerig\u00e9nyes \u00e1ga a mez\u0151gazdas\u00e1gnak, de a trad\u00edci\u00f3kat k\u00f6vetve, k\u00f6rnyezeti \u00e9rt\u00e9keink rombol\u00e1sa n\u00e9lk\u00fcl, er\u0151szakmentesen is m\u0171velhet\u0151. Emellett a &#8222;bio&#8221; garancia a min\u0151s\u00e9gre, \u00e9s arra, hogy a [&hellip;]<\/p>\n","protected":false},"author":22,"featured_media":0,"parent":0,"menu_order":0,"comment_status":"closed","ping_status":"closed","template":"","meta":{"_monsterinsights_skip_tracking":false,"_monsterinsights_sitenote_active":false,"_monsterinsights_sitenote_note":"","_monsterinsights_sitenote_category":0,"footnotes":""},"class_list":["post-874","page","type-page","status-publish","hentry"],"_links":{"self":[{"href":"https:\/\/harspinceszet.hu\/boraszat\/wp-json\/wp\/v2\/pages\/874","targetHints":{"allow":["GET"]}}],"collection":[{"href":"https:\/\/harspinceszet.hu\/boraszat\/wp-json\/wp\/v2\/pages"}],"about":[{"href":"https:\/\/harspinceszet.hu\/boraszat\/wp-json\/wp\/v2\/types\/page"}],"author":[{"embeddable":true,"href":"https:\/\/harspinceszet.hu\/boraszat\/wp-json\/wp\/v2\/users\/22"}],"replies":[{"embeddable":true,"href":"https:\/\/harspinceszet.hu\/boraszat\/wp-json\/wp\/v2\/comments?post=874"}],"version-history":[{"count":3,"href":"https:\/\/harspinceszet.hu\/boraszat\/wp-json\/wp\/v2\/pages\/874\/revisions"}],"predecessor-version":[{"id":1015,"href":"https:\/\/harspinceszet.hu\/boraszat\/wp-json\/wp\/v2\/pages\/874\/revisions\/1015"}],"wp:attachment":[{"href":"https:\/\/harspinceszet.hu\/boraszat\/wp-json\/wp\/v2\/media?parent=874"}],"curies":[{"name":"wp","href":"https:\/\/api.w.org\/{rel}","templated":true}]}}