{"id":1184,"date":"2023-10-03T18:13:25","date_gmt":"2023-10-03T18:13:25","guid":{"rendered":"https:\/\/harspinceszet.hu\/boraszat\/?post_type=product&#038;p=1184"},"modified":"2023-10-30T20:20:40","modified_gmt":"2023-10-30T20:20:40","slug":"voros-must-3l","status":"publish","type":"product","link":"https:\/\/harspinceszet.hu\/boraszat\/termek\/voros-must-3l\/","title":{"rendered":"V\u00f6r\u00f6s must 3L"},"content":{"rendered":"<p>Sz\u00fcretlen, paszt\u0151r\u00f6z\u00e9ssel tart\u00f3s\u00edtott 100% sz\u0151l\u0151l\u00e9. Semmilyen hozz\u00e1adott anyagot nem tartalmaz! 3 \u00e9s 5 literes Bag in box kiszerel\u00e9sben kaphat\u00f3.<\/p>\n","protected":false},"excerpt":{"rendered":"<p class=\"excerpt\">Sz\u00fcretlen, paszt\u0151r\u00f6z\u00e9ssel tart\u00f3s\u00edtott 100% sz\u0151l\u0151l\u00e9. Semmilyen hozz\u00e1adott anyagot nem tartalmaz! 3 \u00e9s 5 literes Bag in box kiszerel\u00e9sben kaphat\u00f3.<\/p>\n<p class=\"excerpt\">2023-es<\/p>\n","protected":false},"featured_media":1059,"template":"","meta":{"_monsterinsights_skip_tracking":false,"_monsterinsights_sitenote_active":false,"_monsterinsights_sitenote_note":"","_monsterinsights_sitenote_category":0},"product_brand":[],"product_cat":[24],"product_tag":[],"class_list":{"0":"post-1184","1":"product","2":"type-product","3":"status-publish","4":"has-post-thumbnail","6":"product_cat-mustok","8":"first","9":"outofstock","10":"taxable","11":"shipping-taxable","12":"purchasable","13":"product-type-simple"},"_links":{"self":[{"href":"https:\/\/harspinceszet.hu\/boraszat\/wp-json\/wp\/v2\/product\/1184","targetHints":{"allow":["GET"]}}],"collection":[{"href":"https:\/\/harspinceszet.hu\/boraszat\/wp-json\/wp\/v2\/product"}],"about":[{"href":"https:\/\/harspinceszet.hu\/boraszat\/wp-json\/wp\/v2\/types\/product"}],"wp:featuredmedia":[{"embeddable":true,"href":"https:\/\/harspinceszet.hu\/boraszat\/wp-json\/wp\/v2\/media\/1059"}],"wp:attachment":[{"href":"https:\/\/harspinceszet.hu\/boraszat\/wp-json\/wp\/v2\/media?parent=1184"}],"wp:term":[{"taxonomy":"product_brand","embeddable":true,"href":"https:\/\/harspinceszet.hu\/boraszat\/wp-json\/wp\/v2\/product_brand?post=1184"},{"taxonomy":"product_cat","embeddable":true,"href":"https:\/\/harspinceszet.hu\/boraszat\/wp-json\/wp\/v2\/product_cat?post=1184"},{"taxonomy":"product_tag","embeddable":true,"href":"https:\/\/harspinceszet.hu\/boraszat\/wp-json\/wp\/v2\/product_tag?post=1184"}],"curies":[{"name":"wp","href":"https:\/\/api.w.org\/{rel}","templated":true}]}}