{"id":271,"date":"2017-09-06T20:06:42","date_gmt":"2017-09-06T20:06:42","guid":{"rendered":"http:\/\/harspinceszet.hu\/boraszat\/?post_type=product&#038;p=271"},"modified":"2024-01-29T17:16:29","modified_gmt":"2024-01-29T17:16:29","slug":"feher-must","status":"publish","type":"product","link":"https:\/\/harspinceszet.hu\/boraszat\/termek\/feher-must\/","title":{"rendered":"V\u00f6r\u00f6s must 5L"},"content":{"rendered":"<p>Sz\u00fcretlen, paszt\u0151r\u00f6z\u00e9ssel tart\u00f3s\u00edtott 100% sz\u0151l\u0151l\u00e9. Semmilyen hozz\u00e1adott anyagot nem tartalmaz! 3 \u00e9s 5 literes Bag in box kiszerel\u00e9sben kaphat\u00f3.<\/p>\n","protected":false},"excerpt":{"rendered":"<p class=\"excerpt\">Sz\u00fcretlen, paszt\u0151r\u00f6z\u00e9ssel tart\u00f3s\u00edtott 100% sz\u0151l\u0151l\u00e9. Semmilyen hozz\u00e1adott anyagot nem tartalmaz! 3 \u00e9s 5 literes Bag in box kiszerel\u00e9sben kaphat\u00f3.<\/p>\n<p class=\"excerpt\">2023-es<\/p>\n","protected":false},"featured_media":1059,"template":"","meta":{"_monsterinsights_skip_tracking":false,"_monsterinsights_sitenote_active":false,"_monsterinsights_sitenote_note":"","_monsterinsights_sitenote_category":0},"product_brand":[],"product_cat":[24],"product_tag":[],"class_list":{"0":"post-271","1":"product","2":"type-product","3":"status-publish","4":"has-post-thumbnail","6":"product_cat-mustok","8":"first","9":"outofstock","10":"taxable","11":"shipping-taxable","12":"purchasable","13":"product-type-simple"},"_links":{"self":[{"href":"https:\/\/harspinceszet.hu\/boraszat\/wp-json\/wp\/v2\/product\/271","targetHints":{"allow":["GET"]}}],"collection":[{"href":"https:\/\/harspinceszet.hu\/boraszat\/wp-json\/wp\/v2\/product"}],"about":[{"href":"https:\/\/harspinceszet.hu\/boraszat\/wp-json\/wp\/v2\/types\/product"}],"wp:featuredmedia":[{"embeddable":true,"href":"https:\/\/harspinceszet.hu\/boraszat\/wp-json\/wp\/v2\/media\/1059"}],"wp:attachment":[{"href":"https:\/\/harspinceszet.hu\/boraszat\/wp-json\/wp\/v2\/media?parent=271"}],"wp:term":[{"taxonomy":"product_brand","embeddable":true,"href":"https:\/\/harspinceszet.hu\/boraszat\/wp-json\/wp\/v2\/product_brand?post=271"},{"taxonomy":"product_cat","embeddable":true,"href":"https:\/\/harspinceszet.hu\/boraszat\/wp-json\/wp\/v2\/product_cat?post=271"},{"taxonomy":"product_tag","embeddable":true,"href":"https:\/\/harspinceszet.hu\/boraszat\/wp-json\/wp\/v2\/product_tag?post=271"}],"curies":[{"name":"wp","href":"https:\/\/api.w.org\/{rel}","templated":true}]}}