{"id":311,"date":"2017-09-06T21:16:25","date_gmt":"2017-09-06T21:16:25","guid":{"rendered":"http:\/\/harspinceszet.hu\/boraszat\/?post_type=product&#038;p=311"},"modified":"2025-07-10T07:00:31","modified_gmt":"2025-07-10T07:00:31","slug":"tunderbor","status":"publish","type":"product","link":"https:\/\/harspinceszet.hu\/boraszat\/termek\/tunderbor\/","title":{"rendered":"T\u00fcnd\u00e9rbor"},"content":{"rendered":"<p>Parf\u00fcm\u00f6s illat\u00e1t a J\u00e1zmin (8\/1 sz\u00e1m\u00fa fajta), savait a Borsmenta (01\/1\/168 sz\u00e1m\u00fa fajta), testess\u00e9g\u00e9t n\u00e9mi keserny\u00e9vel a Pannonija sz\u0151l\u0151k bora adja.<\/p>\n<p>Az abszol\u00fat biobor, hiszen ezen sz\u0151l\u0151ket gyakorlatilag k\u00e9miai n\u00f6v\u00e9nyv\u00e9delem (permetez\u00e9s) n\u00e9lk\u00fcl termesztj\u00fck.<\/p>\n<p>A k\u00f6rnyezettudatos fiatalok kedvelt bora!<\/p>\n","protected":false},"excerpt":{"rendered":"<p class=\"excerpt\">Parf\u00fcm\u00f6s illat\u00e1t a J\u00e1zmin (8\/1 sz\u00e1m\u00fa fajta), savait a Borsmenta (01\/1\/168 sz\u00e1m\u00fa fajta), testess\u00e9g\u00e9t n\u00e9mi keserny\u00e9vel a Pannonija sz\u0151l\u0151k bora adja. Az abszol\u00fat biobor, hiszen ezen sz\u0151l\u0151ket gyakorlatilag k\u00e9miai n\u00f6v\u00e9nyv\u00e9delem (permetez\u00e9s) n\u00e9lk\u00fcl termesztj\u00fck. A k\u00f6rnyezettudatos fiatalok kedvelt bora!<\/p>\n","protected":false},"featured_media":0,"template":"","meta":{"_monsterinsights_skip_tracking":false,"_monsterinsights_sitenote_active":false,"_monsterinsights_sitenote_note":"","_monsterinsights_sitenote_category":0},"product_brand":[],"product_cat":[21],"product_tag":[],"class_list":{"0":"post-311","1":"product","2":"type-product","3":"status-publish","5":"product_cat-feherborok","7":"first","8":"instock","9":"taxable","10":"shipping-taxable","11":"purchasable","12":"product-type-simple"},"_links":{"self":[{"href":"https:\/\/harspinceszet.hu\/boraszat\/wp-json\/wp\/v2\/product\/311","targetHints":{"allow":["GET"]}}],"collection":[{"href":"https:\/\/harspinceszet.hu\/boraszat\/wp-json\/wp\/v2\/product"}],"about":[{"href":"https:\/\/harspinceszet.hu\/boraszat\/wp-json\/wp\/v2\/types\/product"}],"wp:attachment":[{"href":"https:\/\/harspinceszet.hu\/boraszat\/wp-json\/wp\/v2\/media?parent=311"}],"wp:term":[{"taxonomy":"product_brand","embeddable":true,"href":"https:\/\/harspinceszet.hu\/boraszat\/wp-json\/wp\/v2\/product_brand?post=311"},{"taxonomy":"product_cat","embeddable":true,"href":"https:\/\/harspinceszet.hu\/boraszat\/wp-json\/wp\/v2\/product_cat?post=311"},{"taxonomy":"product_tag","embeddable":true,"href":"https:\/\/harspinceszet.hu\/boraszat\/wp-json\/wp\/v2\/product_tag?post=311"}],"curies":[{"name":"wp","href":"https:\/\/api.w.org\/{rel}","templated":true}]}}