{"id":314,"date":"2017-09-06T21:24:39","date_gmt":"2017-09-06T21:24:39","guid":{"rendered":"http:\/\/harspinceszet.hu\/boraszat\/?post_type=product&#038;p=314"},"modified":"2025-07-10T06:59:49","modified_gmt":"2025-07-10T06:59:49","slug":"olaszrizling","status":"publish","type":"product","link":"https:\/\/harspinceszet.hu\/boraszat\/termek\/olaszrizling\/","title":{"rendered":"Olaszrizling"},"content":{"rendered":"<p>Magyarorsz\u00e1gon a feh\u00e9rbort ad\u00f3 fajt\u00e1k k\u00f6z\u00fcl legelterjedtebb az Olaszrizling. Ma m\u00e1r Magyarorsz\u00e1gon \u0151shonosnak sz\u00e1m\u00edt, \u0151 a magyar polg\u00e1r.<\/p>\n<p>Bora enyh\u00e9n rezedaillat\u00fa, keser\u0171 mandul\u00e1ra eml\u00e9keztet\u0151. \u00dcde, z\u00f6ld-feh\u00e9r sz\u00edne, a t\u00fczes zamata teszi a sz\u00e1raz borok k\u00f6z\u00f6tt az egyik legn\u00e9pszer\u0171bb\u00e9.<\/p>\n<p>A mediterr\u00e1n hat\u00e1soknak k\u00f6sz\u00f6nhet\u0151en savai lekerekedettek, kedvez\u0151 \u00e9vj\u00e1ratokban k\u00fcl\u00f6nleges min\u0151s\u00e9get ad.<\/p>\n<p>M\u00e1rai S\u00e1ndor \u00edr\u00f3 szerint az &#8222;olaszrizling simas\u00e1g\u00e1n \u00e9rzik m\u00e9g a latinos m\u0171velts\u00e9g \u00e9s sz\u0151l\u0151kult\u00fara, Pann\u00f3nia pall\u00e9rozotts\u00e1ga. Az olasznak nevezett magyar rizlingben van valamilyen otthonos bizalmass\u00e1g: az ember \u00fagy issza, mint mikor rokonokkal besz\u00e9l.&#8221;<\/p>\n","protected":false},"excerpt":{"rendered":"<p class=\"excerpt\">Magyarorsz\u00e1gon a feh\u00e9rbort ad\u00f3 fajt\u00e1k k\u00f6z\u00fcl legelterjedtebb az Olaszrizling. Ma m\u00e1r Magyarorsz\u00e1gon \u0151shonosnak sz\u00e1m\u00edt, \u0151 a magyar polg\u00e1r. Bora enyh\u00e9n rezedaillat\u00fa, keser\u0171 mandul\u00e1ra eml\u00e9keztet\u0151. \u00dcde, z\u00f6ld-feh\u00e9r sz\u00edne, a t\u00fczes zamata teszi a sz\u00e1raz borok k\u00f6z\u00f6tt az egyik legn\u00e9pszer\u0171bb\u00e9. A mediterr\u00e1n hat\u00e1soknak k\u00f6sz\u00f6nhet\u0151en savai lekerekedettek, kedvez\u0151 \u00e9vj\u00e1ratokban k\u00fcl\u00f6nleges min\u0151s\u00e9get ad. M\u00e1rai S\u00e1ndor \u00edr\u00f3 szerint az &#8222;olaszrizling [&hellip;]<\/p>\n","protected":false},"featured_media":1173,"template":"","meta":{"_monsterinsights_skip_tracking":false,"_monsterinsights_sitenote_active":false,"_monsterinsights_sitenote_note":"","_monsterinsights_sitenote_category":0},"product_brand":[],"product_cat":[21],"product_tag":[],"class_list":{"0":"post-314","1":"product","2":"type-product","3":"status-publish","4":"has-post-thumbnail","6":"product_cat-feherborok","8":"first","9":"instock","10":"taxable","11":"shipping-taxable","12":"purchasable","13":"product-type-simple"},"_links":{"self":[{"href":"https:\/\/harspinceszet.hu\/boraszat\/wp-json\/wp\/v2\/product\/314","targetHints":{"allow":["GET"]}}],"collection":[{"href":"https:\/\/harspinceszet.hu\/boraszat\/wp-json\/wp\/v2\/product"}],"about":[{"href":"https:\/\/harspinceszet.hu\/boraszat\/wp-json\/wp\/v2\/types\/product"}],"wp:featuredmedia":[{"embeddable":true,"href":"https:\/\/harspinceszet.hu\/boraszat\/wp-json\/wp\/v2\/media\/1173"}],"wp:attachment":[{"href":"https:\/\/harspinceszet.hu\/boraszat\/wp-json\/wp\/v2\/media?parent=314"}],"wp:term":[{"taxonomy":"product_brand","embeddable":true,"href":"https:\/\/harspinceszet.hu\/boraszat\/wp-json\/wp\/v2\/product_brand?post=314"},{"taxonomy":"product_cat","embeddable":true,"href":"https:\/\/harspinceszet.hu\/boraszat\/wp-json\/wp\/v2\/product_cat?post=314"},{"taxonomy":"product_tag","embeddable":true,"href":"https:\/\/harspinceszet.hu\/boraszat\/wp-json\/wp\/v2\/product_tag?post=314"}],"curies":[{"name":"wp","href":"https:\/\/api.w.org\/{rel}","templated":true}]}}