{"id":315,"date":"2017-09-06T21:24:53","date_gmt":"2017-09-06T21:24:53","guid":{"rendered":"http:\/\/harspinceszet.hu\/boraszat\/?post_type=product&#038;p=315"},"modified":"2025-07-10T06:59:28","modified_gmt":"2025-07-10T06:59:28","slug":"chardonnay","status":"publish","type":"product","link":"https:\/\/harspinceszet.hu\/boraszat\/termek\/chardonnay\/","title":{"rendered":"Chardonnay"},"content":{"rendered":"<p>Francia eredet\u0171, Burgundia nagy feh\u00e9rborainak kiz\u00e1r\u00f3lagos sz\u0151l\u0151fajt\u00e1ja. Ez a sz\u0151l\u0151 adja a h\u00edres francia pezsg\u0151k egyik alapbor\u00e1t is.<\/p>\n<p>A kor\u00e1n sz\u00fcretelt Chardonnay bora friss sz\u00e9n\u00e1ra eml\u00e9keztet\u0151, finom, eleg\u00e1ns illattal \u00e9s \u00e9l\u00e9nk, j\u00e1t\u00e9kos savakkal rendelkezik. Teljes \u00e9r\u00e9sben sz\u00fcretelve, megfelel\u0151 klimatikus viszonyok k\u00f6z\u00f6tt gazdag \u00e9s eleg\u00e1ns savk\u00e9pet mutat.<\/p>\n<p>Illata z\u00f6ldalma- \u00e9s t\u0171zk\u0151illat, n\u00e9ha f\u00fcstre eml\u00e9keztet.<\/p>\n<p>\u00cdzjegyei: \u00e9rett s\u00e1rgadinnye, m\u00e9z, \u00e9rett born\u00e1l a vajass\u00e1g. Rendk\u00edv\u00fcl eleg\u00e1ns bor, sok\u00e1ig \u00e9rlelhet\u0151, fejl\u0151d\u0151k\u00e9pes, egyenletesen felfel\u00e9 \u00edvel\u0151 min\u0151s\u00e9gre k\u00e9pes, ez\u00e9rt v\u00e1lt a vil\u00e1g egyik legkedveltebb bor\u00e1v\u00e1.<\/p>\n","protected":false},"excerpt":{"rendered":"<p class=\"excerpt\">Francia eredet\u0171, Burgundia nagy feh\u00e9rborainak kiz\u00e1r\u00f3lagos sz\u0151l\u0151fajt\u00e1ja. Ez a sz\u0151l\u0151 adja a h\u00edres francia pezsg\u0151k egyik alapbor\u00e1t is.<\/p>\n<p class=\"excerpt\">A kor\u00e1n sz\u00fcretelt Chardonnay bora friss sz\u00e9n\u00e1ra eml\u00e9keztet\u0151, finom, eleg\u00e1ns illattal \u00e9s \u00e9l\u00e9nk, j\u00e1t\u00e9kos savakkal rendelkezik. Teljes \u00e9r\u00e9sben sz\u00fcretelve, megfelel\u0151 klimatikus viszonyok k\u00f6z\u00f6tt gazdag \u00e9s eleg\u00e1ns savk\u00e9pet mutat.<\/p>\n<p class=\"excerpt\">Illata z\u00f6ldalma- \u00e9s t\u0171zk\u0151illat, n\u00e9ha f\u00fcstre eml\u00e9keztet.<\/p>\n<p class=\"excerpt\">\u00cdzjegyei: \u00e9rett s\u00e1rgadinnye, m\u00e9z, \u00e9rett born\u00e1l a vajass\u00e1g. Rendk\u00edv\u00fcl eleg\u00e1ns bor, sok\u00e1ig \u00e9rlelhet\u0151, fejl\u0151d\u0151k\u00e9pes, egyenletesen felfel\u00e9 \u00edvel\u0151 min\u0151s\u00e9gre k\u00e9pes, ez\u00e9rt v\u00e1lt a vil\u00e1g egyik legkedveltebb bor\u00e1v\u00e1.<\/p>\n","protected":false},"featured_media":1172,"template":"","meta":{"_monsterinsights_skip_tracking":false,"_monsterinsights_sitenote_active":false,"_monsterinsights_sitenote_note":"","_monsterinsights_sitenote_category":0},"product_brand":[],"product_cat":[21],"product_tag":[],"class_list":{"0":"post-315","1":"product","2":"type-product","3":"status-publish","4":"has-post-thumbnail","6":"product_cat-feherborok","8":"first","9":"instock","10":"taxable","11":"shipping-taxable","12":"purchasable","13":"product-type-simple"},"_links":{"self":[{"href":"https:\/\/harspinceszet.hu\/boraszat\/wp-json\/wp\/v2\/product\/315","targetHints":{"allow":["GET"]}}],"collection":[{"href":"https:\/\/harspinceszet.hu\/boraszat\/wp-json\/wp\/v2\/product"}],"about":[{"href":"https:\/\/harspinceszet.hu\/boraszat\/wp-json\/wp\/v2\/types\/product"}],"wp:featuredmedia":[{"embeddable":true,"href":"https:\/\/harspinceszet.hu\/boraszat\/wp-json\/wp\/v2\/media\/1172"}],"wp:attachment":[{"href":"https:\/\/harspinceszet.hu\/boraszat\/wp-json\/wp\/v2\/media?parent=315"}],"wp:term":[{"taxonomy":"product_brand","embeddable":true,"href":"https:\/\/harspinceszet.hu\/boraszat\/wp-json\/wp\/v2\/product_brand?post=315"},{"taxonomy":"product_cat","embeddable":true,"href":"https:\/\/harspinceszet.hu\/boraszat\/wp-json\/wp\/v2\/product_cat?post=315"},{"taxonomy":"product_tag","embeddable":true,"href":"https:\/\/harspinceszet.hu\/boraszat\/wp-json\/wp\/v2\/product_tag?post=315"}],"curies":[{"name":"wp","href":"https:\/\/api.w.org\/{rel}","templated":true}]}}