{"id":322,"date":"2017-09-06T21:33:27","date_gmt":"2017-09-06T21:33:27","guid":{"rendered":"http:\/\/harspinceszet.hu\/boraszat\/?post_type=product&#038;p=322"},"modified":"2025-07-10T06:58:03","modified_gmt":"2025-07-10T06:58:03","slug":"sauvignon-blanc","status":"publish","type":"product","link":"https:\/\/harspinceszet.hu\/boraszat\/termek\/sauvignon-blanc\/","title":{"rendered":"Sauvignon Blanc"},"content":{"rendered":"<p>A sauvignon blanc egy illatos feh\u00e9rsz\u0151l\u0151fajta, s a borvid\u00e9k lank\u00e1i remek felt\u00e9teleket k\u00edn\u00e1lnak , hogy ezek a ropog\u00f3s, z\u00f6ldgy\u00fcm\u00f6lcs\u00f6s arom\u00e1i kibontakozhassanak.<\/p>\n<p>K\u00f6nnyed, \u00e9l\u00e9nk sav\u00fa, friss\u00edt\u0151 jegyekkel rendelkez\u0151 bor, amely tal\u00e1n a legsokoldal\u00fabb \u00e9telk\u00eds\u00e9r\u0151 a feh\u00e9rborok k\u00f6z\u00f6tt.<\/p>\n","protected":false},"excerpt":{"rendered":"<p class=\"excerpt\">A sauvignon blanc egy illatos feh\u00e9rsz\u0151l\u0151fajta, s a borvid\u00e9k lank\u00e1i remek felt\u00e9teleket k\u00edn\u00e1lnak , hogy ezek a ropog\u00f3s, z\u00f6ldgy\u00fcm\u00f6lcs\u00f6s arom\u00e1i kibontakozhassanak. K\u00f6nnyed, \u00e9l\u00e9nk sav\u00fa, friss\u00edt\u0151 jegyekkel rendelkez\u0151 bor, amely tal\u00e1n a legsokoldal\u00fabb \u00e9telk\u00eds\u00e9r\u0151 a feh\u00e9rborok k\u00f6z\u00f6tt.<\/p>\n","protected":false},"featured_media":1171,"template":"","meta":{"_monsterinsights_skip_tracking":false,"_monsterinsights_sitenote_active":false,"_monsterinsights_sitenote_note":"","_monsterinsights_sitenote_category":0},"product_brand":[],"product_cat":[21],"product_tag":[],"class_list":{"0":"post-322","1":"product","2":"type-product","3":"status-publish","4":"has-post-thumbnail","6":"product_cat-feherborok","8":"first","9":"instock","10":"taxable","11":"shipping-taxable","12":"purchasable","13":"product-type-simple"},"_links":{"self":[{"href":"https:\/\/harspinceszet.hu\/boraszat\/wp-json\/wp\/v2\/product\/322","targetHints":{"allow":["GET"]}}],"collection":[{"href":"https:\/\/harspinceszet.hu\/boraszat\/wp-json\/wp\/v2\/product"}],"about":[{"href":"https:\/\/harspinceszet.hu\/boraszat\/wp-json\/wp\/v2\/types\/product"}],"wp:featuredmedia":[{"embeddable":true,"href":"https:\/\/harspinceszet.hu\/boraszat\/wp-json\/wp\/v2\/media\/1171"}],"wp:attachment":[{"href":"https:\/\/harspinceszet.hu\/boraszat\/wp-json\/wp\/v2\/media?parent=322"}],"wp:term":[{"taxonomy":"product_brand","embeddable":true,"href":"https:\/\/harspinceszet.hu\/boraszat\/wp-json\/wp\/v2\/product_brand?post=322"},{"taxonomy":"product_cat","embeddable":true,"href":"https:\/\/harspinceszet.hu\/boraszat\/wp-json\/wp\/v2\/product_cat?post=322"},{"taxonomy":"product_tag","embeddable":true,"href":"https:\/\/harspinceszet.hu\/boraszat\/wp-json\/wp\/v2\/product_tag?post=322"}],"curies":[{"name":"wp","href":"https:\/\/api.w.org\/{rel}","templated":true}]}}