{"id":323,"date":"2017-09-06T21:36:03","date_gmt":"2017-09-06T21:36:03","guid":{"rendered":"http:\/\/harspinceszet.hu\/boraszat\/?post_type=product&#038;p=323"},"modified":"2025-07-10T06:57:42","modified_gmt":"2025-07-10T06:57:42","slug":"rose-cuvee","status":"publish","type":"product","link":"https:\/\/harspinceszet.hu\/boraszat\/termek\/rose-cuvee\/","title":{"rendered":"Rose Cuv\u00e9e"},"content":{"rendered":"<p>Igen gazdag illat \u00e9s zamatvil\u00e1g\u00fa roz\u00e9 bor. A komoly test mellett \u00e9l\u00e9nk savakkal, gy\u00fcm\u00f6lcs\u00f6ss\u00e9ggel (f\u0151k\u00e9nt eper \u00e9s d\u00e9li gy\u00fcm\u00f6lcs\u00f6k), valamint szomjolt\u00f3 \u00fcdes\u00e9ggel \u00e9s frissess\u00e9ggel b\u00edr.<\/p>\n<p>Merlot \u00e9s Portugieser h\u00e1zas\u00edt\u00e1sa.<\/p>\n<p>&nbsp;<\/p>\n","protected":false},"excerpt":{"rendered":"<p class=\"excerpt\">Igen gazdag illat \u00e9s zamatvil\u00e1g\u00fa roz\u00e9 bor. A komoly test mellett \u00e9l\u00e9nk savakkal, gy\u00fcm\u00f6lcs\u00f6ss\u00e9ggel (f\u0151k\u00e9nt eper \u00e9s d\u00e9li gy\u00fcm\u00f6lcs\u00f6k), valamint szomjolt\u00f3 \u00fcdes\u00e9ggel \u00e9s frissess\u00e9ggel b\u00edr.<\/p>\n","protected":false},"featured_media":1170,"template":"","meta":{"_monsterinsights_skip_tracking":false,"_monsterinsights_sitenote_active":false,"_monsterinsights_sitenote_note":"","_monsterinsights_sitenote_category":0},"product_brand":[],"product_cat":[23],"product_tag":[],"class_list":{"0":"post-323","1":"product","2":"type-product","3":"status-publish","4":"has-post-thumbnail","6":"product_cat-roseborok","8":"first","9":"instock","10":"taxable","11":"shipping-taxable","12":"purchasable","13":"product-type-simple"},"_links":{"self":[{"href":"https:\/\/harspinceszet.hu\/boraszat\/wp-json\/wp\/v2\/product\/323","targetHints":{"allow":["GET"]}}],"collection":[{"href":"https:\/\/harspinceszet.hu\/boraszat\/wp-json\/wp\/v2\/product"}],"about":[{"href":"https:\/\/harspinceszet.hu\/boraszat\/wp-json\/wp\/v2\/types\/product"}],"wp:featuredmedia":[{"embeddable":true,"href":"https:\/\/harspinceszet.hu\/boraszat\/wp-json\/wp\/v2\/media\/1170"}],"wp:attachment":[{"href":"https:\/\/harspinceszet.hu\/boraszat\/wp-json\/wp\/v2\/media?parent=323"}],"wp:term":[{"taxonomy":"product_brand","embeddable":true,"href":"https:\/\/harspinceszet.hu\/boraszat\/wp-json\/wp\/v2\/product_brand?post=323"},{"taxonomy":"product_cat","embeddable":true,"href":"https:\/\/harspinceszet.hu\/boraszat\/wp-json\/wp\/v2\/product_cat?post=323"},{"taxonomy":"product_tag","embeddable":true,"href":"https:\/\/harspinceszet.hu\/boraszat\/wp-json\/wp\/v2\/product_tag?post=323"}],"curies":[{"name":"wp","href":"https:\/\/api.w.org\/{rel}","templated":true}]}}