{"id":325,"date":"2017-09-06T21:38:29","date_gmt":"2017-09-06T21:38:29","guid":{"rendered":"http:\/\/harspinceszet.hu\/boraszat\/?post_type=product&#038;p=325"},"modified":"2025-07-10T06:57:18","modified_gmt":"2025-07-10T06:57:18","slug":"merlot","status":"publish","type":"product","link":"https:\/\/harspinceszet.hu\/boraszat\/termek\/merlot\/","title":{"rendered":"Merlot"},"content":{"rendered":"<p>A s\u00f6t\u00e9t rubin sz\u00edn\u0171, \u00e9rett gy\u00fcm\u00f6lcs\u00f6ket \u2013 \u00e1fonya, fekete ribizli, szilvalekv\u00e1r &#8211; , f\u0171szeress\u00e9get, \u0151szi avart id\u00e9z\u0151 illatvil\u00e1g\u00fa, gazdag \u00edzeket, nagy testet, b\u00e1rsonyosan simogat\u00f3 tannint \u00e9s sz\u00e9pen harmoniz\u00e1l\u00f3 alkoholt mutat\u00f3 bor, kerek, harmonikus \u00e9s nagyon hossz\u00fa, tartalmas lecseng\u00e9ssel b\u00facs\u00fazik a k\u00f3stol\u00f3j\u00e1t\u00f3l.<\/p>\n","protected":false},"excerpt":{"rendered":"<p class=\"excerpt\">A s\u00f6t\u00e9t rubin sz\u00edn\u0171, \u00e9rett gy\u00fcm\u00f6lcs\u00f6ket \u2013 \u00e1fonya, fekete ribizli, szilvalekv\u00e1r &#8211; , f\u0171szeress\u00e9get, \u0151szi avart id\u00e9z\u0151 illatvil\u00e1g\u00fa, gazdag \u00edzeket, nagy testet, b\u00e1rsonyosan simogat\u00f3 tannint \u00e9s sz\u00e9pen harmoniz\u00e1l\u00f3 alkoholt mutat\u00f3 bor, kerek, harmonikus \u00e9s nagyon hossz\u00fa, tartalmas lecseng\u00e9ssel b\u00facs\u00fazik a k\u00f3stol\u00f3j\u00e1t\u00f3l.<\/p>\n","protected":false},"featured_media":1169,"template":"","meta":{"_monsterinsights_skip_tracking":false,"_monsterinsights_sitenote_active":false,"_monsterinsights_sitenote_note":"","_monsterinsights_sitenote_category":0},"product_brand":[],"product_cat":[22],"product_tag":[],"class_list":{"0":"post-325","1":"product","2":"type-product","3":"status-publish","4":"has-post-thumbnail","6":"product_cat-vorosborok","8":"first","9":"instock","10":"taxable","11":"shipping-taxable","12":"purchasable","13":"product-type-simple"},"_links":{"self":[{"href":"https:\/\/harspinceszet.hu\/boraszat\/wp-json\/wp\/v2\/product\/325","targetHints":{"allow":["GET"]}}],"collection":[{"href":"https:\/\/harspinceszet.hu\/boraszat\/wp-json\/wp\/v2\/product"}],"about":[{"href":"https:\/\/harspinceszet.hu\/boraszat\/wp-json\/wp\/v2\/types\/product"}],"wp:featuredmedia":[{"embeddable":true,"href":"https:\/\/harspinceszet.hu\/boraszat\/wp-json\/wp\/v2\/media\/1169"}],"wp:attachment":[{"href":"https:\/\/harspinceszet.hu\/boraszat\/wp-json\/wp\/v2\/media?parent=325"}],"wp:term":[{"taxonomy":"product_brand","embeddable":true,"href":"https:\/\/harspinceszet.hu\/boraszat\/wp-json\/wp\/v2\/product_brand?post=325"},{"taxonomy":"product_cat","embeddable":true,"href":"https:\/\/harspinceszet.hu\/boraszat\/wp-json\/wp\/v2\/product_cat?post=325"},{"taxonomy":"product_tag","embeddable":true,"href":"https:\/\/harspinceszet.hu\/boraszat\/wp-json\/wp\/v2\/product_tag?post=325"}],"curies":[{"name":"wp","href":"https:\/\/api.w.org\/{rel}","templated":true}]}}