{"id":326,"date":"2017-09-06T21:38:50","date_gmt":"2017-09-06T21:38:50","guid":{"rendered":"http:\/\/harspinceszet.hu\/boraszat\/?post_type=product&#038;p=326"},"modified":"2025-07-10T06:56:53","modified_gmt":"2025-07-10T06:56:53","slug":"cabernet-franc","status":"publish","type":"product","link":"https:\/\/harspinceszet.hu\/boraszat\/termek\/cabernet-franc\/","title":{"rendered":"Cabernet Franc"},"content":{"rendered":"<p>A nagy k\u00e9ksz\u0151l\u0151-fajt\u00e1k egyike, amely a vil\u00e1g bor\u00e1szat\u00e1ban legink\u00e1bb h\u00e1zas\u00edt\u00e1sokban jelenik meg. \u00d6n\u00e1ll\u00f3 fajtabork\u00e9nt ritk\u00e1n tal\u00e1lkozhatunk vele, pedig j\u00f3 fekv\u00e9s \u00e9s j\u00f3 \u00e9vj\u00e1rat eset\u00e9n b\u00e1rsonyos, nagy extrakt tartalm\u00fa bora k\u00fcl\u00f6nleges \u00e9lm\u00e9ny.<\/p>\n<p>Illata k\u00f6zepesen intenz\u00edv, gazdagon f\u0171szeres, meggyes, kicsit f\u00f6ldes, melyben megtal\u00e1lhat\u00f3 egy paprik\u00e1s-borsos karakter is. \u00cdze telt, gazdagon textur\u00e1lt, \u00e9rett \u00e9s magas tannintartalm\u00fa. Hord\u00f3s \u00e9rlel\u00e9sb\u0151l sz\u00e1rmaz\u00f3 p\u00f6rk\u00f6l\u00e9si jegyeket is mag\u00e1n visel\u0151 \u00edzgazdag bor, k\u00f6zepes savval.<br \/>\nF\u0171szeres vad\u00e9telek p\u00e1ratlan k\u00eds\u00e9r\u0151je!<\/p>\n","protected":false},"excerpt":{"rendered":"<p class=\"excerpt\">A nagy k\u00e9ksz\u0151l\u0151-fajt\u00e1k egyike, amely a vil\u00e1g bor\u00e1szat\u00e1ban legink\u00e1bb h\u00e1zas\u00edt\u00e1sokban jelenik meg. \u00d6n\u00e1ll\u00f3 fajtabork\u00e9nt ritk\u00e1n tal\u00e1lkozhatunk vele, pedig j\u00f3 fekv\u00e9s \u00e9s j\u00f3 \u00e9vj\u00e1rat eset\u00e9n b\u00e1rsonyos, nagy extrakt tartalm\u00fa bora k\u00fcl\u00f6nleges \u00e9lm\u00e9ny. Illata k\u00f6zepesen intenz\u00edv, gazdagon f\u0171szeres, meggyes, kicsit f\u00f6ldes, melyben megtal\u00e1lhat\u00f3 egy paprik\u00e1s-borsos karakter is. \u00cdze telt, gazdagon textur\u00e1lt, \u00e9rett \u00e9s magas tannintartalm\u00fa. Hord\u00f3s \u00e9rlel\u00e9sb\u0151l [&hellip;]<\/p>\n","protected":false},"featured_media":1168,"template":"","meta":{"_monsterinsights_skip_tracking":false,"_monsterinsights_sitenote_active":false,"_monsterinsights_sitenote_note":"","_monsterinsights_sitenote_category":0},"product_brand":[],"product_cat":[22],"product_tag":[],"class_list":{"0":"post-326","1":"product","2":"type-product","3":"status-publish","4":"has-post-thumbnail","6":"product_cat-vorosborok","8":"first","9":"instock","10":"taxable","11":"shipping-taxable","12":"purchasable","13":"product-type-simple"},"_links":{"self":[{"href":"https:\/\/harspinceszet.hu\/boraszat\/wp-json\/wp\/v2\/product\/326","targetHints":{"allow":["GET"]}}],"collection":[{"href":"https:\/\/harspinceszet.hu\/boraszat\/wp-json\/wp\/v2\/product"}],"about":[{"href":"https:\/\/harspinceszet.hu\/boraszat\/wp-json\/wp\/v2\/types\/product"}],"wp:featuredmedia":[{"embeddable":true,"href":"https:\/\/harspinceszet.hu\/boraszat\/wp-json\/wp\/v2\/media\/1168"}],"wp:attachment":[{"href":"https:\/\/harspinceszet.hu\/boraszat\/wp-json\/wp\/v2\/media?parent=326"}],"wp:term":[{"taxonomy":"product_brand","embeddable":true,"href":"https:\/\/harspinceszet.hu\/boraszat\/wp-json\/wp\/v2\/product_brand?post=326"},{"taxonomy":"product_cat","embeddable":true,"href":"https:\/\/harspinceszet.hu\/boraszat\/wp-json\/wp\/v2\/product_cat?post=326"},{"taxonomy":"product_tag","embeddable":true,"href":"https:\/\/harspinceszet.hu\/boraszat\/wp-json\/wp\/v2\/product_tag?post=326"}],"curies":[{"name":"wp","href":"https:\/\/api.w.org\/{rel}","templated":true}]}}