{"id":327,"date":"2017-09-06T21:39:48","date_gmt":"2017-09-06T21:39:48","guid":{"rendered":"http:\/\/harspinceszet.hu\/boraszat\/?post_type=product&#038;p=327"},"modified":"2025-07-10T06:56:30","modified_gmt":"2025-07-10T06:56:30","slug":"cabernet-sauvignon","status":"publish","type":"product","link":"https:\/\/harspinceszet.hu\/boraszat\/termek\/cabernet-sauvignon\/","title":{"rendered":"Cabernet Sauvignon"},"content":{"rendered":"<p>Illat\u00e1ban a fekete ribizli, menta \u00e9s p\u00f6rk\u00f6l\u00e9si jegyek t\u00f6rnek el\u0151. \u00cdz\u00e9ben meg\u0151rzi gy\u00fcm\u00f6lcs\u00f6ss\u00e9g\u00e9t, fekete ribizli, \u00e9rett cseresznye, meggy, f\u0171szerpaprika, \u00e9des f\u0171szerek, c\u00e9drusfa \u00e9s p\u00f6rk\u00f6l\u00e9si arom\u00e1k \u00e9rezhet\u0151ek.<\/p>\n<p>Hat\u00e1rozott strukt\u00far\u00e1j\u00fa, rusztikus st\u00edlus\u00fa, \u00e9l\u00e9nk sav\u00fa bor, s\u00falyos, robosztus testtel, er\u0151teljes tanninokkal \u00e9s magas alkohollal.<\/p>\n<p>Gazdag tanninja miatt intenz\u00edv \u00edzek, f\u00fcst\u00f6lt arom\u00e1k, em\u00e9szt\u00e9st k\u00f6nny\u00edt\u0151 hat\u00e1sa miatt f\u0171szeres grill \u00e9telek, gazdag v\u00f6r\u00f6s h\u00fasok p\u00e1rja.<\/p>\n","protected":false},"excerpt":{"rendered":"<p class=\"excerpt\">Illat\u00e1ban a fekete ribizli, menta \u00e9s p\u00f6rk\u00f6l\u00e9si jegyek t\u00f6rnek el\u0151. \u00cdz\u00e9ben meg\u0151rzi gy\u00fcm\u00f6lcs\u00f6ss\u00e9g\u00e9t, fekete ribizli, \u00e9rett cseresznye, meggy, f\u0171szerpaprika, \u00e9des f\u0171szerek, c\u00e9drusfa \u00e9s p\u00f6rk\u00f6l\u00e9si arom\u00e1k \u00e9rezhet\u0151ek. Hat\u00e1rozott strukt\u00far\u00e1j\u00fa, rusztikus st\u00edlus\u00fa, \u00e9l\u00e9nk sav\u00fa bor, s\u00falyos, robosztus testtel, er\u0151teljes tanninokkal \u00e9s magas alkohollal. Gazdag tanninja miatt intenz\u00edv \u00edzek, f\u00fcst\u00f6lt arom\u00e1k, em\u00e9szt\u00e9st k\u00f6nny\u00edt\u0151 hat\u00e1sa miatt f\u0171szeres grill \u00e9telek, [&hellip;]<\/p>\n","protected":false},"featured_media":1162,"template":"","meta":{"_monsterinsights_skip_tracking":false,"_monsterinsights_sitenote_active":false,"_monsterinsights_sitenote_note":"","_monsterinsights_sitenote_category":0},"product_brand":[],"product_cat":[22],"product_tag":[],"class_list":{"0":"post-327","1":"product","2":"type-product","3":"status-publish","4":"has-post-thumbnail","6":"product_cat-vorosborok","8":"first","9":"instock","10":"taxable","11":"shipping-taxable","12":"purchasable","13":"product-type-simple"},"_links":{"self":[{"href":"https:\/\/harspinceszet.hu\/boraszat\/wp-json\/wp\/v2\/product\/327","targetHints":{"allow":["GET"]}}],"collection":[{"href":"https:\/\/harspinceszet.hu\/boraszat\/wp-json\/wp\/v2\/product"}],"about":[{"href":"https:\/\/harspinceszet.hu\/boraszat\/wp-json\/wp\/v2\/types\/product"}],"wp:featuredmedia":[{"embeddable":true,"href":"https:\/\/harspinceszet.hu\/boraszat\/wp-json\/wp\/v2\/media\/1162"}],"wp:attachment":[{"href":"https:\/\/harspinceszet.hu\/boraszat\/wp-json\/wp\/v2\/media?parent=327"}],"wp:term":[{"taxonomy":"product_brand","embeddable":true,"href":"https:\/\/harspinceszet.hu\/boraszat\/wp-json\/wp\/v2\/product_brand?post=327"},{"taxonomy":"product_cat","embeddable":true,"href":"https:\/\/harspinceszet.hu\/boraszat\/wp-json\/wp\/v2\/product_cat?post=327"},{"taxonomy":"product_tag","embeddable":true,"href":"https:\/\/harspinceszet.hu\/boraszat\/wp-json\/wp\/v2\/product_tag?post=327"}],"curies":[{"name":"wp","href":"https:\/\/api.w.org\/{rel}","templated":true}]}}