{"id":671,"date":"2019-11-25T19:10:12","date_gmt":"2019-11-25T19:10:12","guid":{"rendered":"https:\/\/harspinceszet.hu\/boraszat\/?post_type=product&#038;p=671"},"modified":"2025-07-10T06:55:24","modified_gmt":"2025-07-10T06:55:24","slug":"harslevelu-edes","status":"publish","type":"product","link":"https:\/\/harspinceszet.hu\/boraszat\/termek\/harslevelu-edes\/","title":{"rendered":"H\u00e1rslevel\u0171 (\u00e9des)"},"content":{"rendered":"<p>K\u00e9s\u0151i sz\u00fcretel\u00e9s\u0171, desszertbor.<\/p>\n<p>\u00cdz- \u00e9s illatgazdag, de illata k\u00f6nny\u0171, nem muskot\u00e1lyos vagy parf\u00fcm\u00f6s, ink\u00e1bb h\u00e1rsm\u00e9zre utal. Emellett szel\u00eddgesztenye, vir\u00e1gpor \u00e9s szegf\u0171 fedezhet\u0151 fel benne. \u00cdzben enyh\u00e9n f\u0171szeres, savai eleg\u00e1nsabbak, mint a furmint\u00e9, fanyar ut\u00f3\u00edzzel b\u00edr.<\/p>\n","protected":false},"excerpt":{"rendered":"<p class=\"excerpt\">K\u00e9s\u0151i sz\u00fcretel\u00e9s\u0171, desszertbor.<\/p>\n<p class=\"excerpt\">\u00cdz- \u00e9s illatgazdag, de illata k\u00f6nny\u0171, nem muskot\u00e1lyos vagy parf\u00fcm\u00f6s, ink\u00e1bb h\u00e1rsm\u00e9zre utal. Emellett szel\u00eddgesztenye, vir\u00e1gpor \u00e9s szegf\u0171 fedezhet\u0151 fel benne. \u00cdzben enyh\u00e9n f\u0171szeres, savai eleg\u00e1nsabbak, mint a furmint\u00e9, fanyar ut\u00f3\u00edzzel b\u00edr.<\/p>\n","protected":false},"featured_media":1068,"template":"","meta":{"_monsterinsights_skip_tracking":false,"_monsterinsights_sitenote_active":false,"_monsterinsights_sitenote_note":"","_monsterinsights_sitenote_category":0},"product_brand":[],"product_cat":[21],"product_tag":[],"class_list":{"0":"post-671","1":"product","2":"type-product","3":"status-publish","4":"has-post-thumbnail","6":"product_cat-feherborok","8":"first","9":"outofstock","10":"taxable","11":"shipping-taxable","12":"purchasable","13":"product-type-simple"},"_links":{"self":[{"href":"https:\/\/harspinceszet.hu\/boraszat\/wp-json\/wp\/v2\/product\/671","targetHints":{"allow":["GET"]}}],"collection":[{"href":"https:\/\/harspinceszet.hu\/boraszat\/wp-json\/wp\/v2\/product"}],"about":[{"href":"https:\/\/harspinceszet.hu\/boraszat\/wp-json\/wp\/v2\/types\/product"}],"wp:featuredmedia":[{"embeddable":true,"href":"https:\/\/harspinceszet.hu\/boraszat\/wp-json\/wp\/v2\/media\/1068"}],"wp:attachment":[{"href":"https:\/\/harspinceszet.hu\/boraszat\/wp-json\/wp\/v2\/media?parent=671"}],"wp:term":[{"taxonomy":"product_brand","embeddable":true,"href":"https:\/\/harspinceszet.hu\/boraszat\/wp-json\/wp\/v2\/product_brand?post=671"},{"taxonomy":"product_cat","embeddable":true,"href":"https:\/\/harspinceszet.hu\/boraszat\/wp-json\/wp\/v2\/product_cat?post=671"},{"taxonomy":"product_tag","embeddable":true,"href":"https:\/\/harspinceszet.hu\/boraszat\/wp-json\/wp\/v2\/product_tag?post=671"}],"curies":[{"name":"wp","href":"https:\/\/api.w.org\/{rel}","templated":true}]}}