{"id":702,"date":"2020-02-22T09:04:42","date_gmt":"2020-02-22T09:04:42","guid":{"rendered":"https:\/\/harspinceszet.hu\/boraszat\/?post_type=product&#038;p=702"},"modified":"2025-07-10T06:54:45","modified_gmt":"2025-07-10T06:54:45","slug":"castellum","status":"publish","type":"product","link":"https:\/\/harspinceszet.hu\/boraszat\/termek\/castellum\/","title":{"rendered":"Castellum"},"content":{"rendered":"<p>\u00daj, innovat\u00edv fajta, amelynek k\u00fcl\u00f6nlegess\u00e9ge, hogy a betegs\u00e9geknek magas fokon ellen\u00e1ll\u00f3 rezisztens sz\u0151l\u0151fajt\u00e1b\u00f3l k\u00e9sz\u00fclt, permetez\u00e9s \u00e9s k\u00e9miai n\u00f6v\u00e9nyv\u00e9d\u0151szer n\u00e9lk\u00fcl.<\/p>\n<p>Bora igazi Innowine, f<span style=\"font-weight: 400;\">inom illat\u00fa, diszkr\u00e9t arom\u00e1kkal, a Rajnai rizlinghez hasonl\u00f3 savakkal.\u00a0<\/span><\/p>\n","protected":false},"excerpt":{"rendered":"<p class=\"excerpt\">\u00daj, innovat\u00edv fajta, amelynek k\u00fcl\u00f6nlegess\u00e9ge, hogy a betegs\u00e9geknek magas fokon ellen\u00e1ll\u00f3 rezisztens sz\u0151l\u0151fajt\u00e1b\u00f3l k\u00e9sz\u00fclt, permetez\u00e9s \u00e9s k\u00e9miai n\u00f6v\u00e9nyv\u00e9d\u0151szer n\u00e9lk\u00fcl.<\/p>\n<p class=\"excerpt\">Bora igazi Innowine, f<span style=\"font-weight: 400;\">inom illat\u00fa, diszkr\u00e9t arom\u00e1kkal, a Rajnai rizlinghez hasonl\u00f3 savakkal.\u00a0<\/span><\/p>\n","protected":false},"featured_media":1165,"template":"","meta":{"_monsterinsights_skip_tracking":false,"_monsterinsights_sitenote_active":false,"_monsterinsights_sitenote_note":"","_monsterinsights_sitenote_category":0},"product_brand":[],"product_cat":[21],"product_tag":[],"class_list":{"0":"post-702","1":"product","2":"type-product","3":"status-publish","4":"has-post-thumbnail","6":"product_cat-feherborok","8":"first","9":"instock","10":"taxable","11":"shipping-taxable","12":"purchasable","13":"product-type-simple"},"_links":{"self":[{"href":"https:\/\/harspinceszet.hu\/boraszat\/wp-json\/wp\/v2\/product\/702","targetHints":{"allow":["GET"]}}],"collection":[{"href":"https:\/\/harspinceszet.hu\/boraszat\/wp-json\/wp\/v2\/product"}],"about":[{"href":"https:\/\/harspinceszet.hu\/boraszat\/wp-json\/wp\/v2\/types\/product"}],"wp:featuredmedia":[{"embeddable":true,"href":"https:\/\/harspinceszet.hu\/boraszat\/wp-json\/wp\/v2\/media\/1165"}],"wp:attachment":[{"href":"https:\/\/harspinceszet.hu\/boraszat\/wp-json\/wp\/v2\/media?parent=702"}],"wp:term":[{"taxonomy":"product_brand","embeddable":true,"href":"https:\/\/harspinceszet.hu\/boraszat\/wp-json\/wp\/v2\/product_brand?post=702"},{"taxonomy":"product_cat","embeddable":true,"href":"https:\/\/harspinceszet.hu\/boraszat\/wp-json\/wp\/v2\/product_cat?post=702"},{"taxonomy":"product_tag","embeddable":true,"href":"https:\/\/harspinceszet.hu\/boraszat\/wp-json\/wp\/v2\/product_tag?post=702"}],"curies":[{"name":"wp","href":"https:\/\/api.w.org\/{rel}","templated":true}]}}