{"id":708,"date":"2020-02-22T09:26:57","date_gmt":"2020-02-22T09:26:57","guid":{"rendered":"https:\/\/harspinceszet.hu\/boraszat\/?post_type=product&#038;p=708"},"modified":"2025-07-10T06:54:16","modified_gmt":"2025-07-10T06:54:16","slug":"borsmenta","status":"publish","type":"product","link":"https:\/\/harspinceszet.hu\/boraszat\/termek\/borsmenta\/","title":{"rendered":"Borsmenta"},"content":{"rendered":"<p>&nbsp;<\/p>\n<p>Az abszol\u00fat biobor, hiszen rezisztens sz\u0151l\u0151fajt\u00e1b\u00f3l k\u00e9sz\u00fclt, ezen sz\u0151l\u0151ket pedig k\u00e9miai n\u00f6v\u00e9nyv\u00e9delem \u00e9s permetez\u00e9s n\u00e9lk\u00fcl termesztj\u00fck.<\/p>\n<p>Illat\u00e1ban \u00e1nizs \u00e9s menta, sz\u00e1lya \u00e9s \u00e9rett alma. K\u00f3stolva k\u00f6nnyed \u00e9s feszes szerkezet\u0171, van m\u00e9lys\u00e9ge is a kortynak, az \u00edzk\u00e9pben izgalmas z\u00f6ldf\u0171szerek, \u00e1nizs \u00e9s zs\u00e1lya, m\u00f6g\u00f6tte feh\u00e9r h\u00fas\u00fa gy\u00fcm\u00f6lcs\u00f6k, alma \u00e9s k\u00f6rte, kev\u00e9s \u0151szibarack.<\/p>\n<p>A k\u00f6rnyezettudatos fiatalok egyik kedvelt bora!<\/p>\n","protected":false},"excerpt":{"rendered":"<p class=\"excerpt\">Az abszol\u00fat biobor, hiszen rezisztens sz\u0151l\u0151fajt\u00e1b\u00f3l k\u00e9sz\u00fclt, ezen sz\u0151l\u0151ket pedig k\u00e9miai n\u00f6v\u00e9nyv\u00e9delem \u00e9s permetez\u00e9s n\u00e9lk\u00fcl termesztj\u00fck.<\/p>\n<p class=\"excerpt\">Illat\u00e1ban \u00e1nizs \u00e9s menta, sz\u00e1lya \u00e9s \u00e9rett alma. K\u00f3stolva k\u00f6nnyed \u00e9s feszes szerkezet\u0171, van m\u00e9lys\u00e9ge is a kortynak, az \u00edzk\u00e9pben izgalmas z\u00f6ldf\u0171szerek, \u00e1nizs \u00e9s zs\u00e1lya, m\u00f6g\u00f6tte feh\u00e9r h\u00fas\u00fa gy\u00fcm\u00f6lcs\u00f6k, alma \u00e9s k\u00f6rte, kev\u00e9s \u0151szibarack.<\/p>\n<p class=\"excerpt\">A k\u00f6rnyezettudatos fiatalok egyik kedvelt bora!<\/p>\n","protected":false},"featured_media":1164,"template":"","meta":{"_monsterinsights_skip_tracking":false,"_monsterinsights_sitenote_active":false,"_monsterinsights_sitenote_note":"","_monsterinsights_sitenote_category":0},"product_brand":[],"product_cat":[21],"product_tag":[],"class_list":{"0":"post-708","1":"product","2":"type-product","3":"status-publish","4":"has-post-thumbnail","6":"product_cat-feherborok","8":"first","9":"instock","10":"taxable","11":"shipping-taxable","12":"purchasable","13":"product-type-simple"},"_links":{"self":[{"href":"https:\/\/harspinceszet.hu\/boraszat\/wp-json\/wp\/v2\/product\/708","targetHints":{"allow":["GET"]}}],"collection":[{"href":"https:\/\/harspinceszet.hu\/boraszat\/wp-json\/wp\/v2\/product"}],"about":[{"href":"https:\/\/harspinceszet.hu\/boraszat\/wp-json\/wp\/v2\/types\/product"}],"wp:featuredmedia":[{"embeddable":true,"href":"https:\/\/harspinceszet.hu\/boraszat\/wp-json\/wp\/v2\/media\/1164"}],"wp:attachment":[{"href":"https:\/\/harspinceszet.hu\/boraszat\/wp-json\/wp\/v2\/media?parent=708"}],"wp:term":[{"taxonomy":"product_brand","embeddable":true,"href":"https:\/\/harspinceszet.hu\/boraszat\/wp-json\/wp\/v2\/product_brand?post=708"},{"taxonomy":"product_cat","embeddable":true,"href":"https:\/\/harspinceszet.hu\/boraszat\/wp-json\/wp\/v2\/product_cat?post=708"},{"taxonomy":"product_tag","embeddable":true,"href":"https:\/\/harspinceszet.hu\/boraszat\/wp-json\/wp\/v2\/product_tag?post=708"}],"curies":[{"name":"wp","href":"https:\/\/api.w.org\/{rel}","templated":true}]}}