{"id":738,"date":"2020-08-27T08:29:56","date_gmt":"2020-08-27T08:29:56","guid":{"rendered":"https:\/\/harspinceszet.hu\/boraszat\/?post_type=product&#038;p=738"},"modified":"2024-11-19T11:17:30","modified_gmt":"2024-11-19T11:17:30","slug":"feher-must-3l","status":"publish","type":"product","link":"https:\/\/harspinceszet.hu\/boraszat\/termek\/feher-must-3l\/","title":{"rendered":"Feh\u00e9r must 5L"},"content":{"rendered":"<p>Paszt\u0151r\u00f6z\u00e9ssel tart\u00f3s\u00edtott 100% sz\u0151l\u0151l\u00e9 (must), alkoholmentes. Semmilyen hozz\u00e1adott anyagot nem tartalmaz! 5 literes Bag in box kiszerel\u00e9sben kaphat\u00f3.<\/p>\n","protected":false},"excerpt":{"rendered":"<p class=\"excerpt\">Sz\u0171rt, paszt\u0151r\u00f6z\u00e9ssel tart\u00f3s\u00edtott 100% sz\u0151l\u0151l\u00e9 (must), alkoholmentes. Semmilyen hozz\u00e1adott anyagot nem tartalmaz!\u00a0 5 literes Bag in box kiszerel\u00e9sben kaphat\u00f3.<\/p>\n<p class=\"excerpt\">2024-es<\/p>\n","protected":false},"featured_media":1061,"template":"","meta":{"_monsterinsights_skip_tracking":false,"_monsterinsights_sitenote_active":false,"_monsterinsights_sitenote_note":"","_monsterinsights_sitenote_category":0},"product_brand":[],"product_cat":[24],"product_tag":[],"class_list":{"0":"post-738","1":"product","2":"type-product","3":"status-publish","4":"has-post-thumbnail","6":"product_cat-mustok","8":"first","9":"outofstock","10":"taxable","11":"shipping-taxable","12":"purchasable","13":"product-type-simple"},"_links":{"self":[{"href":"https:\/\/harspinceszet.hu\/boraszat\/wp-json\/wp\/v2\/product\/738","targetHints":{"allow":["GET"]}}],"collection":[{"href":"https:\/\/harspinceszet.hu\/boraszat\/wp-json\/wp\/v2\/product"}],"about":[{"href":"https:\/\/harspinceszet.hu\/boraszat\/wp-json\/wp\/v2\/types\/product"}],"wp:featuredmedia":[{"embeddable":true,"href":"https:\/\/harspinceszet.hu\/boraszat\/wp-json\/wp\/v2\/media\/1061"}],"wp:attachment":[{"href":"https:\/\/harspinceszet.hu\/boraszat\/wp-json\/wp\/v2\/media?parent=738"}],"wp:term":[{"taxonomy":"product_brand","embeddable":true,"href":"https:\/\/harspinceszet.hu\/boraszat\/wp-json\/wp\/v2\/product_brand?post=738"},{"taxonomy":"product_cat","embeddable":true,"href":"https:\/\/harspinceszet.hu\/boraszat\/wp-json\/wp\/v2\/product_cat?post=738"},{"taxonomy":"product_tag","embeddable":true,"href":"https:\/\/harspinceszet.hu\/boraszat\/wp-json\/wp\/v2\/product_tag?post=738"}],"curies":[{"name":"wp","href":"https:\/\/api.w.org\/{rel}","templated":true}]}}